{"id":5079,"date":"2022-11-19T19:37:17","date_gmt":"2022-11-19T18:37:17","guid":{"rendered":"https:\/\/pupstersocks.com\/?post_type=product&#038;p=5079"},"modified":"2026-03-04T01:39:17","modified_gmt":"2026-03-04T00:39:17","slug":"sosete-cu-fata-ta-1-kid","status":"publish","type":"product","link":"https:\/\/pupstersocks.com\/ro\/produs\/sosete-cu-fata-ta-1-kid\/","title":{"rendered":"\u0218osete cu chipul t\u0103u \u2013 #1 Kid"},"content":{"rendered":"<div class=\"translation-block\">\n<p><strong>Skarpetki personalizowane z Twoj\u0105 twarz\u0105 \u2013 #1 Kid \u2013 wyj\u0105tkowy prezent dla dziecka na ka\u017cd\u0105 okazj\u0119!<\/strong><\/p>\n<p>Szukasz oryginalnego prezentu, kt\u00f3ry poka\u017ce, jak wyj\u0105tkowe jest Twoje dziecko? <strong>Skarpetki personalizowane z Twoj\u0105 twarz\u0105 \u2013 #1 Kid<\/strong> to \u015bwietny spos\u00f3b, aby sprawi\u0107 rado\u015b\u0107 najm\u0142odszym i wyr\u00f3\u017cni\u0107 ich na tle r\u00f3wie\u015bnik\u00f3w. Co wi\u0119cej, to doskona\u0142y pomys\u0142 na upominek, kt\u00f3ry \u0142\u0105czy funkcjonalno\u015b\u0107 z kreatywno\u015bci\u0105.<\/p>\n<h3><strong>Dlaczego warto wybra\u0107 nasze personalizowane skarpetki?<\/strong><\/h3>\n<p>Te skarpetki s\u0105 nie tylko praktyczne, ale r\u00f3wnie\u017c wyj\u0105tkowe dzi\u0119ki mo\u017cliwo\u015bci personalizacji. Dlatego \u015bwietnie nadaj\u0105 si\u0119 na prezent, kt\u00f3ry wywo\u0142a u\u015bmiech na twarzy ka\u017cdego dziecka.<\/p>\n<h4><strong>Wygoda i unikalny styl<\/strong><\/h4>\n<ul>\n<li>Wykonane z trwa\u0142ych oraz mi\u0119kkich materia\u0142\u00f3w, kt\u00f3re zapewniaj\u0105 komfort nawet podczas intensywnych zabaw.<\/li>\n<li>Nadruk &#8222;#1 Kid&#8221; w po\u0142\u0105czeniu z Twoj\u0105 twarz\u0105 lub zdj\u0119ciem dziecka sprawia, \u017ce s\u0105 jedyne w swoim rodzaju.<\/li>\n<li>To doskona\u0142y pomys\u0142 na prezent na urodziny, Dzie\u0144 Dziecka lub inne wyj\u0105tkowe okazje, poniewa\u017c pokazuje, jak bardzo dziecko jest dla Ciebie wa\u017cne.<\/li>\n<\/ul>\n<h3><strong>Jak zam\u00f3wi\u0107 skarpetki #1 Kid?<\/strong><\/h3>\n<ol>\n<li>Wybierz odpowiedni rozmiar, kolor oraz wz\u00f3r &#8222;#1 Kid&#8221;.<\/li>\n<li>Prze\u015blij swoje zdj\u0119cie lub zdj\u0119cie dziecka do personalizacji.<\/li>\n<li>Poczekaj na skarpetki, kt\u00f3re dostarczymy prosto do Twojego domu.<\/li>\n<\/ol>\n<p>Proces zamawiania jest szybki i prosty, dlatego mo\u017cesz stworzy\u0107 prezent, kt\u00f3ry zaskoczy ka\u017cdego malucha. Co wi\u0119cej, ka\u017cda para skarpetek jest przygotowywana z dba\u0142o\u015bci\u0105 o detale, poniewa\u017c zale\u017cy nam na Twojej satysfakcji. Je\u015bli masz pytania, z przyjemno\u015bci\u0105 na nie odpowiemy!<\/p>\n<h3><strong>Dodatkowe informacje<\/strong><\/h3>\n<ul>\n<li><strong>Czas realizacji zam\u00f3wienia:<\/strong> nast\u0119pny dzie\u0144 roboczy, dzi\u0119ki czemu Twoja przesy\u0142ka dotrze na czas.<\/li>\n<li><strong>Rozmiary:<\/strong> Od dzieci\u0119cych po m\u0142odzie\u017cowe, a wi\u0119c b\u0119d\u0105 pasowa\u0107 na ka\u017cd\u0105 stop\u0119.<\/li>\n<li><strong>Wysy\u0142ka:<\/strong> Na terenie Polski oraz za granic\u0119 \u2013 pe\u0142na lista dost\u0119pnych kraj\u00f3w znajduje si\u0119 w sekcji <a href=\"https:\/\/pupstersocks.com\/ro\/faq\/\">FAQ<\/a>.<\/li>\n<\/ul>\n<h3><strong>Zam\u00f3w ju\u017c dzi\u015b i poka\u017c dziecku, \u017ce jest #1!<\/strong><\/h3>\n<p>Nie czekaj \u2013 zam\u00f3w <strong>skarpetki personalizowane z Twoj\u0105 twarz\u0105 \u2013 #1 Kid<\/strong> ju\u017c dzi\u015b i podaruj dziecku prezent, kt\u00f3ry jest zar\u00f3wno wyj\u0105tkowy, jak i praktyczny. To doskona\u0142y spos\u00f3b, aby wywo\u0142a\u0107 rado\u015b\u0107 na twarzy malucha oraz uczci\u0107 ka\u017cd\u0105 okazj\u0119 w oryginalny spos\u00f3b.<\/p>\n<\/div>","protected":false},"excerpt":{"rendered":"<p>\u0218osete personalizate cu fa\u021ba ta sau o fotografie a copilului t\u0103u \u0219i textul \u201e#1 Copil\u201d! Cadoul perfect pentru Ziua Copilului, un aniversar sau alte ocazii. Alege modelul, culoarea \u0219i m\u0103rimea \u2013 noi ne ocup\u0103m de restul.<\/p>","protected":false},"featured_media":15146,"template":"","meta":[],"product_brand":[],"product_cat":[49],"product_tag":[],"class_list":{"0":"post-5079","1":"product","2":"type-product","3":"status-publish","4":"has-post-thumbnail","6":"product_cat-ludzie","8":"first","9":"instock","10":"shipping-taxable","11":"purchasable","12":"product-type-simple"},"yoast_head":"<!-- This site is optimized with the Yoast SEO Premium plugin v26.2 (Yoast SEO v27.3) - https:\/\/yoast.com\/product\/yoast-seo-premium-wordpress\/ -->\n<title>Skarpetki personalizowane z Twoj\u0105 twarz\u0105 \u2013 #1 Kid - PupsterSocks<\/title>\n<meta name=\"description\" content=\"Zam\u00f3w skarpetki personalizowane z Twoj\u0105 twarz\u0105 \u2013 #1 Kid \u2013 idealny prezent na urodziny, Dzie\u0144 Dziecka lub inne okazje. Wybierz wz\u00f3r i stw\u00f3rz co\u015b wyj\u0105tkowego!\" \/>\n<meta name=\"robots\" content=\"index, follow, max-snippet:-1, max-image-preview:large, max-video-preview:-1\" \/>\n<link rel=\"canonical\" href=\"https:\/\/pupstersocks.com\/ro\/produs\/sosete-cu-fata-ta-1-kid\/\" \/>\n<meta property=\"og:locale\" content=\"ro_RO\" \/>\n<meta property=\"og:type\" content=\"article\" \/>\n<meta property=\"og:title\" content=\"Skarpetki z Twoj\u0105 twarz\u0105 - #1 Kid\" \/>\n<meta property=\"og:description\" content=\"Zam\u00f3w skarpetki personalizowane z Twoj\u0105 twarz\u0105 \u2013 #1 Kid \u2013 idealny prezent na urodziny, Dzie\u0144 Dziecka lub inne okazje. Wybierz wz\u00f3r i stw\u00f3rz co\u015b wyj\u0105tkowego!\" \/>\n<meta property=\"og:url\" content=\"https:\/\/pupstersocks.com\/ro\/produs\/sosete-cu-fata-ta-1-kid\/\" \/>\n<meta property=\"og:site_name\" content=\"Pupstersocks | Personalizowane skarpetki z Twoim pupilem\" \/>\n<meta property=\"article:publisher\" content=\"https:\/\/www.facebook.com\/pupstersocks\" \/>\n<meta property=\"article:modified_time\" content=\"2026-03-04T00:39:17+00:00\" \/>\n<meta property=\"og:image\" content=\"https:\/\/pupstersocks.com\/wp-content\/uploads\/2022\/11\/mp14-scaled.webp\" \/>\n\t<meta property=\"og:image:width\" content=\"2560\" \/>\n\t<meta property=\"og:image:height\" content=\"2560\" \/>\n\t<meta property=\"og:image:type\" content=\"image\/webp\" \/>\n<meta name=\"twitter:card\" content=\"summary_large_image\" \/>\n<meta name=\"twitter:label1\" content=\"Pre\u021b\" \/>\n\t<meta name=\"twitter:data1\" content=\"21.99&nbsp;$\" \/>\n\t<meta name=\"twitter:label2\" content=\"Disponibilitate\" \/>\n\t<meta name=\"twitter:data2\" content=\"\u00cen stoc\" \/>\n<script type=\"application\/ld+json\" class=\"yoast-schema-graph\">{\"@context\":\"https:\\\/\\\/schema.org\",\"@graph\":[{\"@type\":\"WebPage\",\"@id\":\"https:\\\/\\\/pupstersocks.com\\\/produkt\\\/skarpetki-z-twoja-twarza-1-kid\\\/\",\"url\":\"https:\\\/\\\/pupstersocks.com\\\/produkt\\\/skarpetki-z-twoja-twarza-1-kid\\\/\",\"name\":\"Skarpetki personalizowane z Twoj\u0105 twarz\u0105 \u2013 #1 Kid - PupsterSocks\",\"isPartOf\":{\"@id\":\"https:\\\/\\\/pupstersocks.com\\\/#website\"},\"primaryImageOfPage\":{\"@id\":\"https:\\\/\\\/pupstersocks.com\\\/produkt\\\/skarpetki-z-twoja-twarza-1-kid\\\/#primaryimage\"},\"image\":{\"@id\":\"https:\\\/\\\/pupstersocks.com\\\/produkt\\\/skarpetki-z-twoja-twarza-1-kid\\\/#primaryimage\"},\"thumbnailUrl\":\"https:\\\/\\\/pupstersocks.com\\\/wp-content\\\/uploads\\\/2022\\\/11\\\/mp14-scaled.webp\",\"datePublished\":\"2022-11-19T18:37:17+00:00\",\"dateModified\":\"2026-03-04T00:39:17+00:00\",\"description\":\"Zam\u00f3w skarpetki personalizowane z Twoj\u0105 twarz\u0105 \u2013 #1 Kid \u2013 idealny prezent na urodziny, Dzie\u0144 Dziecka lub inne okazje. Wybierz wz\u00f3r i stw\u00f3rz co\u015b wyj\u0105tkowego!\",\"breadcrumb\":{\"@id\":\"https:\\\/\\\/pupstersocks.com\\\/produkt\\\/skarpetki-z-twoja-twarza-1-kid\\\/#breadcrumb\"},\"inLanguage\":\"ro-RO\",\"potentialAction\":[{\"@type\":\"ReadAction\",\"target\":[\"https:\\\/\\\/pupstersocks.com\\\/produkt\\\/skarpetki-z-twoja-twarza-1-kid\\\/\"]}]},{\"@type\":\"ImageObject\",\"inLanguage\":\"ro-RO\",\"@id\":\"https:\\\/\\\/pupstersocks.com\\\/produkt\\\/skarpetki-z-twoja-twarza-1-kid\\\/#primaryimage\",\"url\":\"https:\\\/\\\/pupstersocks.com\\\/wp-content\\\/uploads\\\/2022\\\/11\\\/mp14-scaled.webp\",\"contentUrl\":\"https:\\\/\\\/pupstersocks.com\\\/wp-content\\\/uploads\\\/2022\\\/11\\\/mp14-scaled.webp\",\"width\":2560,\"height\":2560},{\"@type\":\"BreadcrumbList\",\"@id\":\"https:\\\/\\\/pupstersocks.com\\\/produkt\\\/skarpetki-z-twoja-twarza-1-kid\\\/#breadcrumb\",\"itemListElement\":[{\"@type\":\"ListItem\",\"position\":1,\"name\":\"Strona g\u0142\u00f3wna\",\"item\":\"https:\\\/\\\/pupstersocks.com\\\/\"},{\"@type\":\"ListItem\",\"position\":2,\"name\":\"Produkty\",\"item\":\"https:\\\/\\\/pupstersocks.com\\\/shop\\\/\"},{\"@type\":\"ListItem\",\"position\":3,\"name\":\"Skarpetki z Twoj\u0105 twarz\u0105 &#8211; #1 Kid\"}]},{\"@type\":\"WebSite\",\"@id\":\"https:\\\/\\\/pupstersocks.com\\\/#website\",\"url\":\"https:\\\/\\\/pupstersocks.com\\\/\",\"name\":\"Pupstersocks\",\"description\":\"Skarpetki personalizowane z Twoim nadrukiem!\",\"publisher\":{\"@id\":\"https:\\\/\\\/pupstersocks.com\\\/#organization\"},\"potentialAction\":[{\"@type\":\"SearchAction\",\"target\":{\"@type\":\"EntryPoint\",\"urlTemplate\":\"https:\\\/\\\/pupstersocks.com\\\/?s={search_term_string}\"},\"query-input\":{\"@type\":\"PropertyValueSpecification\",\"valueRequired\":true,\"valueName\":\"search_term_string\"}}],\"inLanguage\":\"ro-RO\"},{\"@type\":\"Organization\",\"@id\":\"https:\\\/\\\/pupstersocks.com\\\/#organization\",\"name\":\"Pupstersocks - Skarpetki personalizowane z Twoim nadrukiem!\",\"url\":\"https:\\\/\\\/pupstersocks.com\\\/\",\"logo\":{\"@type\":\"ImageObject\",\"inLanguage\":\"ro-RO\",\"@id\":\"https:\\\/\\\/pupstersocks.com\\\/#\\\/schema\\\/logo\\\/image\\\/\",\"url\":\"https:\\\/\\\/pupstersocks.com\\\/wp-content\\\/uploads\\\/2022\\\/06\\\/cropped-favicon_obszar-roboczy-1.png\",\"contentUrl\":\"https:\\\/\\\/pupstersocks.com\\\/wp-content\\\/uploads\\\/2022\\\/06\\\/cropped-favicon_obszar-roboczy-1.png\",\"width\":512,\"height\":512,\"caption\":\"Pupstersocks - Skarpetki personalizowane z Twoim nadrukiem!\"},\"image\":{\"@id\":\"https:\\\/\\\/pupstersocks.com\\\/#\\\/schema\\\/logo\\\/image\\\/\"},\"sameAs\":[\"https:\\\/\\\/www.facebook.com\\\/pupstersocks\",\"https:\\\/\\\/www.instagram.com\\\/pupstersocks\\\/\"]}]}<\/script>\n<meta property=\"product:price:amount\" content=\"21.99\" \/>\n<meta property=\"product:price:currency\" content=\"PLN\" \/>\n<meta property=\"og:availability\" content=\"instock\" \/>\n<meta property=\"product:availability\" content=\"instock\" \/>\n<meta property=\"product:retailer_item_id\" content=\"PS-17\" \/>\n<meta property=\"product:condition\" content=\"new\" \/>\n<!-- \/ Yoast SEO Premium plugin. -->","yoast_head_json":{"title":"\u0218osete personalizate cu fa\u021ba ta \u2013 #1 Copil - PupsterSocks","description":"Comanda\u021bi \u0219osete personalizate cu fa\u021ba ta \u2013 #1 Copil \u2013 cadoul perfect pentru zile de na\u0219tere, Ziua Copilului sau alte ocazii. Alege\u021bi un model \u0219i crea\u021bi ceva special!","robots":{"index":"index","follow":"follow","max-snippet":"max-snippet:-1","max-image-preview":"max-image-preview:large","max-video-preview":"max-video-preview:-1"},"canonical":"https:\/\/pupstersocks.com\/ro\/produs\/sosete-cu-fata-ta-1-kid\/","og_locale":"ro_RO","og_type":"article","og_title":"Skarpetki z Twoj\u0105 twarz\u0105 - #1 Kid","og_description":"Zam\u00f3w skarpetki personalizowane z Twoj\u0105 twarz\u0105 \u2013 #1 Kid \u2013 idealny prezent na urodziny, Dzie\u0144 Dziecka lub inne okazje. Wybierz wz\u00f3r i stw\u00f3rz co\u015b wyj\u0105tkowego!","og_url":"https:\/\/pupstersocks.com\/ro\/produs\/sosete-cu-fata-ta-1-kid\/","og_site_name":"Pupstersocks | Personalizowane skarpetki z Twoim pupilem","article_publisher":"https:\/\/www.facebook.com\/pupstersocks","article_modified_time":"2026-03-04T00:39:17+00:00","og_image":[{"width":2560,"height":2560,"url":"https:\/\/pupstersocks.com\/wp-content\/uploads\/2022\/11\/mp14-scaled.webp","type":"image\/webp"}],"twitter_card":"summary_large_image","twitter_misc":{"Pre\u021b":"21.99&nbsp;$","Disponibilitate":"\u00cen stoc"},"schema":{"@context":"https:\/\/schema.org","@graph":[{"@type":"WebPage","@id":"https:\/\/pupstersocks.com\/produkt\/skarpetki-z-twoja-twarza-1-kid\/","url":"https:\/\/pupstersocks.com\/produkt\/skarpetki-z-twoja-twarza-1-kid\/","name":"\u0218osete personalizate cu fa\u021ba ta \u2013 #1 Copil - PupsterSocks","isPartOf":{"@id":"https:\/\/pupstersocks.com\/#website"},"primaryImageOfPage":{"@id":"https:\/\/pupstersocks.com\/produkt\/skarpetki-z-twoja-twarza-1-kid\/#primaryimage"},"image":{"@id":"https:\/\/pupstersocks.com\/produkt\/skarpetki-z-twoja-twarza-1-kid\/#primaryimage"},"thumbnailUrl":"https:\/\/pupstersocks.com\/wp-content\/uploads\/2022\/11\/mp14-scaled.webp","datePublished":"2022-11-19T18:37:17+00:00","dateModified":"2026-03-04T00:39:17+00:00","description":"Comanda\u021bi \u0219osete personalizate cu fa\u021ba ta \u2013 #1 Copil \u2013 cadoul perfect pentru zile de na\u0219tere, Ziua Copilului sau alte ocazii. Alege\u021bi un model \u0219i crea\u021bi ceva special!","breadcrumb":{"@id":"https:\/\/pupstersocks.com\/produkt\/skarpetki-z-twoja-twarza-1-kid\/#breadcrumb"},"inLanguage":"ro-RO","potentialAction":[{"@type":"ReadAction","target":["https:\/\/pupstersocks.com\/produkt\/skarpetki-z-twoja-twarza-1-kid\/"]}]},{"@type":"ImageObject","inLanguage":"ro-RO","@id":"https:\/\/pupstersocks.com\/produkt\/skarpetki-z-twoja-twarza-1-kid\/#primaryimage","url":"https:\/\/pupstersocks.com\/wp-content\/uploads\/2022\/11\/mp14-scaled.webp","contentUrl":"https:\/\/pupstersocks.com\/wp-content\/uploads\/2022\/11\/mp14-scaled.webp","width":2560,"height":2560},{"@type":"BreadcrumbList","@id":"https:\/\/pupstersocks.com\/produkt\/skarpetki-z-twoja-twarza-1-kid\/#breadcrumb","itemListElement":[{"@type":"ListItem","position":1,"name":"Strona g\u0142\u00f3wna","item":"https:\/\/pupstersocks.com\/"},{"@type":"ListItem","position":2,"name":"Produkty","item":"https:\/\/pupstersocks.com\/shop\/"},{"@type":"ListItem","position":3,"name":"Skarpetki z Twoj\u0105 twarz\u0105 &#8211; #1 Kid"}]},{"@type":"WebSite","@id":"https:\/\/pupstersocks.com\/#website","url":"https:\/\/pupstersocks.com\/","name":"Pupstersocks","description":"\u0218osete personalizate cu imprimarea ta!","publisher":{"@id":"https:\/\/pupstersocks.com\/#organization"},"potentialAction":[{"@type":"SearchAction","target":{"@type":"EntryPoint","urlTemplate":"https:\/\/pupstersocks.com\/?s={search_term_string}"},"query-input":{"@type":"PropertyValueSpecification","valueRequired":true,"valueName":"search_term_string"}}],"inLanguage":"ro-RO"},{"@type":"Organization","@id":"https:\/\/pupstersocks.com\/#organization","name":"Pupstersocks - \u0218osete personalizate cu imprimarea ta!","url":"https:\/\/pupstersocks.com\/","logo":{"@type":"ImageObject","inLanguage":"ro-RO","@id":"https:\/\/pupstersocks.com\/#\/schema\/logo\/image\/","url":"https:\/\/pupstersocks.com\/wp-content\/uploads\/2022\/06\/cropped-favicon_obszar-roboczy-1.png","contentUrl":"https:\/\/pupstersocks.com\/wp-content\/uploads\/2022\/06\/cropped-favicon_obszar-roboczy-1.png","width":512,"height":512,"caption":"Pupstersocks - Skarpetki personalizowane z Twoim nadrukiem!"},"image":{"@id":"https:\/\/pupstersocks.com\/#\/schema\/logo\/image\/"},"sameAs":["https:\/\/www.facebook.com\/pupstersocks","https:\/\/www.instagram.com\/pupstersocks\/"]}]},"product_price_amount":"21.99","product_price_currency":"PLN","og_availability":"instock","product_availability":"instock","product_retailer_item_id":"PS-17","product_condition":"new"},"_links":{"self":[{"href":"https:\/\/pupstersocks.com\/ro\/wp-json\/wp\/v2\/product\/5079","targetHints":{"allow":["GET"]}}],"collection":[{"href":"https:\/\/pupstersocks.com\/ro\/wp-json\/wp\/v2\/product"}],"about":[{"href":"https:\/\/pupstersocks.com\/ro\/wp-json\/wp\/v2\/types\/product"}],"version-history":[{"count":1,"href":"https:\/\/pupstersocks.com\/ro\/wp-json\/wp\/v2\/product\/5079\/revisions"}],"predecessor-version":[{"id":15147,"href":"https:\/\/pupstersocks.com\/ro\/wp-json\/wp\/v2\/product\/5079\/revisions\/15147"}],"wp:featuredmedia":[{"embeddable":true,"href":"https:\/\/pupstersocks.com\/ro\/wp-json\/wp\/v2\/media\/15146"}],"wp:attachment":[{"href":"https:\/\/pupstersocks.com\/ro\/wp-json\/wp\/v2\/media?parent=5079"}],"wp:term":[{"taxonomy":"product_brand","embeddable":true,"href":"https:\/\/pupstersocks.com\/ro\/wp-json\/wp\/v2\/product_brand?post=5079"},{"taxonomy":"product_cat","embeddable":true,"href":"https:\/\/pupstersocks.com\/ro\/wp-json\/wp\/v2\/product_cat?post=5079"},{"taxonomy":"product_tag","embeddable":true,"href":"https:\/\/pupstersocks.com\/ro\/wp-json\/wp\/v2\/product_tag?post=5079"}],"curies":[{"name":"wp","href":"https:\/\/api.w.org\/{rel}","templated":true}]}}