{"id":5097,"date":"2022-11-19T19:44:24","date_gmt":"2022-11-19T18:44:24","guid":{"rendered":"https:\/\/pupstersocks.com\/?post_type=product&#038;p=5097"},"modified":"2026-03-04T01:39:16","modified_gmt":"2026-03-04T00:39:16","slug":"meias-com-o-teu-rosto-1-mom","status":"publish","type":"product","link":"https:\/\/pupstersocks.com\/pt\/produto\/meias-com-o-teu-rosto-1-mom\/","title":{"rendered":"Meias com o seu rosto \u2013 #1 Mom"},"content":{"rendered":"<div class=\"translation-block\">\n<p><strong>Skarpetki personalizowane z Twoj\u0105 twarz\u0105 \u2013 #1 Mom \u2013 wyj\u0105tkowy prezent na Dzie\u0144 Matki i inne szczeg\u00f3lne okazje!<\/strong><\/p>\n<p>Chcesz podarowa\u0107 swojej mamie co\u015b naprawd\u0119 wyj\u0105tkowego? <strong>Skarpetki personalizowane z Twoj\u0105 twarz\u0105 \u2013 #1 Mom<\/strong> to doskona\u0142y spos\u00f3b, aby pokaza\u0107, jak bardzo j\u0105 cenisz. Dzi\u0119ki napisowi &#8222;#1 Mom&#8221; oraz mo\u017cliwo\u015bci pe\u0142nej personalizacji, te skarpetki s\u0105 pi\u0119kne, praktyczne, a tak\u017ce pe\u0142ne emocji, kt\u00f3re podkre\u015bl\u0105, jak wyj\u0105tkowa jest Twoja mama.<\/p>\n<h3><strong>Dlaczego warto wybra\u0107 nasze personalizowane skarpetki?<\/strong><\/h3>\n<p>Nasze skarpetki to po\u0142\u0105czenie stylu, komfortu i oryginalno\u015bci, kt\u00f3re sprawdz\u0105 si\u0119 na ka\u017cd\u0105 okazj\u0119. Co wi\u0119cej, ich jako\u015b\u0107 sprawia, \u017ce s\u0105 nie tylko pi\u0119kne, ale r\u00f3wnie\u017c trwa\u0142e.<\/p>\n<h4><strong>Wyj\u0105tkowy design i wygoda<\/strong><\/h4>\n<ul>\n<li>Wykonane z mi\u0119kkich oraz trwa\u0142ych materia\u0142\u00f3w, kt\u00f3re s\u0105 przyjemne w dotyku i zapewniaj\u0105 wygod\u0119 ka\u017cdego dnia.<\/li>\n<li>Personalizowany nadruk z Twoj\u0105 twarz\u0105 lub zdj\u0119ciem pupila, w po\u0142\u0105czeniu z napisem &#8222;#1 Mom&#8221;, sprawia, \u017ce skarpetki s\u0105 naprawd\u0119 niepowtarzalne.<\/li>\n<li>To doskona\u0142y prezent na Dzie\u0144 Matki, urodziny, imieniny, a tak\u017ce na inne wa\u017cne okazje, poniewa\u017c poka\u017ce, jak bardzo doceniasz swoj\u0105 mam\u0119.<\/li>\n<\/ul>\n<h3><strong>Jak zam\u00f3wi\u0107 nasze skarpetki #1 Mom?<\/strong><\/h3>\n<ol>\n<li>Wybierz odpowiedni rozmiar, kolor oraz wz\u00f3r &#8222;#1 Mom&#8221;.<\/li>\n<li>Prze\u015blij zdj\u0119cie \u2013 Twojej twarzy lub pupila \u2013 do personalizacji.<\/li>\n<li>Poczekaj na wyj\u0105tkowe skarpetki, kt\u00f3re dostarczymy prosto do Twojego domu.<\/li>\n<\/ol>\n<p>Proces zamawiania jest szybki i prosty. Co wi\u0119cej, ka\u017cda para skarpetek jest przygotowywana z najwi\u0119ksz\u0105 staranno\u015bci\u0105, poniewa\u017c zale\u017cy nam na Twojej satysfakcji. Je\u015bli masz pytania, z przyjemno\u015bci\u0105 na nie odpowiemy!<\/p>\n<h3><strong>Dodatkowe informacje<\/strong><\/h3>\n<ul>\n<li><strong>Czas realizacji zam\u00f3wienia:<\/strong> nast\u0119pny dzie\u0144 roboczy, dzi\u0119ki czemu Tw\u00f3j prezent dotrze na czas.<\/li>\n<li><strong>Rozmiary:<\/strong> Od 35 do 45, a wi\u0119c b\u0119d\u0105 pasowa\u0107 na ka\u017cd\u0105 stop\u0119.<\/li>\n<li><strong>Wysy\u0142ka:<\/strong> Na terenie Polski oraz za granic\u0119 \u2013 pe\u0142na lista dost\u0119pnych kraj\u00f3w znajduje si\u0119 w sekcji FAQ.<\/li>\n<\/ul>\n<h3><strong>Zam\u00f3w ju\u017c dzi\u015b i poka\u017c swojej mamie, \u017ce jest najlepsza!<\/strong><\/h3>\n<p>Nie czekaj \u2013 zam\u00f3w <strong>skarpetki personalizowane z Twoj\u0105 twarz\u0105 \u2013 #1 Mom<\/strong> ju\u017c dzi\u015b i podaruj swojej mamie prezent, kt\u00f3ry wyr\u00f3\u017cnia si\u0119 stylem oraz wyj\u0105tkowo\u015bci\u0105. To doskona\u0142y spos\u00f3b, aby wyrazi\u0107 swoje uczucia i sprawi\u0107 jej rado\u015b\u0107 w oryginalny spos\u00f3b, poniewa\u017c ka\u017cda okazja jest dobra, by pokaza\u0107, jak bardzo j\u0105 kochasz.<\/p>\n<\/div>","protected":false},"excerpt":{"rendered":"<p><strong>Meias personalizadas com o seu rosto ou a foto do seu animal de estima\u00e7\u00e3o e a inscri\u00e7\u00e3o \u201c#1 Mom\u201d! O presente perfeito para o Dia da M\u00e3e, anivers\u00e1rios ou onom\u00e1sticos. Escolha o padr\u00e3o, a cor e o tamanho \u2013 n\u00f3s cuidamos do resto.<\/strong><\/p>","protected":false},"featured_media":15140,"template":"","meta":[],"product_brand":[],"product_cat":[49],"product_tag":[],"class_list":{"0":"post-5097","1":"product","2":"type-product","3":"status-publish","4":"has-post-thumbnail","6":"product_cat-ludzie","8":"first","9":"instock","10":"shipping-taxable","11":"purchasable","12":"product-type-simple"},"yoast_head":"<!-- This site is optimized with the Yoast SEO Premium plugin v26.2 (Yoast SEO v27.3) - https:\/\/yoast.com\/product\/yoast-seo-premium-wordpress\/ -->\n<title>Skarpetki personalizowane z Twoj\u0105 twarz\u0105 \u2013 #1 Mom - Pupster<\/title>\n<meta name=\"description\" content=\"Zam\u00f3w skarpetki personalizowane z Twoj\u0105 twarz\u0105 \u2013 #1 Mom \u2013 idealny prezent na Dzie\u0144 Matki, urodziny lub imieniny. Wyra\u017a swoje uczucia wyj\u0105tkowym upominkiem!\" \/>\n<meta name=\"robots\" content=\"index, follow, max-snippet:-1, max-image-preview:large, max-video-preview:-1\" \/>\n<link rel=\"canonical\" href=\"https:\/\/pupstersocks.com\/pt\/produto\/meias-com-o-teu-rosto-1-mom\/\" \/>\n<meta property=\"og:locale\" content=\"pt_PT\" \/>\n<meta property=\"og:type\" content=\"article\" \/>\n<meta property=\"og:title\" content=\"Skarpetki z Twoj\u0105 twarz\u0105 - #1 Mom\" \/>\n<meta property=\"og:description\" content=\"Zam\u00f3w skarpetki personalizowane z Twoj\u0105 twarz\u0105 \u2013 #1 Mom \u2013 idealny prezent na Dzie\u0144 Matki, urodziny lub imieniny. Wyra\u017a swoje uczucia wyj\u0105tkowym upominkiem!\" \/>\n<meta property=\"og:url\" content=\"https:\/\/pupstersocks.com\/pt\/produto\/meias-com-o-teu-rosto-1-mom\/\" \/>\n<meta property=\"og:site_name\" content=\"Pupstersocks | Personalizowane skarpetki z Twoim pupilem\" \/>\n<meta property=\"article:publisher\" content=\"https:\/\/www.facebook.com\/pupstersocks\" \/>\n<meta property=\"article:modified_time\" content=\"2026-03-04T00:39:16+00:00\" \/>\n<meta property=\"og:image\" content=\"https:\/\/pupstersocks.com\/wp-content\/uploads\/2022\/11\/mp15-scaled.webp\" \/>\n\t<meta property=\"og:image:width\" content=\"2560\" \/>\n\t<meta property=\"og:image:height\" content=\"2560\" \/>\n\t<meta property=\"og:image:type\" content=\"image\/webp\" \/>\n<meta name=\"twitter:card\" content=\"summary_large_image\" \/>\n<meta name=\"twitter:label1\" content=\"pre\u00e7o\" \/>\n\t<meta name=\"twitter:data1\" content=\"21.99&nbsp;$\" \/>\n\t<meta name=\"twitter:label2\" content=\"Disponibilidade\" \/>\n\t<meta name=\"twitter:data2\" content=\"Em stock\" \/>\n<script type=\"application\/ld+json\" class=\"yoast-schema-graph\">{\"@context\":\"https:\\\/\\\/schema.org\",\"@graph\":[{\"@type\":\"WebPage\",\"@id\":\"https:\\\/\\\/pupstersocks.com\\\/produkt\\\/skarpetki-z-twoja-twarza-1-mom\\\/\",\"url\":\"https:\\\/\\\/pupstersocks.com\\\/produkt\\\/skarpetki-z-twoja-twarza-1-mom\\\/\",\"name\":\"Skarpetki personalizowane z Twoj\u0105 twarz\u0105 \u2013 #1 Mom - Pupster\",\"isPartOf\":{\"@id\":\"https:\\\/\\\/pupstersocks.com\\\/#website\"},\"primaryImageOfPage\":{\"@id\":\"https:\\\/\\\/pupstersocks.com\\\/produkt\\\/skarpetki-z-twoja-twarza-1-mom\\\/#primaryimage\"},\"image\":{\"@id\":\"https:\\\/\\\/pupstersocks.com\\\/produkt\\\/skarpetki-z-twoja-twarza-1-mom\\\/#primaryimage\"},\"thumbnailUrl\":\"https:\\\/\\\/pupstersocks.com\\\/wp-content\\\/uploads\\\/2022\\\/11\\\/mp15-scaled.webp\",\"datePublished\":\"2022-11-19T18:44:24+00:00\",\"dateModified\":\"2026-03-04T00:39:16+00:00\",\"description\":\"Zam\u00f3w skarpetki personalizowane z Twoj\u0105 twarz\u0105 \u2013 #1 Mom \u2013 idealny prezent na Dzie\u0144 Matki, urodziny lub imieniny. Wyra\u017a swoje uczucia wyj\u0105tkowym upominkiem!\",\"breadcrumb\":{\"@id\":\"https:\\\/\\\/pupstersocks.com\\\/produkt\\\/skarpetki-z-twoja-twarza-1-mom\\\/#breadcrumb\"},\"inLanguage\":\"pt-PT\",\"potentialAction\":[{\"@type\":\"ReadAction\",\"target\":[\"https:\\\/\\\/pupstersocks.com\\\/produkt\\\/skarpetki-z-twoja-twarza-1-mom\\\/\"]}]},{\"@type\":\"ImageObject\",\"inLanguage\":\"pt-PT\",\"@id\":\"https:\\\/\\\/pupstersocks.com\\\/produkt\\\/skarpetki-z-twoja-twarza-1-mom\\\/#primaryimage\",\"url\":\"https:\\\/\\\/pupstersocks.com\\\/wp-content\\\/uploads\\\/2022\\\/11\\\/mp15-scaled.webp\",\"contentUrl\":\"https:\\\/\\\/pupstersocks.com\\\/wp-content\\\/uploads\\\/2022\\\/11\\\/mp15-scaled.webp\",\"width\":2560,\"height\":2560},{\"@type\":\"BreadcrumbList\",\"@id\":\"https:\\\/\\\/pupstersocks.com\\\/produkt\\\/skarpetki-z-twoja-twarza-1-mom\\\/#breadcrumb\",\"itemListElement\":[{\"@type\":\"ListItem\",\"position\":1,\"name\":\"Strona g\u0142\u00f3wna\",\"item\":\"https:\\\/\\\/pupstersocks.com\\\/\"},{\"@type\":\"ListItem\",\"position\":2,\"name\":\"Produkty\",\"item\":\"https:\\\/\\\/pupstersocks.com\\\/shop\\\/\"},{\"@type\":\"ListItem\",\"position\":3,\"name\":\"Skarpetki z Twoj\u0105 twarz\u0105 &#8211; #1 Mom\"}]},{\"@type\":\"WebSite\",\"@id\":\"https:\\\/\\\/pupstersocks.com\\\/#website\",\"url\":\"https:\\\/\\\/pupstersocks.com\\\/\",\"name\":\"Pupstersocks\",\"description\":\"Skarpetki personalizowane z Twoim nadrukiem!\",\"publisher\":{\"@id\":\"https:\\\/\\\/pupstersocks.com\\\/#organization\"},\"potentialAction\":[{\"@type\":\"SearchAction\",\"target\":{\"@type\":\"EntryPoint\",\"urlTemplate\":\"https:\\\/\\\/pupstersocks.com\\\/?s={search_term_string}\"},\"query-input\":{\"@type\":\"PropertyValueSpecification\",\"valueRequired\":true,\"valueName\":\"search_term_string\"}}],\"inLanguage\":\"pt-PT\"},{\"@type\":\"Organization\",\"@id\":\"https:\\\/\\\/pupstersocks.com\\\/#organization\",\"name\":\"Pupstersocks - Skarpetki personalizowane z Twoim nadrukiem!\",\"url\":\"https:\\\/\\\/pupstersocks.com\\\/\",\"logo\":{\"@type\":\"ImageObject\",\"inLanguage\":\"pt-PT\",\"@id\":\"https:\\\/\\\/pupstersocks.com\\\/#\\\/schema\\\/logo\\\/image\\\/\",\"url\":\"https:\\\/\\\/pupstersocks.com\\\/wp-content\\\/uploads\\\/2022\\\/06\\\/cropped-favicon_obszar-roboczy-1.png\",\"contentUrl\":\"https:\\\/\\\/pupstersocks.com\\\/wp-content\\\/uploads\\\/2022\\\/06\\\/cropped-favicon_obszar-roboczy-1.png\",\"width\":512,\"height\":512,\"caption\":\"Pupstersocks - Skarpetki personalizowane z Twoim nadrukiem!\"},\"image\":{\"@id\":\"https:\\\/\\\/pupstersocks.com\\\/#\\\/schema\\\/logo\\\/image\\\/\"},\"sameAs\":[\"https:\\\/\\\/www.facebook.com\\\/pupstersocks\",\"https:\\\/\\\/www.instagram.com\\\/pupstersocks\\\/\"]}]}<\/script>\n<meta property=\"product:price:amount\" content=\"21.99\" \/>\n<meta property=\"product:price:currency\" content=\"PLN\" \/>\n<meta property=\"og:availability\" content=\"instock\" \/>\n<meta property=\"product:availability\" content=\"instock\" \/>\n<meta property=\"product:retailer_item_id\" content=\"PS-18\" \/>\n<meta property=\"product:condition\" content=\"new\" \/>\n<!-- \/ Yoast SEO Premium plugin. -->","yoast_head_json":{"title":"Meias personalizadas com o seu rosto \u2013 #1 M\u00e3e - Pupster","description":"Encomende meias personalizadas com o seu rosto \u2013 #1 M\u00e3e \u2013 o presente perfeito para o Dia das M\u00e3es, anivers\u00e1rios ou onom\u00e1sticas. Expresse seus sentimentos com um presente especial!","robots":{"index":"index","follow":"follow","max-snippet":"max-snippet:-1","max-image-preview":"max-image-preview:large","max-video-preview":"max-video-preview:-1"},"canonical":"https:\/\/pupstersocks.com\/pt\/produto\/meias-com-o-teu-rosto-1-mom\/","og_locale":"pt_PT","og_type":"article","og_title":"Skarpetki z Twoj\u0105 twarz\u0105 - #1 Mom","og_description":"Zam\u00f3w skarpetki personalizowane z Twoj\u0105 twarz\u0105 \u2013 #1 Mom \u2013 idealny prezent na Dzie\u0144 Matki, urodziny lub imieniny. Wyra\u017a swoje uczucia wyj\u0105tkowym upominkiem!","og_url":"https:\/\/pupstersocks.com\/pt\/produto\/meias-com-o-teu-rosto-1-mom\/","og_site_name":"Pupstersocks | Personalizowane skarpetki z Twoim pupilem","article_publisher":"https:\/\/www.facebook.com\/pupstersocks","article_modified_time":"2026-03-04T00:39:16+00:00","og_image":[{"width":2560,"height":2560,"url":"https:\/\/pupstersocks.com\/wp-content\/uploads\/2022\/11\/mp15-scaled.webp","type":"image\/webp"}],"twitter_card":"summary_large_image","twitter_misc":{"pre\u00e7o":"21.99&nbsp;$","Disponibilidade":"Em stock"},"schema":{"@context":"https:\/\/schema.org","@graph":[{"@type":"WebPage","@id":"https:\/\/pupstersocks.com\/produkt\/skarpetki-z-twoja-twarza-1-mom\/","url":"https:\/\/pupstersocks.com\/produkt\/skarpetki-z-twoja-twarza-1-mom\/","name":"Meias personalizadas com o seu rosto \u2013 #1 M\u00e3e - Pupster","isPartOf":{"@id":"https:\/\/pupstersocks.com\/#website"},"primaryImageOfPage":{"@id":"https:\/\/pupstersocks.com\/produkt\/skarpetki-z-twoja-twarza-1-mom\/#primaryimage"},"image":{"@id":"https:\/\/pupstersocks.com\/produkt\/skarpetki-z-twoja-twarza-1-mom\/#primaryimage"},"thumbnailUrl":"https:\/\/pupstersocks.com\/wp-content\/uploads\/2022\/11\/mp15-scaled.webp","datePublished":"2022-11-19T18:44:24+00:00","dateModified":"2026-03-04T00:39:16+00:00","description":"Encomende meias personalizadas com o seu rosto \u2013 #1 M\u00e3e \u2013 o presente perfeito para o Dia das M\u00e3es, anivers\u00e1rios ou onom\u00e1sticas. Expresse seus sentimentos com um presente especial!","breadcrumb":{"@id":"https:\/\/pupstersocks.com\/produkt\/skarpetki-z-twoja-twarza-1-mom\/#breadcrumb"},"inLanguage":"pt-PT","potentialAction":[{"@type":"ReadAction","target":["https:\/\/pupstersocks.com\/produkt\/skarpetki-z-twoja-twarza-1-mom\/"]}]},{"@type":"ImageObject","inLanguage":"pt-PT","@id":"https:\/\/pupstersocks.com\/produkt\/skarpetki-z-twoja-twarza-1-mom\/#primaryimage","url":"https:\/\/pupstersocks.com\/wp-content\/uploads\/2022\/11\/mp15-scaled.webp","contentUrl":"https:\/\/pupstersocks.com\/wp-content\/uploads\/2022\/11\/mp15-scaled.webp","width":2560,"height":2560},{"@type":"BreadcrumbList","@id":"https:\/\/pupstersocks.com\/produkt\/skarpetki-z-twoja-twarza-1-mom\/#breadcrumb","itemListElement":[{"@type":"ListItem","position":1,"name":"Strona g\u0142\u00f3wna","item":"https:\/\/pupstersocks.com\/"},{"@type":"ListItem","position":2,"name":"Produkty","item":"https:\/\/pupstersocks.com\/shop\/"},{"@type":"ListItem","position":3,"name":"Skarpetki z Twoj\u0105 twarz\u0105 &#8211; #1 Mom"}]},{"@type":"WebSite","@id":"https:\/\/pupstersocks.com\/#website","url":"https:\/\/pupstersocks.com\/","name":"Pupstersocks","description":"Meias personalizadas com a sua impress\u00e3o!","publisher":{"@id":"https:\/\/pupstersocks.com\/#organization"},"potentialAction":[{"@type":"SearchAction","target":{"@type":"EntryPoint","urlTemplate":"https:\/\/pupstersocks.com\/?s={search_term_string}"},"query-input":{"@type":"PropertyValueSpecification","valueRequired":true,"valueName":"search_term_string"}}],"inLanguage":"pt-PT"},{"@type":"Organization","@id":"https:\/\/pupstersocks.com\/#organization","name":"Pupstersocks - Meias personalizadas com a sua estampa!","url":"https:\/\/pupstersocks.com\/","logo":{"@type":"ImageObject","inLanguage":"pt-PT","@id":"https:\/\/pupstersocks.com\/#\/schema\/logo\/image\/","url":"https:\/\/pupstersocks.com\/wp-content\/uploads\/2022\/06\/cropped-favicon_obszar-roboczy-1.png","contentUrl":"https:\/\/pupstersocks.com\/wp-content\/uploads\/2022\/06\/cropped-favicon_obszar-roboczy-1.png","width":512,"height":512,"caption":"Pupstersocks - Skarpetki personalizowane z Twoim nadrukiem!"},"image":{"@id":"https:\/\/pupstersocks.com\/#\/schema\/logo\/image\/"},"sameAs":["https:\/\/www.facebook.com\/pupstersocks","https:\/\/www.instagram.com\/pupstersocks\/"]}]},"product_price_amount":"21.99","product_price_currency":"PLN","og_availability":"instock","product_availability":"instock","product_retailer_item_id":"PS-18","product_condition":"new"},"_links":{"self":[{"href":"https:\/\/pupstersocks.com\/pt\/wp-json\/wp\/v2\/product\/5097","targetHints":{"allow":["GET"]}}],"collection":[{"href":"https:\/\/pupstersocks.com\/pt\/wp-json\/wp\/v2\/product"}],"about":[{"href":"https:\/\/pupstersocks.com\/pt\/wp-json\/wp\/v2\/types\/product"}],"version-history":[{"count":1,"href":"https:\/\/pupstersocks.com\/pt\/wp-json\/wp\/v2\/product\/5097\/revisions"}],"predecessor-version":[{"id":15141,"href":"https:\/\/pupstersocks.com\/pt\/wp-json\/wp\/v2\/product\/5097\/revisions\/15141"}],"wp:featuredmedia":[{"embeddable":true,"href":"https:\/\/pupstersocks.com\/pt\/wp-json\/wp\/v2\/media\/15140"}],"wp:attachment":[{"href":"https:\/\/pupstersocks.com\/pt\/wp-json\/wp\/v2\/media?parent=5097"}],"wp:term":[{"taxonomy":"product_brand","embeddable":true,"href":"https:\/\/pupstersocks.com\/pt\/wp-json\/wp\/v2\/product_brand?post=5097"},{"taxonomy":"product_cat","embeddable":true,"href":"https:\/\/pupstersocks.com\/pt\/wp-json\/wp\/v2\/product_cat?post=5097"},{"taxonomy":"product_tag","embeddable":true,"href":"https:\/\/pupstersocks.com\/pt\/wp-json\/wp\/v2\/product_tag?post=5097"}],"curies":[{"name":"wp","href":"https:\/\/api.w.org\/{rel}","templated":true}]}}