{"id":1249,"date":"2022-01-17T15:43:41","date_gmt":"2022-01-17T14:43:41","guid":{"rendered":"https:\/\/pupstersocks.com\/?post_type=product&#038;p=1249"},"modified":"2026-03-04T01:39:30","modified_gmt":"2026-03-04T00:39:30","slug":"meias-camuflado","status":"publish","type":"product","link":"https:\/\/pupstersocks.com\/pt\/produto\/meias-camuflado\/","title":{"rendered":"Meias com o seu rosto \u2013 Folhas"},"content":{"rendered":"<div class=\"translation-block\">\n<p><strong>Skarpetki personalizowane z Twoj\u0105 twarz\u0105 lub wizerunkiem pupila \u2013 wz\u00f3r Moro \u2013 wyj\u0105tkowy i oryginalny prezent!<\/strong><\/p>\n<p>Chcesz wyr\u00f3\u017cni\u0107 si\u0119 unikalnym dodatkiem? Skarpetki personalizowane z Twoj\u0105 twarz\u0105 lub zdj\u0119ciem Twojego pupila, na tle we wzorze moro, to doskona\u0142y spos\u00f3b na wyra\u017cenie siebie w wyj\u0105tkowy spos\u00f3b. Idealnie \u0142\u0105cz\u0105 praktyczno\u015b\u0107 i oryginalno\u015b\u0107, dzi\u0119ki czemu sprawdz\u0105 si\u0119 zar\u00f3wno jako \u015bwietny prezent, jak i modny dodatek do codziennych stylizacji.<\/p>\n<h3><strong>Dlaczego warto wybra\u0107 nasze skarpetki Moro?<\/strong><\/h3>\n<p>Skarpetki z wzorem moro to co\u015b wi\u0119cej ni\u017c tylko personalizowany dodatek \u2013 to spos\u00f3b, aby wyrazi\u0107 sw\u00f3j styl oraz pokaza\u0107, jak bardzo cenisz oryginalne rozwi\u0105zania.<\/p>\n<h4><strong>Trwa\u0142o\u015b\u0107 i unikalno\u015b\u0107<\/strong><\/h4>\n<ul>\n<li>S\u0105 wykonane z trwa\u0142ych oraz wygodnych materia\u0142\u00f3w, dzi\u0119ki czemu idealnie nadaj\u0105 si\u0119 do codziennego noszenia.<\/li>\n<li>Wyj\u0105tkowy nadruk z Twoj\u0105 twarz\u0105 lub wizerunkiem pupila, na tle moro, sprawia, \u017ce skarpetki wyr\u00f3\u017cniaj\u0105 si\u0119 w t\u0142umie.<\/li>\n<li>To doskona\u0142y pomys\u0142 na prezent na ka\u017cd\u0105 okazj\u0119 \u2013 urodziny, imieniny, \u015bwi\u0119ta, a nawet jako nietypowy upominek dla bliskiej osoby.<\/li>\n<\/ul>\n<h3><strong>Jak zam\u00f3wi\u0107 personalizowane skarpetki Moro?<\/strong><\/h3>\n<ol>\n<li>Wybierz rozmiar.<\/li>\n<li>Prze\u015blij zdj\u0119cie \u2013 mo\u017ce to by\u0107 Twoja twarz lub wizerunek pupila.<\/li>\n<li>Poczekaj na wyj\u0105tkowe personalizowane skarpetki, kt\u00f3re dostarczymy prosto do Twojego domu.<\/li>\n<\/ol>\n<p>Proces zamawiania jest bardzo prosty, dlatego szybko stworzysz unikalny produkt, kt\u00f3ry zachwyci ka\u017cdego. Je\u015bli masz jakiekolwiek pytania, z przyjemno\u015bci\u0105 na nie odpowiemy, poniewa\u017c zale\u017cy nam na Twojej satysfakcji!<\/p>\n<h3><strong>Dodatkowe informacje<\/strong><\/h3>\n<ul>\n<li><strong>Czas realizacji zam\u00f3wienia:<\/strong> nast\u0119pny dzie\u0144 roboczy, dzi\u0119ki czemu nie musisz d\u0142ugo czeka\u0107.<\/li>\n<li><strong>Rozmiary skarpetek:<\/strong> Od 35 do 45, dlatego b\u0119d\u0105 idealnie pasowa\u0107 na ka\u017cd\u0105 stop\u0119.<\/li>\n<li><strong>Wysy\u0142ka:<\/strong> Na terenie Polski oraz za granic\u0119 \u2013 pe\u0142na lista znajduje si\u0119 w sekcji <a href=\"https:\/\/pupstersocks.com\/pt\/faq\/\">FAQ<\/a>.<\/li>\n<\/ul>\n<h3><strong>Zam\u00f3w ju\u017c dzi\u015b i stw\u00f3rz co\u015b niepowtarzalnego!<\/strong><\/h3>\n<p>Nie czekaj \u2013 zam\u00f3w skarpetki Moro z Twoj\u0105 twarz\u0105 lub wizerunkiem pupila ju\u017c dzi\u015b i stw\u00f3rz dodatek, kt\u00f3ry b\u0119dzie wyr\u00f3\u017cnia\u0142 si\u0119 oryginalno\u015bci\u0105 oraz jako\u015bci\u0105. To doskona\u0142y pomys\u0142 na prezent dla bliskiej osoby, kt\u00f3ry na d\u0142ugo pozostanie w pami\u0119ci i wywo\u0142a u\u015bmiech ka\u017cdego dnia!<\/p>\n<\/div>","protected":false},"excerpt":{"rendered":"<p>Meias personalizadas com o seu rosto ou uma foto do seu animal de estima\u00e7\u00e3o num fundo camuflado! Escolha a cor, o padr\u00e3o e o tamanho, envie uma foto e n\u00f3s cuidaremos do resto. Uma ideia de presente perfeita.<\/p>","protected":false},"featured_media":15126,"template":"","meta":[],"product_brand":[],"product_cat":[53],"product_tag":[],"class_list":{"0":"post-1249","1":"product","2":"type-product","3":"status-publish","4":"has-post-thumbnail","6":"product_cat-inne-wzory","8":"first","9":"instock","10":"shipping-taxable","11":"purchasable","12":"product-type-simple"},"yoast_head":"<!-- This site is optimized with the Yoast SEO Premium plugin v26.2 (Yoast SEO v27.3) - https:\/\/yoast.com\/product\/yoast-seo-premium-wordpress\/ -->\n<title>Skarpetki personalizowane z Twoj\u0105 twarz\u0105 \u2013 Moro - PupsterSocks<\/title>\n<meta name=\"description\" content=\"Zam\u00f3w skarpetki personalizowane z Twoj\u0105 twarz\u0105 lub wizerunkiem pupila, na tle moro \u2013 wyj\u0105tkowy prezent. Wybierz wz\u00f3r, kolor i rozmiar na PupsterSocks!\" \/>\n<meta name=\"robots\" content=\"index, follow, max-snippet:-1, max-image-preview:large, max-video-preview:-1\" \/>\n<link rel=\"canonical\" href=\"https:\/\/pupstersocks.com\/pt\/produto\/meias-camuflado\/\" \/>\n<meta property=\"og:locale\" content=\"pt_PT\" \/>\n<meta property=\"og:type\" content=\"article\" \/>\n<meta property=\"og:title\" content=\"Skarpetki z Twoj\u0105 twarz\u0105 - Moro\" \/>\n<meta property=\"og:description\" content=\"Zam\u00f3w skarpetki personalizowane z Twoj\u0105 twarz\u0105 lub wizerunkiem pupila, na tle moro \u2013 wyj\u0105tkowy prezent. Wybierz wz\u00f3r, kolor i rozmiar na PupsterSocks!\" \/>\n<meta property=\"og:url\" content=\"https:\/\/pupstersocks.com\/pt\/produto\/meias-camuflado\/\" \/>\n<meta property=\"og:site_name\" content=\"Pupstersocks | Personalizowane skarpetki z Twoim pupilem\" \/>\n<meta property=\"article:publisher\" content=\"https:\/\/www.facebook.com\/pupstersocks\" \/>\n<meta property=\"article:modified_time\" content=\"2026-03-04T00:39:30+00:00\" \/>\n<meta property=\"og:image\" content=\"https:\/\/pupstersocks.com\/wp-content\/uploads\/2022\/01\/mp27-scaled.webp\" \/>\n\t<meta property=\"og:image:width\" content=\"2560\" \/>\n\t<meta property=\"og:image:height\" content=\"2560\" \/>\n\t<meta property=\"og:image:type\" content=\"image\/webp\" \/>\n<meta name=\"twitter:card\" content=\"summary_large_image\" \/>\n<meta name=\"twitter:label1\" content=\"pre\u00e7o\" \/>\n\t<meta name=\"twitter:data1\" content=\"21.99&nbsp;$\" \/>\n\t<meta name=\"twitter:label2\" content=\"Disponibilidade\" \/>\n\t<meta name=\"twitter:data2\" content=\"Em stock\" \/>\n<script type=\"application\/ld+json\" class=\"yoast-schema-graph\">{\"@context\":\"https:\\\/\\\/schema.org\",\"@graph\":[{\"@type\":\"WebPage\",\"@id\":\"https:\\\/\\\/pupstersocks.com\\\/produkt\\\/skarpetki-moro\\\/\",\"url\":\"https:\\\/\\\/pupstersocks.com\\\/produkt\\\/skarpetki-moro\\\/\",\"name\":\"Skarpetki personalizowane z Twoj\u0105 twarz\u0105 \u2013 Moro - PupsterSocks\",\"isPartOf\":{\"@id\":\"https:\\\/\\\/pupstersocks.com\\\/#website\"},\"primaryImageOfPage\":{\"@id\":\"https:\\\/\\\/pupstersocks.com\\\/produkt\\\/skarpetki-moro\\\/#primaryimage\"},\"image\":{\"@id\":\"https:\\\/\\\/pupstersocks.com\\\/produkt\\\/skarpetki-moro\\\/#primaryimage\"},\"thumbnailUrl\":\"https:\\\/\\\/pupstersocks.com\\\/wp-content\\\/uploads\\\/2022\\\/01\\\/mp27-scaled.webp\",\"datePublished\":\"2022-01-17T14:43:41+00:00\",\"dateModified\":\"2026-03-04T00:39:30+00:00\",\"description\":\"Zam\u00f3w skarpetki personalizowane z Twoj\u0105 twarz\u0105 lub wizerunkiem pupila, na tle moro \u2013 wyj\u0105tkowy prezent. Wybierz wz\u00f3r, kolor i rozmiar na PupsterSocks!\",\"breadcrumb\":{\"@id\":\"https:\\\/\\\/pupstersocks.com\\\/produkt\\\/skarpetki-moro\\\/#breadcrumb\"},\"inLanguage\":\"pt-PT\",\"potentialAction\":[{\"@type\":\"ReadAction\",\"target\":[\"https:\\\/\\\/pupstersocks.com\\\/produkt\\\/skarpetki-moro\\\/\"]}]},{\"@type\":\"ImageObject\",\"inLanguage\":\"pt-PT\",\"@id\":\"https:\\\/\\\/pupstersocks.com\\\/produkt\\\/skarpetki-moro\\\/#primaryimage\",\"url\":\"https:\\\/\\\/pupstersocks.com\\\/wp-content\\\/uploads\\\/2022\\\/01\\\/mp27-scaled.webp\",\"contentUrl\":\"https:\\\/\\\/pupstersocks.com\\\/wp-content\\\/uploads\\\/2022\\\/01\\\/mp27-scaled.webp\",\"width\":2560,\"height\":2560},{\"@type\":\"BreadcrumbList\",\"@id\":\"https:\\\/\\\/pupstersocks.com\\\/produkt\\\/skarpetki-moro\\\/#breadcrumb\",\"itemListElement\":[{\"@type\":\"ListItem\",\"position\":1,\"name\":\"Strona g\u0142\u00f3wna\",\"item\":\"https:\\\/\\\/pupstersocks.com\\\/\"},{\"@type\":\"ListItem\",\"position\":2,\"name\":\"Produkty\",\"item\":\"https:\\\/\\\/pupstersocks.com\\\/shop\\\/\"},{\"@type\":\"ListItem\",\"position\":3,\"name\":\"Skarpetki z Twoj\u0105 twarz\u0105 &#8211; Moro\"}]},{\"@type\":\"WebSite\",\"@id\":\"https:\\\/\\\/pupstersocks.com\\\/#website\",\"url\":\"https:\\\/\\\/pupstersocks.com\\\/\",\"name\":\"Pupstersocks\",\"description\":\"Skarpetki personalizowane z Twoim nadrukiem!\",\"publisher\":{\"@id\":\"https:\\\/\\\/pupstersocks.com\\\/#organization\"},\"potentialAction\":[{\"@type\":\"SearchAction\",\"target\":{\"@type\":\"EntryPoint\",\"urlTemplate\":\"https:\\\/\\\/pupstersocks.com\\\/?s={search_term_string}\"},\"query-input\":{\"@type\":\"PropertyValueSpecification\",\"valueRequired\":true,\"valueName\":\"search_term_string\"}}],\"inLanguage\":\"pt-PT\"},{\"@type\":\"Organization\",\"@id\":\"https:\\\/\\\/pupstersocks.com\\\/#organization\",\"name\":\"Pupstersocks - Skarpetki personalizowane z Twoim nadrukiem!\",\"url\":\"https:\\\/\\\/pupstersocks.com\\\/\",\"logo\":{\"@type\":\"ImageObject\",\"inLanguage\":\"pt-PT\",\"@id\":\"https:\\\/\\\/pupstersocks.com\\\/#\\\/schema\\\/logo\\\/image\\\/\",\"url\":\"https:\\\/\\\/pupstersocks.com\\\/wp-content\\\/uploads\\\/2022\\\/06\\\/cropped-favicon_obszar-roboczy-1.png\",\"contentUrl\":\"https:\\\/\\\/pupstersocks.com\\\/wp-content\\\/uploads\\\/2022\\\/06\\\/cropped-favicon_obszar-roboczy-1.png\",\"width\":512,\"height\":512,\"caption\":\"Pupstersocks - Skarpetki personalizowane z Twoim nadrukiem!\"},\"image\":{\"@id\":\"https:\\\/\\\/pupstersocks.com\\\/#\\\/schema\\\/logo\\\/image\\\/\"},\"sameAs\":[\"https:\\\/\\\/www.facebook.com\\\/pupstersocks\",\"https:\\\/\\\/www.instagram.com\\\/pupstersocks\\\/\"]}]}<\/script>\n<meta property=\"product:price:amount\" content=\"21.99\" \/>\n<meta property=\"product:price:currency\" content=\"PLN\" \/>\n<meta property=\"og:availability\" content=\"instock\" \/>\n<meta property=\"product:availability\" content=\"instock\" \/>\n<meta property=\"product:retailer_item_id\" content=\"PS-09\" \/>\n<meta property=\"product:condition\" content=\"new\" \/>\n<!-- \/ Yoast SEO Premium plugin. -->","yoast_head_json":{"title":"Meias personalizadas com o seu rosto \u2013 Camuflagem - PupsterSocks","description":"Encomende meias personalizadas com o seu rosto ou uma foto do seu animal de estima\u00e7\u00e3o num fundo camuflado \u2013 um presente \u00fanico. Escolha o padr\u00e3o, a cor e o tamanho na PupsterSocks!","robots":{"index":"index","follow":"follow","max-snippet":"max-snippet:-1","max-image-preview":"max-image-preview:large","max-video-preview":"max-video-preview:-1"},"canonical":"https:\/\/pupstersocks.com\/pt\/produto\/meias-camuflado\/","og_locale":"pt_PT","og_type":"article","og_title":"Skarpetki z Twoj\u0105 twarz\u0105 - Moro","og_description":"Zam\u00f3w skarpetki personalizowane z Twoj\u0105 twarz\u0105 lub wizerunkiem pupila, na tle moro \u2013 wyj\u0105tkowy prezent. Wybierz wz\u00f3r, kolor i rozmiar na PupsterSocks!","og_url":"https:\/\/pupstersocks.com\/pt\/produto\/meias-camuflado\/","og_site_name":"Pupstersocks | Personalizowane skarpetki z Twoim pupilem","article_publisher":"https:\/\/www.facebook.com\/pupstersocks","article_modified_time":"2026-03-04T00:39:30+00:00","og_image":[{"width":2560,"height":2560,"url":"https:\/\/pupstersocks.com\/wp-content\/uploads\/2022\/01\/mp27-scaled.webp","type":"image\/webp"}],"twitter_card":"summary_large_image","twitter_misc":{"pre\u00e7o":"21.99&nbsp;$","Disponibilidade":"Em stock"},"schema":{"@context":"https:\/\/schema.org","@graph":[{"@type":"WebPage","@id":"https:\/\/pupstersocks.com\/produkt\/skarpetki-moro\/","url":"https:\/\/pupstersocks.com\/produkt\/skarpetki-moro\/","name":"Meias personalizadas com o seu rosto \u2013 Camuflagem - PupsterSocks","isPartOf":{"@id":"https:\/\/pupstersocks.com\/#website"},"primaryImageOfPage":{"@id":"https:\/\/pupstersocks.com\/produkt\/skarpetki-moro\/#primaryimage"},"image":{"@id":"https:\/\/pupstersocks.com\/produkt\/skarpetki-moro\/#primaryimage"},"thumbnailUrl":"https:\/\/pupstersocks.com\/wp-content\/uploads\/2022\/01\/mp27-scaled.webp","datePublished":"2022-01-17T14:43:41+00:00","dateModified":"2026-03-04T00:39:30+00:00","description":"Encomende meias personalizadas com o seu rosto ou uma foto do seu animal de estima\u00e7\u00e3o num fundo camuflado \u2013 um presente \u00fanico. Escolha o padr\u00e3o, a cor e o tamanho na PupsterSocks!","breadcrumb":{"@id":"https:\/\/pupstersocks.com\/produkt\/skarpetki-moro\/#breadcrumb"},"inLanguage":"pt-PT","potentialAction":[{"@type":"ReadAction","target":["https:\/\/pupstersocks.com\/produkt\/skarpetki-moro\/"]}]},{"@type":"ImageObject","inLanguage":"pt-PT","@id":"https:\/\/pupstersocks.com\/produkt\/skarpetki-moro\/#primaryimage","url":"https:\/\/pupstersocks.com\/wp-content\/uploads\/2022\/01\/mp27-scaled.webp","contentUrl":"https:\/\/pupstersocks.com\/wp-content\/uploads\/2022\/01\/mp27-scaled.webp","width":2560,"height":2560},{"@type":"BreadcrumbList","@id":"https:\/\/pupstersocks.com\/produkt\/skarpetki-moro\/#breadcrumb","itemListElement":[{"@type":"ListItem","position":1,"name":"Strona g\u0142\u00f3wna","item":"https:\/\/pupstersocks.com\/"},{"@type":"ListItem","position":2,"name":"Produkty","item":"https:\/\/pupstersocks.com\/shop\/"},{"@type":"ListItem","position":3,"name":"Skarpetki z Twoj\u0105 twarz\u0105 &#8211; Moro"}]},{"@type":"WebSite","@id":"https:\/\/pupstersocks.com\/#website","url":"https:\/\/pupstersocks.com\/","name":"Pupstersocks","description":"Meias personalizadas com a sua impress\u00e3o!","publisher":{"@id":"https:\/\/pupstersocks.com\/#organization"},"potentialAction":[{"@type":"SearchAction","target":{"@type":"EntryPoint","urlTemplate":"https:\/\/pupstersocks.com\/?s={search_term_string}"},"query-input":{"@type":"PropertyValueSpecification","valueRequired":true,"valueName":"search_term_string"}}],"inLanguage":"pt-PT"},{"@type":"Organization","@id":"https:\/\/pupstersocks.com\/#organization","name":"Pupstersocks - Meias personalizadas com a sua estampa!","url":"https:\/\/pupstersocks.com\/","logo":{"@type":"ImageObject","inLanguage":"pt-PT","@id":"https:\/\/pupstersocks.com\/#\/schema\/logo\/image\/","url":"https:\/\/pupstersocks.com\/wp-content\/uploads\/2022\/06\/cropped-favicon_obszar-roboczy-1.png","contentUrl":"https:\/\/pupstersocks.com\/wp-content\/uploads\/2022\/06\/cropped-favicon_obszar-roboczy-1.png","width":512,"height":512,"caption":"Pupstersocks - Skarpetki personalizowane z Twoim nadrukiem!"},"image":{"@id":"https:\/\/pupstersocks.com\/#\/schema\/logo\/image\/"},"sameAs":["https:\/\/www.facebook.com\/pupstersocks","https:\/\/www.instagram.com\/pupstersocks\/"]}]},"product_price_amount":"21.99","product_price_currency":"PLN","og_availability":"instock","product_availability":"instock","product_retailer_item_id":"PS-09","product_condition":"new"},"_links":{"self":[{"href":"https:\/\/pupstersocks.com\/pt\/wp-json\/wp\/v2\/product\/1249","targetHints":{"allow":["GET"]}}],"collection":[{"href":"https:\/\/pupstersocks.com\/pt\/wp-json\/wp\/v2\/product"}],"about":[{"href":"https:\/\/pupstersocks.com\/pt\/wp-json\/wp\/v2\/types\/product"}],"version-history":[{"count":1,"href":"https:\/\/pupstersocks.com\/pt\/wp-json\/wp\/v2\/product\/1249\/revisions"}],"predecessor-version":[{"id":15127,"href":"https:\/\/pupstersocks.com\/pt\/wp-json\/wp\/v2\/product\/1249\/revisions\/15127"}],"wp:featuredmedia":[{"embeddable":true,"href":"https:\/\/pupstersocks.com\/pt\/wp-json\/wp\/v2\/media\/15126"}],"wp:attachment":[{"href":"https:\/\/pupstersocks.com\/pt\/wp-json\/wp\/v2\/media?parent=1249"}],"wp:term":[{"taxonomy":"product_brand","embeddable":true,"href":"https:\/\/pupstersocks.com\/pt\/wp-json\/wp\/v2\/product_brand?post=1249"},{"taxonomy":"product_cat","embeddable":true,"href":"https:\/\/pupstersocks.com\/pt\/wp-json\/wp\/v2\/product_cat?post=1249"},{"taxonomy":"product_tag","embeddable":true,"href":"https:\/\/pupstersocks.com\/pt\/wp-json\/wp\/v2\/product_tag?post=1249"}],"curies":[{"name":"wp","href":"https:\/\/api.w.org\/{rel}","templated":true}]}}