{"id":1211,"date":"2022-01-17T14:51:07","date_gmt":"2022-01-17T13:51:07","guid":{"rendered":"https:\/\/pupstersocks.com\/?post_type=product&#038;p=1211"},"modified":"2026-03-04T01:39:32","modified_gmt":"2026-03-04T00:39:32","slug":"stremp-super-papa","status":"publish","type":"product","link":"https:\/\/pupstersocks.com\/lb\/produkt\/stremp-super-papa\/","title":{"rendered":"Str\u00ebmp mat \u00c4rem Gesiicht \u2013 Super Papp"},"content":{"rendered":"<div class=\"translation-block\">\n<p><strong>Skarpetki personalizowane z twarz\u0105 \u2013 Super Tata \u2013 idealny prezent na Dzie\u0144 Ojca!<\/strong><\/p>\n<h3><strong>Dlaczego skarpetki Super Tata to idealny prezent?<\/strong><\/h3>\n<p>Szukasz niebanalnego prezentu na Dzie\u0144 Ojca? Skarpetki personalizowane z Twoj\u0105 twarz\u0105 i wzorem \u201eSuper Tata\u201d to doskona\u0142y spos\u00f3b, aby pokaza\u0107, jak wyj\u0105tkowy jest Tw\u00f3j tata. Nie tylko sprawi\u0105 mu rado\u015b\u0107, ale r\u00f3wnie\u017c b\u0119d\u0105 praktycznym dodatkiem do jego garderoby. Dlatego ten oryginalny produkt \u0142\u0105czy zabaw\u0119, personalizacj\u0119 i emocje \u2013 \u015bwietnie nadaj\u0105c si\u0119 na ka\u017cd\u0105 okazj\u0119, a szczeg\u00f3lnie na Dzie\u0144 Ojca.<\/p>\n<h4><strong>Trwa\u0142o\u015b\u0107 i wyj\u0105tkowy design<\/strong><\/h4>\n<ul>\n<li>S\u0105 trwa\u0142e i wygodne \u2013 idealne do codziennego u\u017cytku, a jednocze\u015bnie maj\u0105 bardzo trwa\u0142y nadruk, dzi\u0119ki czemu zachowaj\u0105 \u015bwietny wygl\u0105d przez d\u0142ugi czas.<\/li>\n<li>Wyj\u0105tkowy nadruk z Twoj\u0105 twarz\u0105 oraz wzorem \u201eSuper Tata\u201d sprawia, \u017ce s\u0105 jedyne w swoim rodzaju i naprawd\u0119 wyj\u0105tkowe.<\/li>\n<li>To perfekcyjny prezent na Dzie\u0144 Ojca, kt\u00f3ry wywo\u0142a u\u015bmiech zar\u00f3wno na twarzy taty, jak i ca\u0142ej rodziny.<\/li>\n<\/ul>\n<h3><strong>Jak zam\u00f3wi\u0107 personalizowane skarpetki Super Tata?<\/strong><\/h3>\n<ol>\n<li>Wybierz rozmiar, kolor oraz wz\u00f3r \u201eSuper Tata\u201d.<\/li>\n<li>Prze\u015blij swoje zdj\u0119cie do personalizacji.<\/li>\n<li>Poczekaj na wyj\u0105tkowe personalizowane skarpetki, kt\u00f3re dostarczymy prosto do Twojego domu.<\/li>\n<\/ol>\n<p>Dzi\u0119ki temu prostemu procesowi zamawiania szybko stworzysz prezent, kt\u00f3ry zachwyci ka\u017cdego tat\u0119. Je\u015bli masz jakiekolwiek pytania, z przyjemno\u015bci\u0105 na nie odpowiemy, poniewa\u017c zale\u017cy nam na Twojej satysfakcji!<\/p>\n<h3><strong>Dodatkowe informacje<\/strong><\/h3>\n<ul>\n<li><strong>Czas realizacji zam\u00f3wienia:<\/strong> nast\u0119pny dzie\u0144 roboczy, aby\u015b nie musia\u0142 d\u0142ugo czeka\u0107.<\/li>\n<li><strong>Rozmiary skarpetek:<\/strong> Od 35 do 45, dlatego b\u0119d\u0105 idealnie pasowa\u0107 na ka\u017cd\u0105 stop\u0119.<\/li>\n<li><strong>Wysy\u0142ka:<\/strong> Na terenie Polski oraz za granic\u0119 \u2013 pe\u0142na lista znajduje si\u0119 w sekcji <a href=\"https:\/\/pupstersocks.com\/lb\/faq\/\">FAQ<\/a>.<\/li>\n<\/ul>\n<h3><strong>Zam\u00f3w ju\u017c dzi\u015b i spraw wyj\u0105tkow\u0105 rado\u015b\u0107 swojemu tacie!<\/strong><\/h3>\n<p>Nie czekaj \u2013 zam\u00f3w skarpetki \u201eSuper Tata\u201d z Twoj\u0105 twarz\u0105 ju\u017c dzi\u015b i spraw wyj\u0105tkow\u0105 rado\u015b\u0107 najlepszemu tacie! To doskona\u0142y pomys\u0142 na prezent z okazji Dnia Ojca, kt\u00f3ry wywo\u0142a u\u015bmiech i pozostanie w pami\u0119ci na d\u0142ugo.<\/p>\n<\/div>","protected":false},"excerpt":{"rendered":"<p>Personalis\u00e9iert Str\u00ebmp mat \u00e4rem Gesiicht an dem \u201eSuper Papp\u201d Muster! E perfekt Kaddo fir Pappendag. Wielt d\u2019Faarf, d\u2019Muster an d\u2019Gr\u00e9isst, a sch\u00e9ckt eis \u00c4r Foto, mir k\u00ebmmeren eis \u00ebm de Rescht.<\/p>","protected":false},"featured_media":15122,"template":"","meta":[],"product_brand":[],"product_cat":[49],"product_tag":[],"class_list":{"0":"post-1211","1":"product","2":"type-product","3":"status-publish","4":"has-post-thumbnail","6":"product_cat-ludzie","8":"first","9":"instock","10":"shipping-taxable","11":"purchasable","12":"product-type-simple"},"yoast_head":"<!-- This site is optimized with the Yoast SEO Premium plugin v26.2 (Yoast SEO v27.3) - https:\/\/yoast.com\/product\/yoast-seo-premium-wordpress\/ -->\n<title>Skarpetki personalizowane z Twoj\u0105 twarz\u0105 \u2013 Super Tata - Pupster<\/title>\n<meta name=\"description\" content=\"Zam\u00f3w skarpetki personalizowane z Twoj\u0105 twarz\u0105 i wzorem \u201eSuper Tata\u201d \u2013 \u015bwietny prezent na Dzie\u0144 Ojca. Wybierz wz\u00f3r, kolor i rozmiar na PupsterSocks!\" \/>\n<meta name=\"robots\" content=\"index, follow, max-snippet:-1, max-image-preview:large, max-video-preview:-1\" \/>\n<link rel=\"canonical\" href=\"https:\/\/pupstersocks.com\/lb\/produkt\/stremp-super-papa\/\" \/>\n<meta property=\"og:locale\" content=\"en_US\" \/>\n<meta property=\"og:type\" content=\"article\" \/>\n<meta property=\"og:title\" content=\"Skarpetki z Twoj\u0105 twarz\u0105 - Super Tata\" \/>\n<meta property=\"og:description\" content=\"Zam\u00f3w skarpetki personalizowane z Twoj\u0105 twarz\u0105 i wzorem \u201eSuper Tata\u201d \u2013 \u015bwietny prezent na Dzie\u0144 Ojca. Wybierz wz\u00f3r, kolor i rozmiar na PupsterSocks!\" \/>\n<meta property=\"og:url\" content=\"https:\/\/pupstersocks.com\/lb\/produkt\/stremp-super-papa\/\" \/>\n<meta property=\"og:site_name\" content=\"Pupstersocks | Personalizowane skarpetki z Twoim pupilem\" \/>\n<meta property=\"article:publisher\" content=\"https:\/\/www.facebook.com\/pupstersocks\" \/>\n<meta property=\"article:modified_time\" content=\"2026-03-04T00:39:32+00:00\" \/>\n<meta property=\"og:image\" content=\"https:\/\/pupstersocks.com\/wp-content\/uploads\/2022\/01\/mp44-scaled.webp\" \/>\n\t<meta property=\"og:image:width\" content=\"2560\" \/>\n\t<meta property=\"og:image:height\" content=\"2560\" \/>\n\t<meta property=\"og:image:type\" content=\"image\/webp\" \/>\n<meta name=\"twitter:card\" content=\"summary_large_image\" \/>\n<meta name=\"twitter:label1\" content=\"Price\" \/>\n\t<meta name=\"twitter:data1\" content=\"21.99&nbsp;$\" \/>\n\t<meta name=\"twitter:label2\" content=\"Availability\" \/>\n\t<meta name=\"twitter:data2\" content=\"In stock\" \/>\n<script type=\"application\/ld+json\" class=\"yoast-schema-graph\">{\"@context\":\"https:\\\/\\\/schema.org\",\"@graph\":[{\"@type\":\"WebPage\",\"@id\":\"https:\\\/\\\/pupstersocks.com\\\/produkt\\\/skarpetki-super-tata\\\/\",\"url\":\"https:\\\/\\\/pupstersocks.com\\\/produkt\\\/skarpetki-super-tata\\\/\",\"name\":\"Skarpetki personalizowane z Twoj\u0105 twarz\u0105 \u2013 Super Tata - Pupster\",\"isPartOf\":{\"@id\":\"https:\\\/\\\/pupstersocks.com\\\/#website\"},\"primaryImageOfPage\":{\"@id\":\"https:\\\/\\\/pupstersocks.com\\\/produkt\\\/skarpetki-super-tata\\\/#primaryimage\"},\"image\":{\"@id\":\"https:\\\/\\\/pupstersocks.com\\\/produkt\\\/skarpetki-super-tata\\\/#primaryimage\"},\"thumbnailUrl\":\"https:\\\/\\\/pupstersocks.com\\\/wp-content\\\/uploads\\\/2022\\\/01\\\/mp44-scaled.webp\",\"datePublished\":\"2022-01-17T13:51:07+00:00\",\"dateModified\":\"2026-03-04T00:39:32+00:00\",\"description\":\"Zam\u00f3w skarpetki personalizowane z Twoj\u0105 twarz\u0105 i wzorem \u201eSuper Tata\u201d \u2013 \u015bwietny prezent na Dzie\u0144 Ojca. Wybierz wz\u00f3r, kolor i rozmiar na PupsterSocks!\",\"breadcrumb\":{\"@id\":\"https:\\\/\\\/pupstersocks.com\\\/produkt\\\/skarpetki-super-tata\\\/#breadcrumb\"},\"inLanguage\":\"lb-LU\",\"potentialAction\":[{\"@type\":\"ReadAction\",\"target\":[\"https:\\\/\\\/pupstersocks.com\\\/produkt\\\/skarpetki-super-tata\\\/\"]}]},{\"@type\":\"ImageObject\",\"inLanguage\":\"lb-LU\",\"@id\":\"https:\\\/\\\/pupstersocks.com\\\/produkt\\\/skarpetki-super-tata\\\/#primaryimage\",\"url\":\"https:\\\/\\\/pupstersocks.com\\\/wp-content\\\/uploads\\\/2022\\\/01\\\/mp44-scaled.webp\",\"contentUrl\":\"https:\\\/\\\/pupstersocks.com\\\/wp-content\\\/uploads\\\/2022\\\/01\\\/mp44-scaled.webp\",\"width\":2560,\"height\":2560},{\"@type\":\"BreadcrumbList\",\"@id\":\"https:\\\/\\\/pupstersocks.com\\\/produkt\\\/skarpetki-super-tata\\\/#breadcrumb\",\"itemListElement\":[{\"@type\":\"ListItem\",\"position\":1,\"name\":\"Strona g\u0142\u00f3wna\",\"item\":\"https:\\\/\\\/pupstersocks.com\\\/\"},{\"@type\":\"ListItem\",\"position\":2,\"name\":\"Produkty\",\"item\":\"https:\\\/\\\/pupstersocks.com\\\/shop\\\/\"},{\"@type\":\"ListItem\",\"position\":3,\"name\":\"Skarpetki z Twoj\u0105 twarz\u0105 &#8211; Super Tata\"}]},{\"@type\":\"WebSite\",\"@id\":\"https:\\\/\\\/pupstersocks.com\\\/#website\",\"url\":\"https:\\\/\\\/pupstersocks.com\\\/\",\"name\":\"Pupstersocks\",\"description\":\"Skarpetki personalizowane z Twoim nadrukiem!\",\"publisher\":{\"@id\":\"https:\\\/\\\/pupstersocks.com\\\/#organization\"},\"potentialAction\":[{\"@type\":\"SearchAction\",\"target\":{\"@type\":\"EntryPoint\",\"urlTemplate\":\"https:\\\/\\\/pupstersocks.com\\\/?s={search_term_string}\"},\"query-input\":{\"@type\":\"PropertyValueSpecification\",\"valueRequired\":true,\"valueName\":\"search_term_string\"}}],\"inLanguage\":\"lb-LU\"},{\"@type\":\"Organization\",\"@id\":\"https:\\\/\\\/pupstersocks.com\\\/#organization\",\"name\":\"Pupstersocks - Skarpetki personalizowane z Twoim nadrukiem!\",\"url\":\"https:\\\/\\\/pupstersocks.com\\\/\",\"logo\":{\"@type\":\"ImageObject\",\"inLanguage\":\"lb-LU\",\"@id\":\"https:\\\/\\\/pupstersocks.com\\\/#\\\/schema\\\/logo\\\/image\\\/\",\"url\":\"https:\\\/\\\/pupstersocks.com\\\/wp-content\\\/uploads\\\/2022\\\/06\\\/cropped-favicon_obszar-roboczy-1.png\",\"contentUrl\":\"https:\\\/\\\/pupstersocks.com\\\/wp-content\\\/uploads\\\/2022\\\/06\\\/cropped-favicon_obszar-roboczy-1.png\",\"width\":512,\"height\":512,\"caption\":\"Pupstersocks - Skarpetki personalizowane z Twoim nadrukiem!\"},\"image\":{\"@id\":\"https:\\\/\\\/pupstersocks.com\\\/#\\\/schema\\\/logo\\\/image\\\/\"},\"sameAs\":[\"https:\\\/\\\/www.facebook.com\\\/pupstersocks\",\"https:\\\/\\\/www.instagram.com\\\/pupstersocks\\\/\"]}]}<\/script>\n<meta property=\"product:price:amount\" content=\"21.99\" \/>\n<meta property=\"product:price:currency\" content=\"USD\" \/>\n<meta property=\"og:availability\" content=\"instock\" \/>\n<meta property=\"product:availability\" content=\"instock\" \/>\n<meta property=\"product:retailer_item_id\" content=\"PS-07\" \/>\n<meta property=\"product:condition\" content=\"new\" \/>\n<!-- \/ Yoast SEO Premium plugin. -->","yoast_head_json":{"title":"Personalis\u00e9iert Str\u00ebmp mat \u00e4rem Gesiicht \u2013 Super Papp - Pupster","description":"Bestellt personalis\u00e9iert Str\u00ebmp mat \u00e4rem Gesiicht an dem \u201eSuper Papp\u201d Muster \u2013 e super Kaddo fir Pappendag. Wielt d\u2019Muster, d\u2019Faarf an d\u2019Gr\u00e9isst op PupsterSocks!","robots":{"index":"index","follow":"follow","max-snippet":"max-snippet:-1","max-image-preview":"max-image-preview:large","max-video-preview":"max-video-preview:-1"},"canonical":"https:\/\/pupstersocks.com\/lb\/produkt\/stremp-super-papa\/","og_locale":"en_US","og_type":"article","og_title":"Skarpetki z Twoj\u0105 twarz\u0105 - Super Tata","og_description":"Zam\u00f3w skarpetki personalizowane z Twoj\u0105 twarz\u0105 i wzorem \u201eSuper Tata\u201d \u2013 \u015bwietny prezent na Dzie\u0144 Ojca. Wybierz wz\u00f3r, kolor i rozmiar na PupsterSocks!","og_url":"https:\/\/pupstersocks.com\/lb\/produkt\/stremp-super-papa\/","og_site_name":"Pupstersocks | Personalizowane skarpetki z Twoim pupilem","article_publisher":"https:\/\/www.facebook.com\/pupstersocks","article_modified_time":"2026-03-04T00:39:32+00:00","og_image":[{"width":2560,"height":2560,"url":"https:\/\/pupstersocks.com\/wp-content\/uploads\/2022\/01\/mp44-scaled.webp","type":"image\/webp"}],"twitter_card":"summary_large_image","twitter_misc":{"Price":"21.99&nbsp;$","Availability":"In stock"},"schema":{"@context":"https:\/\/schema.org","@graph":[{"@type":"WebPage","@id":"https:\/\/pupstersocks.com\/produkt\/skarpetki-super-tata\/","url":"https:\/\/pupstersocks.com\/produkt\/skarpetki-super-tata\/","name":"Personalis\u00e9iert Str\u00ebmp mat \u00e4rem Gesiicht \u2013 Super Papp - Pupster","isPartOf":{"@id":"https:\/\/pupstersocks.com\/#website"},"primaryImageOfPage":{"@id":"https:\/\/pupstersocks.com\/produkt\/skarpetki-super-tata\/#primaryimage"},"image":{"@id":"https:\/\/pupstersocks.com\/produkt\/skarpetki-super-tata\/#primaryimage"},"thumbnailUrl":"https:\/\/pupstersocks.com\/wp-content\/uploads\/2022\/01\/mp44-scaled.webp","datePublished":"2022-01-17T13:51:07+00:00","dateModified":"2026-03-04T00:39:32+00:00","description":"Bestellt personalis\u00e9iert Str\u00ebmp mat \u00e4rem Gesiicht an dem \u201eSuper Papp\u201d Muster \u2013 e super Kaddo fir Pappendag. Wielt d\u2019Muster, d\u2019Faarf an d\u2019Gr\u00e9isst op PupsterSocks!","breadcrumb":{"@id":"https:\/\/pupstersocks.com\/produkt\/skarpetki-super-tata\/#breadcrumb"},"inLanguage":"lb-LU","potentialAction":[{"@type":"ReadAction","target":["https:\/\/pupstersocks.com\/produkt\/skarpetki-super-tata\/"]}]},{"@type":"ImageObject","inLanguage":"lb-LU","@id":"https:\/\/pupstersocks.com\/produkt\/skarpetki-super-tata\/#primaryimage","url":"https:\/\/pupstersocks.com\/wp-content\/uploads\/2022\/01\/mp44-scaled.webp","contentUrl":"https:\/\/pupstersocks.com\/wp-content\/uploads\/2022\/01\/mp44-scaled.webp","width":2560,"height":2560},{"@type":"BreadcrumbList","@id":"https:\/\/pupstersocks.com\/produkt\/skarpetki-super-tata\/#breadcrumb","itemListElement":[{"@type":"ListItem","position":1,"name":"Strona g\u0142\u00f3wna","item":"https:\/\/pupstersocks.com\/"},{"@type":"ListItem","position":2,"name":"Produkty","item":"https:\/\/pupstersocks.com\/shop\/"},{"@type":"ListItem","position":3,"name":"Skarpetki z Twoj\u0105 twarz\u0105 &#8211; Super Tata"}]},{"@type":"WebSite","@id":"https:\/\/pupstersocks.com\/#website","url":"https:\/\/pupstersocks.com\/","name":"Pupstersocks","description":"Personalis\u00e9iert Str\u00ebmp mat \u00c4rem Dr\u00e9cken!","publisher":{"@id":"https:\/\/pupstersocks.com\/#organization"},"potentialAction":[{"@type":"SearchAction","target":{"@type":"EntryPoint","urlTemplate":"https:\/\/pupstersocks.com\/?s={search_term_string}"},"query-input":{"@type":"PropertyValueSpecification","valueRequired":true,"valueName":"search_term_string"}}],"inLanguage":"lb-LU"},{"@type":"Organization","@id":"https:\/\/pupstersocks.com\/#organization","name":"Pupstersocks - Personalis\u00e9iert Str\u00ebmp mat \u00c4rem Drock!","url":"https:\/\/pupstersocks.com\/","logo":{"@type":"ImageObject","inLanguage":"lb-LU","@id":"https:\/\/pupstersocks.com\/#\/schema\/logo\/image\/","url":"https:\/\/pupstersocks.com\/wp-content\/uploads\/2022\/06\/cropped-favicon_obszar-roboczy-1.png","contentUrl":"https:\/\/pupstersocks.com\/wp-content\/uploads\/2022\/06\/cropped-favicon_obszar-roboczy-1.png","width":512,"height":512,"caption":"Pupstersocks - Skarpetki personalizowane z Twoim nadrukiem!"},"image":{"@id":"https:\/\/pupstersocks.com\/#\/schema\/logo\/image\/"},"sameAs":["https:\/\/www.facebook.com\/pupstersocks","https:\/\/www.instagram.com\/pupstersocks\/"]}]},"product_price_amount":"21.99","product_price_currency":"USD","og_availability":"instock","product_availability":"instock","product_retailer_item_id":"PS-07","product_condition":"new"},"_links":{"self":[{"href":"https:\/\/pupstersocks.com\/lb\/wp-json\/wp\/v2\/product\/1211","targetHints":{"allow":["GET"]}}],"collection":[{"href":"https:\/\/pupstersocks.com\/lb\/wp-json\/wp\/v2\/product"}],"about":[{"href":"https:\/\/pupstersocks.com\/lb\/wp-json\/wp\/v2\/types\/product"}],"version-history":[{"count":1,"href":"https:\/\/pupstersocks.com\/lb\/wp-json\/wp\/v2\/product\/1211\/revisions"}],"predecessor-version":[{"id":15123,"href":"https:\/\/pupstersocks.com\/lb\/wp-json\/wp\/v2\/product\/1211\/revisions\/15123"}],"wp:featuredmedia":[{"embeddable":true,"href":"https:\/\/pupstersocks.com\/lb\/wp-json\/wp\/v2\/media\/15122"}],"wp:attachment":[{"href":"https:\/\/pupstersocks.com\/lb\/wp-json\/wp\/v2\/media?parent=1211"}],"wp:term":[{"taxonomy":"product_brand","embeddable":true,"href":"https:\/\/pupstersocks.com\/lb\/wp-json\/wp\/v2\/product_brand?post=1211"},{"taxonomy":"product_cat","embeddable":true,"href":"https:\/\/pupstersocks.com\/lb\/wp-json\/wp\/v2\/product_cat?post=1211"},{"taxonomy":"product_tag","embeddable":true,"href":"https:\/\/pupstersocks.com\/lb\/wp-json\/wp\/v2\/product_tag?post=1211"}],"curies":[{"name":"wp","href":"https:\/\/api.w.org\/{rel}","templated":true}]}}