{"id":10932,"date":"2024-11-04T14:05:41","date_gmt":"2024-11-04T13:05:41","guid":{"rendered":"https:\/\/pupstersocks.com\/?post_type=product&#038;p=10932"},"modified":"2026-03-04T01:38:33","modified_gmt":"2026-03-04T00:38:33","slug":"stremp-mat-denger-gesiicht-holiday-cheer","status":"publish","type":"product","link":"https:\/\/pupstersocks.com\/lb\/produkt\/stremp-mat-denger-gesiicht-holiday-cheer\/","title":{"rendered":"Skarpetki z Twoj\u0105 twarz\u0105 &#8211; Holiday Cheer"},"content":{"rendered":"<div class=\"translation-block\">\n<p><strong>Skarpetki personalizowane z Twoj\u0105 twarz\u0105 \u2013 Holiday Cheer \u2013 wyj\u0105tkowy spos\u00f3b na \u015bwi\u0119towanie w wielkim stylu!<\/strong><\/p>\n<p>Chcesz doda\u0107 odrobin\u0119 \u015bwi\u0105tecznego nastroju do codziennego \u017cycia? <strong>Skarpetki personalizowane z Twoj\u0105 twarz\u0105 \u2013 Holiday Cheer<\/strong> to doskona\u0142y pomys\u0142 na prezent, kt\u00f3ry wyr\u00f3\u017cni si\u0119 podczas \u015awi\u0105t Bo\u017cego Narodzenia. Z uroczym, bia\u0142o-czerwonym motywem choinek, bombek i prezent\u00f3w oraz mo\u017cliwo\u015bci\u0105 dodania Twojej twarzy lub zdj\u0119cia pupila, te skarpetki s\u0105 zar\u00f3wno zabawne, jak i wyj\u0105tkowe.<\/p>\n<h3><strong>Dlaczego warto wybra\u0107 nasze \u015bwi\u0105teczne skarpetki Holiday Cheer?<\/strong><\/h3>\n<p>Nasze <strong>skarpetki personalizowane z Twoj\u0105 twarz\u0105 \u2013 Holiday Cheer<\/strong> \u0142\u0105cz\u0105 w sobie \u015bwi\u0105teczny design, wygod\u0119 oraz wysok\u0105 jako\u015b\u0107. Co wi\u0119cej, ich personalizacja sprawia, \u017ce ka\u017cda para jest jedyna w swoim rodzaju.<\/p>\n<h4><strong>Wyj\u0105tkowy design i komfort<\/strong><\/h4>\n<ul>\n<li>Wykonane z mi\u0119kkich, elastycznych materia\u0142\u00f3w, kt\u00f3re zapewniaj\u0105 wygod\u0119 przez ca\u0142y dzie\u0144, dlatego idealnie nadaj\u0105 si\u0119 na \u015bwi\u0105teczne wieczory i rodzinne spotkania.<\/li>\n<li>Motywy \u015bwi\u0105teczne \u2013 takie jak choinki, bombki i prezenty \u2013 w po\u0142\u0105czeniu z Twoj\u0105 twarz\u0105 lub zdj\u0119ciem pupila, nadaj\u0105 skarpetkom uroczego i radosnego charakteru.<\/li>\n<li>To idealny prezent na \u015awi\u0119ta Bo\u017cego Narodzenia, Miko\u0142ajki lub inne okazje, poniewa\u017c wywo\u0142a u\u015bmiech na twarzy ka\u017cdego obdarowanego.<\/li>\n<\/ul>\n<h3><strong>Jak zam\u00f3wi\u0107 nasze skarpetki Holiday Cheer?<\/strong><\/h3>\n<ol>\n<li>Wybierz rozmiar, kolor oraz wz\u00f3r \u201eHoliday Cheer\u201d.<\/li>\n<li>Prze\u015blij zdj\u0119cie \u2013 Twojej twarzy, pupila lub inny motyw \u2013 kt\u00f3ry chcesz umie\u015bci\u0107 na skarpetkach.<\/li>\n<li>Poczekaj na wyj\u0105tkowe <strong>personalizowane skarpetki z motywem \u015bwi\u0105tecznym<\/strong>, kt\u00f3re dostarczymy prosto do Twojego domu.<\/li>\n<\/ol>\n<p>Proces zamawiania jest szybki i prosty. Co wi\u0119cej, ka\u017cda para skarpetek jest przygotowywana z najwi\u0119ksz\u0105 staranno\u015bci\u0105, poniewa\u017c zale\u017cy nam na Twojej satysfakcji. Je\u015bli masz pytania, z przyjemno\u015bci\u0105 na nie odpowiemy!<\/p>\n<h3><strong>Dodatkowe informacje<\/strong><\/h3>\n<ul>\n<li><strong>Czas realizacji zam\u00f3wienia:<\/strong> nast\u0119pny dzie\u0144 roboczy, dzi\u0119ki czemu zd\u0105\u017cysz na ka\u017cd\u0105 \u015bwi\u0105teczn\u0105 okazj\u0119.<\/li>\n<li><strong>Rozmiary:<\/strong> Od 35 do 45, wi\u0119c znajdziesz idealne dopasowanie dla ka\u017cdego.<\/li>\n<li><strong>Wysy\u0142ka:<\/strong> Na terenie Polski oraz za granic\u0119 \u2013 pe\u0142na lista dost\u0119pnych kraj\u00f3w znajduje si\u0119 w sekcji FAQ.<\/li>\n<\/ul>\n<h3><strong>Zam\u00f3w ju\u017c dzi\u015b i dodaj \u015bwi\u0105tecznego ducha!<\/strong><\/h3>\n<p>Nie czekaj \u2013 zam\u00f3w <strong>skarpetki personalizowane z Twoj\u0105 twarz\u0105 \u2013 Holiday Cheer<\/strong> ju\u017c dzi\u015b i podaruj bliskim prezent, kt\u00f3ry wyr\u00f3\u017cni si\u0119 pod choink\u0105. To doskona\u0142y spos\u00f3b, aby wprowadzi\u0107 rado\u015b\u0107 i \u015bwi\u0105teczn\u0105 atmosfer\u0119 do ka\u017cdego domu, poniewa\u017c takie skarpetki to co\u015b wi\u0119cej ni\u017c upominek \u2013 to prawdziwy symbol rodzinnych \u015awi\u0105t.<\/p>\n<\/div>","protected":false},"excerpt":{"rendered":"<p>Personalis\u00e9iert Str\u00ebmp mat \u00e4rem Gesiicht oder enger Foto vun \u00e4rem Hausd\u00e9ier op engem Hannergrond mat Chr\u00ebschtbeem, Kugelen a Kaddoen! Dat perfekt Chr\u00ebschtdagsgeschenk. Wielt Muster, Faarf a Gr\u00e9isst \u2013 mir k\u00ebmmeren eis \u00ebm de Rescht.<\/p>","protected":false},"featured_media":15196,"template":"","meta":[],"product_brand":[],"product_cat":[61],"product_tag":[],"class_list":{"0":"post-10932","1":"product","2":"type-product","3":"status-publish","4":"has-post-thumbnail","6":"product_cat-swieta","8":"first","9":"instock","10":"shipping-taxable","11":"purchasable","12":"product-type-simple"},"yoast_head":"<!-- This site is optimized with the Yoast SEO Premium plugin v26.2 (Yoast SEO v27.3) - https:\/\/yoast.com\/product\/yoast-seo-premium-wordpress\/ -->\n<title>Skarpetki personalizowane z Twoj\u0105 twarz\u0105 \u2013 Holiday Cheer<\/title>\n<meta name=\"description\" content=\"Zam\u00f3w skarpetki personalizowane z Twoj\u0105 twarz\u0105 \u2013 Holiday Cheer \u2013 idealny \u015bwi\u0105teczny prezent z motywem choinek, bombek i Twoim zdj\u0119ciem. Sprawd\u017a!\" \/>\n<meta name=\"robots\" content=\"index, follow, max-snippet:-1, max-image-preview:large, max-video-preview:-1\" \/>\n<link rel=\"canonical\" href=\"https:\/\/pupstersocks.com\/lb\/produkt\/stremp-mat-denger-gesiicht-holiday-cheer\/\" \/>\n<meta property=\"og:locale\" content=\"en_US\" \/>\n<meta property=\"og:type\" content=\"article\" \/>\n<meta property=\"og:title\" content=\"Skarpetki z Twoj\u0105 twarz\u0105 - Holiday Cheer\" \/>\n<meta property=\"og:description\" content=\"Zam\u00f3w skarpetki personalizowane z Twoj\u0105 twarz\u0105 \u2013 Holiday Cheer \u2013 idealny \u015bwi\u0105teczny prezent z motywem choinek, bombek i Twoim zdj\u0119ciem. Sprawd\u017a!\" \/>\n<meta property=\"og:url\" content=\"https:\/\/pupstersocks.com\/lb\/produkt\/stremp-mat-denger-gesiicht-holiday-cheer\/\" \/>\n<meta property=\"og:site_name\" content=\"Pupstersocks | Personalizowane skarpetki z Twoim pupilem\" \/>\n<meta property=\"article:publisher\" content=\"https:\/\/www.facebook.com\/pupstersocks\" \/>\n<meta property=\"article:modified_time\" content=\"2026-03-04T00:38:33+00:00\" \/>\n<meta property=\"og:image\" content=\"https:\/\/pupstersocks.com\/wp-content\/uploads\/2024\/11\/mp4-scaled.webp\" \/>\n\t<meta property=\"og:image:width\" content=\"2560\" \/>\n\t<meta property=\"og:image:height\" content=\"2560\" \/>\n\t<meta property=\"og:image:type\" content=\"image\/webp\" \/>\n<meta name=\"twitter:card\" content=\"summary_large_image\" \/>\n<meta name=\"twitter:label1\" content=\"Price\" \/>\n\t<meta name=\"twitter:data1\" content=\"21.99&nbsp;$\" \/>\n\t<meta name=\"twitter:label2\" content=\"Availability\" \/>\n\t<meta name=\"twitter:data2\" content=\"In stock\" \/>\n<script type=\"application\/ld+json\" class=\"yoast-schema-graph\">{\"@context\":\"https:\\\/\\\/schema.org\",\"@graph\":[{\"@type\":\"WebPage\",\"@id\":\"https:\\\/\\\/pupstersocks.com\\\/produkt\\\/skarpetki-z-twoja-twarza-holiday-cheer\\\/\",\"url\":\"https:\\\/\\\/pupstersocks.com\\\/produkt\\\/skarpetki-z-twoja-twarza-holiday-cheer\\\/\",\"name\":\"Skarpetki personalizowane z Twoj\u0105 twarz\u0105 \u2013 Holiday Cheer\",\"isPartOf\":{\"@id\":\"https:\\\/\\\/pupstersocks.com\\\/#website\"},\"primaryImageOfPage\":{\"@id\":\"https:\\\/\\\/pupstersocks.com\\\/produkt\\\/skarpetki-z-twoja-twarza-holiday-cheer\\\/#primaryimage\"},\"image\":{\"@id\":\"https:\\\/\\\/pupstersocks.com\\\/produkt\\\/skarpetki-z-twoja-twarza-holiday-cheer\\\/#primaryimage\"},\"thumbnailUrl\":\"https:\\\/\\\/pupstersocks.com\\\/wp-content\\\/uploads\\\/2024\\\/11\\\/mp4-scaled.webp\",\"datePublished\":\"2024-11-04T13:05:41+00:00\",\"dateModified\":\"2026-03-04T00:38:33+00:00\",\"description\":\"Zam\u00f3w skarpetki personalizowane z Twoj\u0105 twarz\u0105 \u2013 Holiday Cheer \u2013 idealny \u015bwi\u0105teczny prezent z motywem choinek, bombek i Twoim zdj\u0119ciem. Sprawd\u017a!\",\"breadcrumb\":{\"@id\":\"https:\\\/\\\/pupstersocks.com\\\/produkt\\\/skarpetki-z-twoja-twarza-holiday-cheer\\\/#breadcrumb\"},\"inLanguage\":\"lb-LU\",\"potentialAction\":[{\"@type\":\"ReadAction\",\"target\":[\"https:\\\/\\\/pupstersocks.com\\\/produkt\\\/skarpetki-z-twoja-twarza-holiday-cheer\\\/\"]}]},{\"@type\":\"ImageObject\",\"inLanguage\":\"lb-LU\",\"@id\":\"https:\\\/\\\/pupstersocks.com\\\/produkt\\\/skarpetki-z-twoja-twarza-holiday-cheer\\\/#primaryimage\",\"url\":\"https:\\\/\\\/pupstersocks.com\\\/wp-content\\\/uploads\\\/2024\\\/11\\\/mp4-scaled.webp\",\"contentUrl\":\"https:\\\/\\\/pupstersocks.com\\\/wp-content\\\/uploads\\\/2024\\\/11\\\/mp4-scaled.webp\",\"width\":2560,\"height\":2560},{\"@type\":\"BreadcrumbList\",\"@id\":\"https:\\\/\\\/pupstersocks.com\\\/produkt\\\/skarpetki-z-twoja-twarza-holiday-cheer\\\/#breadcrumb\",\"itemListElement\":[{\"@type\":\"ListItem\",\"position\":1,\"name\":\"Strona g\u0142\u00f3wna\",\"item\":\"https:\\\/\\\/pupstersocks.com\\\/\"},{\"@type\":\"ListItem\",\"position\":2,\"name\":\"Produkty\",\"item\":\"https:\\\/\\\/pupstersocks.com\\\/shop\\\/\"},{\"@type\":\"ListItem\",\"position\":3,\"name\":\"Skarpetki z Twoj\u0105 twarz\u0105 &#8211; Holiday Cheer\"}]},{\"@type\":\"WebSite\",\"@id\":\"https:\\\/\\\/pupstersocks.com\\\/#website\",\"url\":\"https:\\\/\\\/pupstersocks.com\\\/\",\"name\":\"Pupstersocks\",\"description\":\"Skarpetki personalizowane z Twoim nadrukiem!\",\"publisher\":{\"@id\":\"https:\\\/\\\/pupstersocks.com\\\/#organization\"},\"potentialAction\":[{\"@type\":\"SearchAction\",\"target\":{\"@type\":\"EntryPoint\",\"urlTemplate\":\"https:\\\/\\\/pupstersocks.com\\\/?s={search_term_string}\"},\"query-input\":{\"@type\":\"PropertyValueSpecification\",\"valueRequired\":true,\"valueName\":\"search_term_string\"}}],\"inLanguage\":\"lb-LU\"},{\"@type\":\"Organization\",\"@id\":\"https:\\\/\\\/pupstersocks.com\\\/#organization\",\"name\":\"Pupstersocks - Skarpetki personalizowane z Twoim nadrukiem!\",\"url\":\"https:\\\/\\\/pupstersocks.com\\\/\",\"logo\":{\"@type\":\"ImageObject\",\"inLanguage\":\"lb-LU\",\"@id\":\"https:\\\/\\\/pupstersocks.com\\\/#\\\/schema\\\/logo\\\/image\\\/\",\"url\":\"https:\\\/\\\/pupstersocks.com\\\/wp-content\\\/uploads\\\/2022\\\/06\\\/cropped-favicon_obszar-roboczy-1.png\",\"contentUrl\":\"https:\\\/\\\/pupstersocks.com\\\/wp-content\\\/uploads\\\/2022\\\/06\\\/cropped-favicon_obszar-roboczy-1.png\",\"width\":512,\"height\":512,\"caption\":\"Pupstersocks - Skarpetki personalizowane z Twoim nadrukiem!\"},\"image\":{\"@id\":\"https:\\\/\\\/pupstersocks.com\\\/#\\\/schema\\\/logo\\\/image\\\/\"},\"sameAs\":[\"https:\\\/\\\/www.facebook.com\\\/pupstersocks\",\"https:\\\/\\\/www.instagram.com\\\/pupstersocks\\\/\"]}]}<\/script>\n<meta property=\"product:price:amount\" content=\"21.99\" \/>\n<meta property=\"product:price:currency\" content=\"PLN\" \/>\n<meta property=\"og:availability\" content=\"instock\" \/>\n<meta property=\"product:availability\" content=\"instock\" \/>\n<meta property=\"product:retailer_item_id\" content=\"PS-46\" \/>\n<meta property=\"product:condition\" content=\"new\" \/>\n<!-- \/ Yoast SEO Premium plugin. -->","yoast_head_json":{"title":"Personalis\u00e9iert Str\u00ebmp mat \u00e4rem Gesiicht \u2013 Holiday Cheer","description":"Bestellt personalis\u00e9iert Str\u00ebmp mat \u00e4rem Gesiicht \u2013 Holiday Cheer \u2013 dat perfekt Chr\u00ebschtkaddo mat Beem, Kugelen an \u00e4rem Foto. Kuckt et Iech un!","robots":{"index":"index","follow":"follow","max-snippet":"max-snippet:-1","max-image-preview":"max-image-preview:large","max-video-preview":"max-video-preview:-1"},"canonical":"https:\/\/pupstersocks.com\/lb\/produkt\/stremp-mat-denger-gesiicht-holiday-cheer\/","og_locale":"en_US","og_type":"article","og_title":"Skarpetki z Twoj\u0105 twarz\u0105 - Holiday Cheer","og_description":"Zam\u00f3w skarpetki personalizowane z Twoj\u0105 twarz\u0105 \u2013 Holiday Cheer \u2013 idealny \u015bwi\u0105teczny prezent z motywem choinek, bombek i Twoim zdj\u0119ciem. Sprawd\u017a!","og_url":"https:\/\/pupstersocks.com\/lb\/produkt\/stremp-mat-denger-gesiicht-holiday-cheer\/","og_site_name":"Pupstersocks | Personalizowane skarpetki z Twoim pupilem","article_publisher":"https:\/\/www.facebook.com\/pupstersocks","article_modified_time":"2026-03-04T00:38:33+00:00","og_image":[{"width":2560,"height":2560,"url":"https:\/\/pupstersocks.com\/wp-content\/uploads\/2024\/11\/mp4-scaled.webp","type":"image\/webp"}],"twitter_card":"summary_large_image","twitter_misc":{"Price":"21.99&nbsp;$","Availability":"In stock"},"schema":{"@context":"https:\/\/schema.org","@graph":[{"@type":"WebPage","@id":"https:\/\/pupstersocks.com\/produkt\/skarpetki-z-twoja-twarza-holiday-cheer\/","url":"https:\/\/pupstersocks.com\/produkt\/skarpetki-z-twoja-twarza-holiday-cheer\/","name":"Personalis\u00e9iert Str\u00ebmp mat \u00e4rem Gesiicht \u2013 Holiday Cheer","isPartOf":{"@id":"https:\/\/pupstersocks.com\/#website"},"primaryImageOfPage":{"@id":"https:\/\/pupstersocks.com\/produkt\/skarpetki-z-twoja-twarza-holiday-cheer\/#primaryimage"},"image":{"@id":"https:\/\/pupstersocks.com\/produkt\/skarpetki-z-twoja-twarza-holiday-cheer\/#primaryimage"},"thumbnailUrl":"https:\/\/pupstersocks.com\/wp-content\/uploads\/2024\/11\/mp4-scaled.webp","datePublished":"2024-11-04T13:05:41+00:00","dateModified":"2026-03-04T00:38:33+00:00","description":"Bestellt personalis\u00e9iert Str\u00ebmp mat \u00e4rem Gesiicht \u2013 Holiday Cheer \u2013 dat perfekt Chr\u00ebschtkaddo mat Beem, Kugelen an \u00e4rem Foto. Kuckt et Iech un!","breadcrumb":{"@id":"https:\/\/pupstersocks.com\/produkt\/skarpetki-z-twoja-twarza-holiday-cheer\/#breadcrumb"},"inLanguage":"lb-LU","potentialAction":[{"@type":"ReadAction","target":["https:\/\/pupstersocks.com\/produkt\/skarpetki-z-twoja-twarza-holiday-cheer\/"]}]},{"@type":"ImageObject","inLanguage":"lb-LU","@id":"https:\/\/pupstersocks.com\/produkt\/skarpetki-z-twoja-twarza-holiday-cheer\/#primaryimage","url":"https:\/\/pupstersocks.com\/wp-content\/uploads\/2024\/11\/mp4-scaled.webp","contentUrl":"https:\/\/pupstersocks.com\/wp-content\/uploads\/2024\/11\/mp4-scaled.webp","width":2560,"height":2560},{"@type":"BreadcrumbList","@id":"https:\/\/pupstersocks.com\/produkt\/skarpetki-z-twoja-twarza-holiday-cheer\/#breadcrumb","itemListElement":[{"@type":"ListItem","position":1,"name":"Strona g\u0142\u00f3wna","item":"https:\/\/pupstersocks.com\/"},{"@type":"ListItem","position":2,"name":"Produkty","item":"https:\/\/pupstersocks.com\/shop\/"},{"@type":"ListItem","position":3,"name":"Skarpetki z Twoj\u0105 twarz\u0105 &#8211; Holiday Cheer"}]},{"@type":"WebSite","@id":"https:\/\/pupstersocks.com\/#website","url":"https:\/\/pupstersocks.com\/","name":"Pupstersocks","description":"Personalis\u00e9iert Str\u00ebmp mat \u00c4rem Dr\u00e9cken!","publisher":{"@id":"https:\/\/pupstersocks.com\/#organization"},"potentialAction":[{"@type":"SearchAction","target":{"@type":"EntryPoint","urlTemplate":"https:\/\/pupstersocks.com\/?s={search_term_string}"},"query-input":{"@type":"PropertyValueSpecification","valueRequired":true,"valueName":"search_term_string"}}],"inLanguage":"lb-LU"},{"@type":"Organization","@id":"https:\/\/pupstersocks.com\/#organization","name":"Pupstersocks - Personalis\u00e9iert Str\u00ebmp mat \u00c4rem Drock!","url":"https:\/\/pupstersocks.com\/","logo":{"@type":"ImageObject","inLanguage":"lb-LU","@id":"https:\/\/pupstersocks.com\/#\/schema\/logo\/image\/","url":"https:\/\/pupstersocks.com\/wp-content\/uploads\/2022\/06\/cropped-favicon_obszar-roboczy-1.png","contentUrl":"https:\/\/pupstersocks.com\/wp-content\/uploads\/2022\/06\/cropped-favicon_obszar-roboczy-1.png","width":512,"height":512,"caption":"Pupstersocks - Skarpetki personalizowane z Twoim nadrukiem!"},"image":{"@id":"https:\/\/pupstersocks.com\/#\/schema\/logo\/image\/"},"sameAs":["https:\/\/www.facebook.com\/pupstersocks","https:\/\/www.instagram.com\/pupstersocks\/"]}]},"product_price_amount":"21.99","product_price_currency":"PLN","og_availability":"instock","product_availability":"instock","product_retailer_item_id":"PS-46","product_condition":"new"},"_links":{"self":[{"href":"https:\/\/pupstersocks.com\/lb\/wp-json\/wp\/v2\/product\/10932","targetHints":{"allow":["GET"]}}],"collection":[{"href":"https:\/\/pupstersocks.com\/lb\/wp-json\/wp\/v2\/product"}],"about":[{"href":"https:\/\/pupstersocks.com\/lb\/wp-json\/wp\/v2\/types\/product"}],"version-history":[{"count":1,"href":"https:\/\/pupstersocks.com\/lb\/wp-json\/wp\/v2\/product\/10932\/revisions"}],"predecessor-version":[{"id":15197,"href":"https:\/\/pupstersocks.com\/lb\/wp-json\/wp\/v2\/product\/10932\/revisions\/15197"}],"wp:featuredmedia":[{"embeddable":true,"href":"https:\/\/pupstersocks.com\/lb\/wp-json\/wp\/v2\/media\/15196"}],"wp:attachment":[{"href":"https:\/\/pupstersocks.com\/lb\/wp-json\/wp\/v2\/media?parent=10932"}],"wp:term":[{"taxonomy":"product_brand","embeddable":true,"href":"https:\/\/pupstersocks.com\/lb\/wp-json\/wp\/v2\/product_brand?post=10932"},{"taxonomy":"product_cat","embeddable":true,"href":"https:\/\/pupstersocks.com\/lb\/wp-json\/wp\/v2\/product_cat?post=10932"},{"taxonomy":"product_tag","embeddable":true,"href":"https:\/\/pupstersocks.com\/lb\/wp-json\/wp\/v2\/product_tag?post=10932"}],"curies":[{"name":"wp","href":"https:\/\/api.w.org\/{rel}","templated":true}]}}