{"id":1116,"date":"2022-01-17T14:18:30","date_gmt":"2022-01-17T13:18:30","guid":{"rendered":"https:\/\/pupstersocks.com\/?post_type=product&#038;p=1116"},"modified":"2026-03-04T01:39:41","modified_gmt":"2026-03-04T00:39:41","slug":"carape-s-mackom","status":"publish","type":"product","link":"https:\/\/pupstersocks.com\/hr\/proizvod\/carape-s-mackom\/","title":{"rendered":"\u010carape s va\u0161om ma\u010dkom"},"content":{"rendered":"<div class=\"translation-block\">\n<p><strong>Skarpetki personalizowane z twarz\u0105 kota \u2013 wyj\u0105tkowy prezent dla mi\u0142o\u015bnik\u00f3w mruczk\u00f3w!<\/strong><\/p>\n<p>Chcesz podkre\u015bli\u0107 swoj\u0105 mi\u0142o\u015b\u0107 do kot\u00f3w? Personalizowane skarpetki z twarz\u0105 kota to doskona\u0142y spos\u00f3b, aby zawsze mie\u0107 swojego pupila blisko siebie. Warto je wybra\u0107, je\u015bli szukasz produktu, kt\u00f3ry \u0142\u0105czy zabaw\u0119 z oryginalno\u015bci\u0105 i odrobin\u0105 kociej magii.<\/p>\n<p><strong>Dlaczego warto wybra\u0107 nasze personalizowane skarpetki z twarz\u0105 kota?<\/strong><\/p>\n<ul>\n<li>S\u0105 trwa\u0142e i wygodne \u2013 idealne do codziennego u\u017cytku, a jednocze\u015bnie z bardzo trwa\u0142ym nadrukiem.<\/li>\n<li>Wyj\u0105tkowy nadruk z twarz\u0105 Twojego kota sprawia, \u017ce s\u0105 naprawd\u0119 unikalne.<\/li>\n<li>To idealny prezent na ka\u017cd\u0105 okazj\u0119, zar\u00f3wno dla mi\u0142o\u015bnik\u00f3w kot\u00f3w, jak i bliskich.<\/li>\n<\/ul>\n<p>Ponadto dzi\u0119ki naszym personalizowanym produktom mo\u017cesz wyrazi\u0107 swoj\u0105 mi\u0142o\u015b\u0107 do swojego kota w niecodzienny spos\u00f3b. Co wi\u0119cej, nasze skarpetki s\u0105 nie tylko pi\u0119kne, ale r\u00f3wnie\u017c praktyczne. Dlatego w\u0142a\u015bnie to wyb\u00f3r, kt\u00f3ry pokochasz!<\/p>\n<p><strong>Jak zam\u00f3wi\u0107?<\/strong><\/p>\n<ol>\n<li>Wybierz rozmiar, kolor i wz\u00f3r.<\/li>\n<li>Prze\u015blij zdj\u0119cie twarzy swojego kota.<\/li>\n<li>Poczekaj na wyj\u0105tkowe personalizowane skarpetki, kt\u00f3re dostarczymy prosto do Twojego domu.<\/li>\n<\/ol>\n<p>Dzi\u0119ki temu prostemu procesowi zamawiania szybko stworzysz produkt, kt\u00f3ry zachwyci ka\u017cdego mi\u0142o\u015bnika kot\u00f3w. A je\u015bli masz jakiekolwiek pytania, z przyjemno\u015bci\u0105 na nie odpowiemy!<\/p>\n<p><strong>Dodatkowe informacje:<\/strong><\/p>\n<ul>\n<li><strong>Czas realizacji zam\u00f3wienia:<\/strong> nast\u0119pny dzie\u0144 roboczy.<\/li>\n<li><strong>Rozmiary skarpetek:<\/strong> Od 35 do 45, idealne dla ka\u017cdej stopy.<\/li>\n<li><strong>Wysy\u0142ka:<\/strong> Na terenie Polski i za granic\u0119. Pe\u0142na lista znajduje si\u0119 w sekcji <a href=\"https:\/\/pupstersocks.com\/hr\/faq\/\">FAQ<\/a>.<\/li>\n<\/ul>\n<p>Nie czekaj \u2013 zam\u00f3w wyj\u0105tkowe skarpetki z twarz\u0105 kota ju\u017c dzi\u015b i spraw rado\u015b\u0107 sobie lub bliskim. To doskona\u0142y spos\u00f3b, aby wyr\u00f3\u017cni\u0107 si\u0119 w t\u0142umie i stworzy\u0107 co\u015b naprawd\u0119 oryginalnego. Co wi\u0119cej, taki prezent b\u0119dzie niezapomniany i wywo\u0142a u\u015bmiech na twarzy ka\u017cdego obdarowanego.<\/p>\n<\/div>","protected":false},"excerpt":{"rendered":"<p>Personalizirane \u010darape s licem va\u0161e ma\u010dke! Odaberite boju, uzorak i veli\u010dinu, po\u0161aljite fotografiju, a mi \u0107emo se pobrinuti za ostalo. Savr\u0161en poklon za ljubitelje \u017eivotinja.<\/p>","protected":false},"featured_media":14491,"template":"","meta":[],"product_brand":[],"product_cat":[48],"product_tag":[],"class_list":{"0":"post-1116","1":"product","2":"type-product","3":"status-publish","4":"has-post-thumbnail","6":"product_cat-zwierzeta","8":"first","9":"instock","10":"shipping-taxable","11":"purchasable","12":"product-type-simple"},"yoast_head":"<!-- This site is optimized with the Yoast SEO Premium plugin v26.2 (Yoast SEO v27.3) - https:\/\/yoast.com\/product\/yoast-seo-premium-wordpress\/ -->\n<title>Skarpetki personalizowane z twarz\u0105 Twojego kota - PupsterSocks<\/title>\n<meta name=\"description\" content=\"Zam\u00f3w skarpetki personalizowane z twarz\u0105 Twojego kota \u2013 oryginalny prezent dla mi\u0142o\u015bnik\u00f3w zwierz\u0105t. Wybierz wz\u00f3r, kolor i rozmiar na PupsterSocks!\" \/>\n<meta name=\"robots\" content=\"index, follow, max-snippet:-1, max-image-preview:large, max-video-preview:-1\" \/>\n<link rel=\"canonical\" href=\"https:\/\/pupstersocks.com\/hr\/proizvod\/carape-s-mackom\/\" \/>\n<meta property=\"og:locale\" content=\"hr_HR\" \/>\n<meta property=\"og:type\" content=\"article\" \/>\n<meta property=\"og:title\" content=\"Skarpetki z Twoim kotem\" \/>\n<meta property=\"og:description\" content=\"Zam\u00f3w skarpetki personalizowane z twarz\u0105 Twojego kota \u2013 oryginalny prezent dla mi\u0142o\u015bnik\u00f3w zwierz\u0105t. Wybierz wz\u00f3r, kolor i rozmiar na PupsterSocks!\" \/>\n<meta property=\"og:url\" content=\"https:\/\/pupstersocks.com\/hr\/proizvod\/carape-s-mackom\/\" \/>\n<meta property=\"og:site_name\" content=\"Pupstersocks | Personalizowane skarpetki z Twoim pupilem\" \/>\n<meta property=\"article:publisher\" content=\"https:\/\/www.facebook.com\/pupstersocks\" \/>\n<meta property=\"article:modified_time\" content=\"2026-03-04T00:39:41+00:00\" \/>\n<meta property=\"og:image\" content=\"https:\/\/pupstersocks.com\/wp-content\/uploads\/2022\/01\/catimg-scaled.webp\" \/>\n\t<meta property=\"og:image:width\" content=\"2560\" \/>\n\t<meta property=\"og:image:height\" content=\"2560\" \/>\n\t<meta property=\"og:image:type\" content=\"image\/webp\" \/>\n<meta name=\"twitter:card\" content=\"summary_large_image\" \/>\n<meta name=\"twitter:label1\" content=\"Price\" \/>\n\t<meta name=\"twitter:data1\" content=\"21.99&nbsp;$\" \/>\n\t<meta name=\"twitter:label2\" content=\"Availability\" \/>\n\t<meta name=\"twitter:data2\" content=\"In stock\" \/>\n<script type=\"application\/ld+json\" class=\"yoast-schema-graph\">{\"@context\":\"https:\\\/\\\/schema.org\",\"@graph\":[{\"@type\":\"WebPage\",\"@id\":\"https:\\\/\\\/pupstersocks.com\\\/produkt\\\/skarpetki-z-kotem\\\/\",\"url\":\"https:\\\/\\\/pupstersocks.com\\\/produkt\\\/skarpetki-z-kotem\\\/\",\"name\":\"Skarpetki personalizowane z twarz\u0105 Twojego kota - PupsterSocks\",\"isPartOf\":{\"@id\":\"https:\\\/\\\/pupstersocks.com\\\/#website\"},\"primaryImageOfPage\":{\"@id\":\"https:\\\/\\\/pupstersocks.com\\\/produkt\\\/skarpetki-z-kotem\\\/#primaryimage\"},\"image\":{\"@id\":\"https:\\\/\\\/pupstersocks.com\\\/produkt\\\/skarpetki-z-kotem\\\/#primaryimage\"},\"thumbnailUrl\":\"https:\\\/\\\/pupstersocks.com\\\/wp-content\\\/uploads\\\/2022\\\/01\\\/catimg-scaled.webp\",\"datePublished\":\"2022-01-17T13:18:30+00:00\",\"dateModified\":\"2026-03-04T00:39:41+00:00\",\"description\":\"Zam\u00f3w skarpetki personalizowane z twarz\u0105 Twojego kota \u2013 oryginalny prezent dla mi\u0142o\u015bnik\u00f3w zwierz\u0105t. Wybierz wz\u00f3r, kolor i rozmiar na PupsterSocks!\",\"breadcrumb\":{\"@id\":\"https:\\\/\\\/pupstersocks.com\\\/produkt\\\/skarpetki-z-kotem\\\/#breadcrumb\"},\"inLanguage\":\"hr\",\"potentialAction\":[{\"@type\":\"ReadAction\",\"target\":[\"https:\\\/\\\/pupstersocks.com\\\/produkt\\\/skarpetki-z-kotem\\\/\"]}]},{\"@type\":\"ImageObject\",\"inLanguage\":\"hr\",\"@id\":\"https:\\\/\\\/pupstersocks.com\\\/produkt\\\/skarpetki-z-kotem\\\/#primaryimage\",\"url\":\"https:\\\/\\\/pupstersocks.com\\\/wp-content\\\/uploads\\\/2022\\\/01\\\/catimg-scaled.webp\",\"contentUrl\":\"https:\\\/\\\/pupstersocks.com\\\/wp-content\\\/uploads\\\/2022\\\/01\\\/catimg-scaled.webp\",\"width\":2560,\"height\":2560},{\"@type\":\"BreadcrumbList\",\"@id\":\"https:\\\/\\\/pupstersocks.com\\\/produkt\\\/skarpetki-z-kotem\\\/#breadcrumb\",\"itemListElement\":[{\"@type\":\"ListItem\",\"position\":1,\"name\":\"Strona g\u0142\u00f3wna\",\"item\":\"https:\\\/\\\/pupstersocks.com\\\/\"},{\"@type\":\"ListItem\",\"position\":2,\"name\":\"Produkty\",\"item\":\"https:\\\/\\\/pupstersocks.com\\\/shop\\\/\"},{\"@type\":\"ListItem\",\"position\":3,\"name\":\"Skarpetki z Twoim kotem\"}]},{\"@type\":\"WebSite\",\"@id\":\"https:\\\/\\\/pupstersocks.com\\\/#website\",\"url\":\"https:\\\/\\\/pupstersocks.com\\\/\",\"name\":\"Pupstersocks\",\"description\":\"Skarpetki personalizowane z Twoim nadrukiem!\",\"publisher\":{\"@id\":\"https:\\\/\\\/pupstersocks.com\\\/#organization\"},\"potentialAction\":[{\"@type\":\"SearchAction\",\"target\":{\"@type\":\"EntryPoint\",\"urlTemplate\":\"https:\\\/\\\/pupstersocks.com\\\/?s={search_term_string}\"},\"query-input\":{\"@type\":\"PropertyValueSpecification\",\"valueRequired\":true,\"valueName\":\"search_term_string\"}}],\"inLanguage\":\"hr\"},{\"@type\":\"Organization\",\"@id\":\"https:\\\/\\\/pupstersocks.com\\\/#organization\",\"name\":\"Pupstersocks - Skarpetki personalizowane z Twoim nadrukiem!\",\"url\":\"https:\\\/\\\/pupstersocks.com\\\/\",\"logo\":{\"@type\":\"ImageObject\",\"inLanguage\":\"hr\",\"@id\":\"https:\\\/\\\/pupstersocks.com\\\/#\\\/schema\\\/logo\\\/image\\\/\",\"url\":\"https:\\\/\\\/pupstersocks.com\\\/wp-content\\\/uploads\\\/2022\\\/06\\\/cropped-favicon_obszar-roboczy-1.png\",\"contentUrl\":\"https:\\\/\\\/pupstersocks.com\\\/wp-content\\\/uploads\\\/2022\\\/06\\\/cropped-favicon_obszar-roboczy-1.png\",\"width\":512,\"height\":512,\"caption\":\"Pupstersocks - Skarpetki personalizowane z Twoim nadrukiem!\"},\"image\":{\"@id\":\"https:\\\/\\\/pupstersocks.com\\\/#\\\/schema\\\/logo\\\/image\\\/\"},\"sameAs\":[\"https:\\\/\\\/www.facebook.com\\\/pupstersocks\",\"https:\\\/\\\/www.instagram.com\\\/pupstersocks\\\/\"]}]}<\/script>\n<meta property=\"product:price:amount\" content=\"21.99\" \/>\n<meta property=\"product:price:currency\" content=\"PLN\" \/>\n<meta property=\"og:availability\" content=\"instock\" \/>\n<meta property=\"product:availability\" content=\"instock\" \/>\n<meta property=\"product:retailer_item_id\" content=\"PS-02\" \/>\n<meta property=\"product:condition\" content=\"new\" \/>\n<!-- \/ Yoast SEO Premium plugin. -->","yoast_head_json":{"title":"Personalizirane \u010darape s licem va\u0161e ma\u010dke - PupsterSocks","description":"Naru\u010dite personalizirane \u010darape s licem va\u0161e ma\u010dke \u2013 originalan poklon za ljubitelje \u017eivotinja. Odaberite uzorak, boju i veli\u010dinu na PupsterSocks!","robots":{"index":"index","follow":"follow","max-snippet":"max-snippet:-1","max-image-preview":"max-image-preview:large","max-video-preview":"max-video-preview:-1"},"canonical":"https:\/\/pupstersocks.com\/hr\/proizvod\/carape-s-mackom\/","og_locale":"hr_HR","og_type":"article","og_title":"Skarpetki z Twoim kotem","og_description":"Zam\u00f3w skarpetki personalizowane z twarz\u0105 Twojego kota \u2013 oryginalny prezent dla mi\u0142o\u015bnik\u00f3w zwierz\u0105t. Wybierz wz\u00f3r, kolor i rozmiar na PupsterSocks!","og_url":"https:\/\/pupstersocks.com\/hr\/proizvod\/carape-s-mackom\/","og_site_name":"Pupstersocks | Personalizowane skarpetki z Twoim pupilem","article_publisher":"https:\/\/www.facebook.com\/pupstersocks","article_modified_time":"2026-03-04T00:39:41+00:00","og_image":[{"width":2560,"height":2560,"url":"https:\/\/pupstersocks.com\/wp-content\/uploads\/2022\/01\/catimg-scaled.webp","type":"image\/webp"}],"twitter_card":"summary_large_image","twitter_misc":{"Price":"21.99&nbsp;$","Availability":"In stock"},"schema":{"@context":"https:\/\/schema.org","@graph":[{"@type":"WebPage","@id":"https:\/\/pupstersocks.com\/produkt\/skarpetki-z-kotem\/","url":"https:\/\/pupstersocks.com\/produkt\/skarpetki-z-kotem\/","name":"Personalizirane \u010darape s licem va\u0161e ma\u010dke - PupsterSocks","isPartOf":{"@id":"https:\/\/pupstersocks.com\/#website"},"primaryImageOfPage":{"@id":"https:\/\/pupstersocks.com\/produkt\/skarpetki-z-kotem\/#primaryimage"},"image":{"@id":"https:\/\/pupstersocks.com\/produkt\/skarpetki-z-kotem\/#primaryimage"},"thumbnailUrl":"https:\/\/pupstersocks.com\/wp-content\/uploads\/2022\/01\/catimg-scaled.webp","datePublished":"2022-01-17T13:18:30+00:00","dateModified":"2026-03-04T00:39:41+00:00","description":"Naru\u010dite personalizirane \u010darape s licem va\u0161e ma\u010dke \u2013 originalan poklon za ljubitelje \u017eivotinja. Odaberite uzorak, boju i veli\u010dinu na PupsterSocks!","breadcrumb":{"@id":"https:\/\/pupstersocks.com\/produkt\/skarpetki-z-kotem\/#breadcrumb"},"inLanguage":"hr","potentialAction":[{"@type":"ReadAction","target":["https:\/\/pupstersocks.com\/produkt\/skarpetki-z-kotem\/"]}]},{"@type":"ImageObject","inLanguage":"hr","@id":"https:\/\/pupstersocks.com\/produkt\/skarpetki-z-kotem\/#primaryimage","url":"https:\/\/pupstersocks.com\/wp-content\/uploads\/2022\/01\/catimg-scaled.webp","contentUrl":"https:\/\/pupstersocks.com\/wp-content\/uploads\/2022\/01\/catimg-scaled.webp","width":2560,"height":2560},{"@type":"BreadcrumbList","@id":"https:\/\/pupstersocks.com\/produkt\/skarpetki-z-kotem\/#breadcrumb","itemListElement":[{"@type":"ListItem","position":1,"name":"Strona g\u0142\u00f3wna","item":"https:\/\/pupstersocks.com\/"},{"@type":"ListItem","position":2,"name":"Produkty","item":"https:\/\/pupstersocks.com\/shop\/"},{"@type":"ListItem","position":3,"name":"Skarpetki z Twoim kotem"}]},{"@type":"WebSite","@id":"https:\/\/pupstersocks.com\/#website","url":"https:\/\/pupstersocks.com\/","name":"Pupstersocks","description":"Personalizirane \u010darape s va\u0161im otiskom!","publisher":{"@id":"https:\/\/pupstersocks.com\/#organization"},"potentialAction":[{"@type":"SearchAction","target":{"@type":"EntryPoint","urlTemplate":"https:\/\/pupstersocks.com\/?s={search_term_string}"},"query-input":{"@type":"PropertyValueSpecification","valueRequired":true,"valueName":"search_term_string"}}],"inLanguage":"hr"},{"@type":"Organization","@id":"https:\/\/pupstersocks.com\/#organization","name":"Pupstersocks - Personalizirane \u010darape s va\u0161im tiskom!","url":"https:\/\/pupstersocks.com\/","logo":{"@type":"ImageObject","inLanguage":"hr","@id":"https:\/\/pupstersocks.com\/#\/schema\/logo\/image\/","url":"https:\/\/pupstersocks.com\/wp-content\/uploads\/2022\/06\/cropped-favicon_obszar-roboczy-1.png","contentUrl":"https:\/\/pupstersocks.com\/wp-content\/uploads\/2022\/06\/cropped-favicon_obszar-roboczy-1.png","width":512,"height":512,"caption":"Pupstersocks - Skarpetki personalizowane z Twoim nadrukiem!"},"image":{"@id":"https:\/\/pupstersocks.com\/#\/schema\/logo\/image\/"},"sameAs":["https:\/\/www.facebook.com\/pupstersocks","https:\/\/www.instagram.com\/pupstersocks\/"]}]},"product_price_amount":"21.99","product_price_currency":"PLN","og_availability":"instock","product_availability":"instock","product_retailer_item_id":"PS-02","product_condition":"new"},"_links":{"self":[{"href":"https:\/\/pupstersocks.com\/hr\/wp-json\/wp\/v2\/product\/1116","targetHints":{"allow":["GET"]}}],"collection":[{"href":"https:\/\/pupstersocks.com\/hr\/wp-json\/wp\/v2\/product"}],"about":[{"href":"https:\/\/pupstersocks.com\/hr\/wp-json\/wp\/v2\/types\/product"}],"version-history":[{"count":1,"href":"https:\/\/pupstersocks.com\/hr\/wp-json\/wp\/v2\/product\/1116\/revisions"}],"predecessor-version":[{"id":14492,"href":"https:\/\/pupstersocks.com\/hr\/wp-json\/wp\/v2\/product\/1116\/revisions\/14492"}],"wp:featuredmedia":[{"embeddable":true,"href":"https:\/\/pupstersocks.com\/hr\/wp-json\/wp\/v2\/media\/14491"}],"wp:attachment":[{"href":"https:\/\/pupstersocks.com\/hr\/wp-json\/wp\/v2\/media?parent=1116"}],"wp:term":[{"taxonomy":"product_brand","embeddable":true,"href":"https:\/\/pupstersocks.com\/hr\/wp-json\/wp\/v2\/product_brand?post=1116"},{"taxonomy":"product_cat","embeddable":true,"href":"https:\/\/pupstersocks.com\/hr\/wp-json\/wp\/v2\/product_cat?post=1116"},{"taxonomy":"product_tag","embeddable":true,"href":"https:\/\/pupstersocks.com\/hr\/wp-json\/wp\/v2\/product_tag?post=1116"}],"curies":[{"name":"wp","href":"https:\/\/api.w.org\/{rel}","templated":true}]}}