{"id":2831,"date":"2022-01-30T23:14:31","date_gmt":"2022-01-30T22:14:31","guid":{"rendered":"https:\/\/pupstersocks.com\/?post_type=product&#038;p=2831"},"modified":"2026-03-04T01:39:24","modified_gmt":"2026-03-04T00:39:24","slug":"calcetines-con-cara-corazones-3","status":"publish","type":"product","link":"https:\/\/pupstersocks.com\/es\/producto\/calcetines-con-cara-corazones-3\/","title":{"rendered":"Calcetines con tu cara \u2013 corazones 3"},"content":{"rendered":"<div class=\"translation-block\">\n<p><strong>Skarpetki personalizowane z Twoj\u0105 twarz\u0105 \u2013 Serca 3 \u2013 idealny romantyczny prezent na ka\u017cd\u0105 okazj\u0119!<\/strong><\/p>\n<p>Chcesz podarowa\u0107 prezent, kt\u00f3ry b\u0119dzie wyj\u0105tkowy i pe\u0142en emocji? <strong>Skarpetki personalizowane z Twoj\u0105 twarz\u0105 \u2013 Serca 3<\/strong> to doskona\u0142y wyb\u00f3r dla ka\u017cdego, kto chce wyrazi\u0107 swoje uczucia w oryginalny spos\u00f3b. Dzi\u0119ki subtelnemu wzorowi serc i mo\u017cliwo\u015bci pe\u0142nej personalizacji te skarpetki b\u0119d\u0105 niezapomnianym upominkiem, kt\u00f3ry zachwyci blisk\u0105 osob\u0119.<\/p>\n<h3><strong>Dlaczego warto wybra\u0107 nasze skarpetki z wzorem Serca 3?<\/strong><\/h3>\n<p>Nasze skarpetki \u0142\u0105cz\u0105 w sobie oryginalny design i wysok\u0105 jako\u015b\u0107 wykonania. Dlatego s\u0105 idealne zar\u00f3wno jako romantyczny prezent, jak i codzienny dodatek.<\/p>\n<h4><strong>Romantyczny styl i wygoda<\/strong><\/h4>\n<ul>\n<li>Wykonane z trwa\u0142ych oraz mi\u0119kkich materia\u0142\u00f3w, dzi\u0119ki czemu zapewniaj\u0105 komfort noszenia na co dzie\u0144.<\/li>\n<li>Wyj\u0105tkowy nadruk z Twoj\u0105 twarz\u0105 lub zdj\u0119ciem pupila, na tle delikatnych serc, sprawia, \u017ce s\u0105 naprawd\u0119 niepowtarzalne.<\/li>\n<li>To \u015bwietny pomys\u0142 na prezent na Walentynki, rocznic\u0119, \u015bwi\u0119ta lub urodziny \u2013 dla ukochanej osoby, rodziny lub bliskich przyjaci\u00f3\u0142.<\/li>\n<\/ul>\n<h3><strong>Jak zam\u00f3wi\u0107 personalizowane skarpetki z sercami?<\/strong><\/h3>\n<ol>\n<li>Wybierz rozmiar..<\/li>\n<li>Prze\u015blij zdj\u0119cie \u2013 Twojej twarzy lub pupila \u2013 do personalizacji.<\/li>\n<li>Poczekaj na wyj\u0105tkowe skarpetki, kt\u00f3re dostarczymy prosto do Twojego domu.<\/li>\n<\/ol>\n<p>Proces zamawiania jest szybki i prosty. Co wi\u0119cej, ka\u017cda para skarpetek jest przygotowywana z dba\u0142o\u015bci\u0105 o detale, dlatego mo\u017cesz by\u0107 pewien, \u017ce spe\u0142ni\u0105 oczekiwania nawet najbardziej wymagaj\u0105cych. Je\u015bli masz pytania, z przyjemno\u015bci\u0105 na nie odpowiemy, poniewa\u017c zale\u017cy nam na Twojej satysfakcji!<\/p>\n<h3><strong>Dodatkowe informacje<\/strong><\/h3>\n<ul>\n<li><strong>Czas realizacji zam\u00f3wienia:<\/strong> nast\u0119pny dzie\u0144 roboczy, aby Tw\u00f3j prezent dotar\u0142 na czas.<\/li>\n<li><strong>Rozmiary:<\/strong> Od 35 do 45, dlatego b\u0119d\u0105 pasowa\u0107 na ka\u017cd\u0105 stop\u0119.<\/li>\n<li><strong>Wysy\u0142ka:<\/strong> Na terenie Polski oraz za granic\u0119 \u2013 pe\u0142na lista dost\u0119pnych kraj\u00f3w znajduje si\u0119 w sekcji <a href=\"https:\/\/pupstersocks.com\/es\/faq\/\">FAQ<\/a>.<\/li>\n<\/ul>\n<h3><strong>Zam\u00f3w ju\u017c dzi\u015b i stw\u00f3rz romantyczny dodatek pe\u0142en oryginalno\u015bci!<\/strong><\/h3>\n<p>Nie czekaj \u2013 zam\u00f3w <strong>skarpetki personalizowane z Twoj\u0105 twarz\u0105 \u2013 Serca 3<\/strong> ju\u017c dzi\u015b i podaruj prezent, kt\u00f3ry wyr\u00f3\u017cnia si\u0119 stylem oraz jako\u015bci\u0105. To doskona\u0142y spos\u00f3b, aby pokaza\u0107 swoje uczucia i sprawi\u0107 rado\u015b\u0107 bliskim.<\/p>\n<\/div>","protected":false},"excerpt":{"rendered":"<p>Pide calcetines personalizados con tu cara o una foto de tu mascota en un fondo de corazones \u2013 patr\u00f3n Corazones 3! El regalo perfecto para San Valent\u00edn, aniversarios o cumplea\u00f1os. Elige el dise\u00f1o, color y tama\u00f1o, m\u00e1ndanos tu foto y nosotros nos encargamos del resto.<\/p>","protected":false},"featured_media":14496,"template":"","meta":[],"product_brand":[],"product_cat":[51,52,49,50],"product_tag":[],"class_list":{"0":"post-2831","1":"product","2":"type-product","3":"status-publish","4":"has-post-thumbnail","6":"product_cat-milosc","7":"product_cat-przyjazn","8":"product_cat-ludzie","9":"product_cat-urodziny","11":"first","12":"instock","13":"shipping-taxable","14":"purchasable","15":"product-type-simple"},"yoast_head":"<!-- This site is optimized with the Yoast SEO Premium plugin v26.2 (Yoast SEO v27.3) - https:\/\/yoast.com\/product\/yoast-seo-premium-wordpress\/ -->\n<title>Skarpetki personalizowane z Twoj\u0105 twarz\u0105 - Serca 3<\/title>\n<meta name=\"description\" content=\"Zam\u00f3w skarpetki personalizowane z Twoj\u0105 twarz\u0105 \u2013 Serca 3 \u2013 idealny prezent na Walentynki, rocznic\u0119 lub \u015bwi\u0119ta. Wyra\u017a swoje uczucia w wyj\u0105tkowy spos\u00f3b!\" \/>\n<meta name=\"robots\" content=\"index, follow, max-snippet:-1, max-image-preview:large, max-video-preview:-1\" \/>\n<link rel=\"canonical\" href=\"https:\/\/pupstersocks.com\/es\/producto\/calcetines-con-cara-corazones-3\/\" \/>\n<meta property=\"og:locale\" content=\"es_ES\" \/>\n<meta property=\"og:type\" content=\"article\" \/>\n<meta property=\"og:title\" content=\"Skarpetki z Twoj\u0105 twarz\u0105 - serca 3\" \/>\n<meta property=\"og:description\" content=\"Zam\u00f3w skarpetki personalizowane z Twoj\u0105 twarz\u0105 \u2013 Serca 3 \u2013 idealny prezent na Walentynki, rocznic\u0119 lub \u015bwi\u0119ta. Wyra\u017a swoje uczucia w wyj\u0105tkowy spos\u00f3b!\" \/>\n<meta property=\"og:url\" content=\"https:\/\/pupstersocks.com\/es\/producto\/calcetines-con-cara-corazones-3\/\" \/>\n<meta property=\"og:site_name\" content=\"Pupstersocks | Personalizowane skarpetki z Twoim pupilem\" \/>\n<meta property=\"article:publisher\" content=\"https:\/\/www.facebook.com\/pupstersocks\" \/>\n<meta property=\"article:modified_time\" content=\"2026-03-04T00:39:24+00:00\" \/>\n<meta property=\"og:image\" content=\"https:\/\/pupstersocks.com\/wp-content\/uploads\/2022\/01\/hearts3img-scaled.webp\" \/>\n\t<meta property=\"og:image:width\" content=\"2560\" \/>\n\t<meta property=\"og:image:height\" content=\"2560\" \/>\n\t<meta property=\"og:image:type\" content=\"image\/webp\" \/>\n<meta name=\"twitter:card\" content=\"summary_large_image\" \/>\n<meta name=\"twitter:label1\" content=\"Precio\" \/>\n\t<meta name=\"twitter:data1\" content=\"21.99&nbsp;$\" \/>\n\t<meta name=\"twitter:label2\" content=\"Disponibilidad\" \/>\n\t<meta name=\"twitter:data2\" content=\"Disponible\" \/>\n<script type=\"application\/ld+json\" class=\"yoast-schema-graph\">{\"@context\":\"https:\\\/\\\/schema.org\",\"@graph\":[{\"@type\":\"WebPage\",\"@id\":\"https:\\\/\\\/pupstersocks.com\\\/produkt\\\/skarpetki-z-twarza-serca-3\\\/\",\"url\":\"https:\\\/\\\/pupstersocks.com\\\/produkt\\\/skarpetki-z-twarza-serca-3\\\/\",\"name\":\"Skarpetki personalizowane z Twoj\u0105 twarz\u0105 - Serca 3\",\"isPartOf\":{\"@id\":\"https:\\\/\\\/pupstersocks.com\\\/#website\"},\"primaryImageOfPage\":{\"@id\":\"https:\\\/\\\/pupstersocks.com\\\/produkt\\\/skarpetki-z-twarza-serca-3\\\/#primaryimage\"},\"image\":{\"@id\":\"https:\\\/\\\/pupstersocks.com\\\/produkt\\\/skarpetki-z-twarza-serca-3\\\/#primaryimage\"},\"thumbnailUrl\":\"https:\\\/\\\/pupstersocks.com\\\/wp-content\\\/uploads\\\/2022\\\/01\\\/hearts3img-scaled.webp\",\"datePublished\":\"2022-01-30T22:14:31+00:00\",\"dateModified\":\"2026-03-04T00:39:24+00:00\",\"description\":\"Zam\u00f3w skarpetki personalizowane z Twoj\u0105 twarz\u0105 \u2013 Serca 3 \u2013 idealny prezent na Walentynki, rocznic\u0119 lub \u015bwi\u0119ta. Wyra\u017a swoje uczucia w wyj\u0105tkowy spos\u00f3b!\",\"breadcrumb\":{\"@id\":\"https:\\\/\\\/pupstersocks.com\\\/produkt\\\/skarpetki-z-twarza-serca-3\\\/#breadcrumb\"},\"inLanguage\":\"es\",\"potentialAction\":[{\"@type\":\"ReadAction\",\"target\":[\"https:\\\/\\\/pupstersocks.com\\\/produkt\\\/skarpetki-z-twarza-serca-3\\\/\"]}]},{\"@type\":\"ImageObject\",\"inLanguage\":\"es\",\"@id\":\"https:\\\/\\\/pupstersocks.com\\\/produkt\\\/skarpetki-z-twarza-serca-3\\\/#primaryimage\",\"url\":\"https:\\\/\\\/pupstersocks.com\\\/wp-content\\\/uploads\\\/2022\\\/01\\\/hearts3img-scaled.webp\",\"contentUrl\":\"https:\\\/\\\/pupstersocks.com\\\/wp-content\\\/uploads\\\/2022\\\/01\\\/hearts3img-scaled.webp\",\"width\":2560,\"height\":2560},{\"@type\":\"BreadcrumbList\",\"@id\":\"https:\\\/\\\/pupstersocks.com\\\/produkt\\\/skarpetki-z-twarza-serca-3\\\/#breadcrumb\",\"itemListElement\":[{\"@type\":\"ListItem\",\"position\":1,\"name\":\"Strona g\u0142\u00f3wna\",\"item\":\"https:\\\/\\\/pupstersocks.com\\\/\"},{\"@type\":\"ListItem\",\"position\":2,\"name\":\"Produkty\",\"item\":\"https:\\\/\\\/pupstersocks.com\\\/shop\\\/\"},{\"@type\":\"ListItem\",\"position\":3,\"name\":\"Skarpetki z Twoj\u0105 twarz\u0105 &#8211; serca 3\"}]},{\"@type\":\"WebSite\",\"@id\":\"https:\\\/\\\/pupstersocks.com\\\/#website\",\"url\":\"https:\\\/\\\/pupstersocks.com\\\/\",\"name\":\"Pupstersocks\",\"description\":\"Skarpetki personalizowane z Twoim nadrukiem!\",\"publisher\":{\"@id\":\"https:\\\/\\\/pupstersocks.com\\\/#organization\"},\"potentialAction\":[{\"@type\":\"SearchAction\",\"target\":{\"@type\":\"EntryPoint\",\"urlTemplate\":\"https:\\\/\\\/pupstersocks.com\\\/?s={search_term_string}\"},\"query-input\":{\"@type\":\"PropertyValueSpecification\",\"valueRequired\":true,\"valueName\":\"search_term_string\"}}],\"inLanguage\":\"es\"},{\"@type\":\"Organization\",\"@id\":\"https:\\\/\\\/pupstersocks.com\\\/#organization\",\"name\":\"Pupstersocks - Skarpetki personalizowane z Twoim nadrukiem!\",\"url\":\"https:\\\/\\\/pupstersocks.com\\\/\",\"logo\":{\"@type\":\"ImageObject\",\"inLanguage\":\"es\",\"@id\":\"https:\\\/\\\/pupstersocks.com\\\/#\\\/schema\\\/logo\\\/image\\\/\",\"url\":\"https:\\\/\\\/pupstersocks.com\\\/wp-content\\\/uploads\\\/2022\\\/06\\\/cropped-favicon_obszar-roboczy-1.png\",\"contentUrl\":\"https:\\\/\\\/pupstersocks.com\\\/wp-content\\\/uploads\\\/2022\\\/06\\\/cropped-favicon_obszar-roboczy-1.png\",\"width\":512,\"height\":512,\"caption\":\"Pupstersocks - Skarpetki personalizowane z Twoim nadrukiem!\"},\"image\":{\"@id\":\"https:\\\/\\\/pupstersocks.com\\\/#\\\/schema\\\/logo\\\/image\\\/\"},\"sameAs\":[\"https:\\\/\\\/www.facebook.com\\\/pupstersocks\",\"https:\\\/\\\/www.instagram.com\\\/pupstersocks\\\/\"]}]}<\/script>\n<meta property=\"product:price:amount\" content=\"21.99\" \/>\n<meta property=\"product:price:currency\" content=\"PLN\" \/>\n<meta property=\"og:availability\" content=\"instock\" \/>\n<meta property=\"product:availability\" content=\"instock\" \/>\n<meta property=\"product:retailer_item_id\" content=\"PS-13\" \/>\n<meta property=\"product:condition\" content=\"new\" \/>\n<!-- \/ Yoast SEO Premium plugin. -->","yoast_head_json":{"title":"Calcetines personalizados con tu cara \u2013 Corazones 3","description":"Pide calcetines personalizados con tu cara \u2013 Corazones 3 \u2013 el regalo perfecto para San Valent\u00edn, aniversarios o vacaciones. \u00a1Expresa tus sentimientos de una manera \u00fanica!","robots":{"index":"index","follow":"follow","max-snippet":"max-snippet:-1","max-image-preview":"max-image-preview:large","max-video-preview":"max-video-preview:-1"},"canonical":"https:\/\/pupstersocks.com\/es\/producto\/calcetines-con-cara-corazones-3\/","og_locale":"es_ES","og_type":"article","og_title":"Skarpetki z Twoj\u0105 twarz\u0105 - serca 3","og_description":"Zam\u00f3w skarpetki personalizowane z Twoj\u0105 twarz\u0105 \u2013 Serca 3 \u2013 idealny prezent na Walentynki, rocznic\u0119 lub \u015bwi\u0119ta. Wyra\u017a swoje uczucia w wyj\u0105tkowy spos\u00f3b!","og_url":"https:\/\/pupstersocks.com\/es\/producto\/calcetines-con-cara-corazones-3\/","og_site_name":"Pupstersocks | Personalizowane skarpetki z Twoim pupilem","article_publisher":"https:\/\/www.facebook.com\/pupstersocks","article_modified_time":"2026-03-04T00:39:24+00:00","og_image":[{"width":2560,"height":2560,"url":"https:\/\/pupstersocks.com\/wp-content\/uploads\/2022\/01\/hearts3img-scaled.webp","type":"image\/webp"}],"twitter_card":"summary_large_image","twitter_misc":{"Precio":"21.99&nbsp;$","Disponibilidad":"Disponible"},"schema":{"@context":"https:\/\/schema.org","@graph":[{"@type":"WebPage","@id":"https:\/\/pupstersocks.com\/produkt\/skarpetki-z-twarza-serca-3\/","url":"https:\/\/pupstersocks.com\/produkt\/skarpetki-z-twarza-serca-3\/","name":"Calcetines personalizados con tu cara \u2013 Corazones 3","isPartOf":{"@id":"https:\/\/pupstersocks.com\/#website"},"primaryImageOfPage":{"@id":"https:\/\/pupstersocks.com\/produkt\/skarpetki-z-twarza-serca-3\/#primaryimage"},"image":{"@id":"https:\/\/pupstersocks.com\/produkt\/skarpetki-z-twarza-serca-3\/#primaryimage"},"thumbnailUrl":"https:\/\/pupstersocks.com\/wp-content\/uploads\/2022\/01\/hearts3img-scaled.webp","datePublished":"2022-01-30T22:14:31+00:00","dateModified":"2026-03-04T00:39:24+00:00","description":"Pide calcetines personalizados con tu cara \u2013 Corazones 3 \u2013 el regalo perfecto para San Valent\u00edn, aniversarios o vacaciones. \u00a1Expresa tus sentimientos de una manera \u00fanica!","breadcrumb":{"@id":"https:\/\/pupstersocks.com\/produkt\/skarpetki-z-twarza-serca-3\/#breadcrumb"},"inLanguage":"es","potentialAction":[{"@type":"ReadAction","target":["https:\/\/pupstersocks.com\/produkt\/skarpetki-z-twarza-serca-3\/"]}]},{"@type":"ImageObject","inLanguage":"es","@id":"https:\/\/pupstersocks.com\/produkt\/skarpetki-z-twarza-serca-3\/#primaryimage","url":"https:\/\/pupstersocks.com\/wp-content\/uploads\/2022\/01\/hearts3img-scaled.webp","contentUrl":"https:\/\/pupstersocks.com\/wp-content\/uploads\/2022\/01\/hearts3img-scaled.webp","width":2560,"height":2560},{"@type":"BreadcrumbList","@id":"https:\/\/pupstersocks.com\/produkt\/skarpetki-z-twarza-serca-3\/#breadcrumb","itemListElement":[{"@type":"ListItem","position":1,"name":"Strona g\u0142\u00f3wna","item":"https:\/\/pupstersocks.com\/"},{"@type":"ListItem","position":2,"name":"Produkty","item":"https:\/\/pupstersocks.com\/shop\/"},{"@type":"ListItem","position":3,"name":"Skarpetki z Twoj\u0105 twarz\u0105 &#8211; serca 3"}]},{"@type":"WebSite","@id":"https:\/\/pupstersocks.com\/#website","url":"https:\/\/pupstersocks.com\/","name":"Pupstersocks","description":"\u00a1Calcetines personalizados con tu dise\u00f1o!","publisher":{"@id":"https:\/\/pupstersocks.com\/#organization"},"potentialAction":[{"@type":"SearchAction","target":{"@type":"EntryPoint","urlTemplate":"https:\/\/pupstersocks.com\/?s={search_term_string}"},"query-input":{"@type":"PropertyValueSpecification","valueRequired":true,"valueName":"search_term_string"}}],"inLanguage":"es"},{"@type":"Organization","@id":"https:\/\/pupstersocks.com\/#organization","name":"Pupstersocks - Calcetines personalizados con tu impresi\u00f3n!","url":"https:\/\/pupstersocks.com\/","logo":{"@type":"ImageObject","inLanguage":"es","@id":"https:\/\/pupstersocks.com\/#\/schema\/logo\/image\/","url":"https:\/\/pupstersocks.com\/wp-content\/uploads\/2022\/06\/cropped-favicon_obszar-roboczy-1.png","contentUrl":"https:\/\/pupstersocks.com\/wp-content\/uploads\/2022\/06\/cropped-favicon_obszar-roboczy-1.png","width":512,"height":512,"caption":"Pupstersocks - Skarpetki personalizowane z Twoim nadrukiem!"},"image":{"@id":"https:\/\/pupstersocks.com\/#\/schema\/logo\/image\/"},"sameAs":["https:\/\/www.facebook.com\/pupstersocks","https:\/\/www.instagram.com\/pupstersocks\/"]}]},"product_price_amount":"21.99","product_price_currency":"PLN","og_availability":"instock","product_availability":"instock","product_retailer_item_id":"PS-13","product_condition":"new"},"_links":{"self":[{"href":"https:\/\/pupstersocks.com\/es\/wp-json\/wp\/v2\/product\/2831","targetHints":{"allow":["GET"]}}],"collection":[{"href":"https:\/\/pupstersocks.com\/es\/wp-json\/wp\/v2\/product"}],"about":[{"href":"https:\/\/pupstersocks.com\/es\/wp-json\/wp\/v2\/types\/product"}],"version-history":[{"count":1,"href":"https:\/\/pupstersocks.com\/es\/wp-json\/wp\/v2\/product\/2831\/revisions"}],"predecessor-version":[{"id":14498,"href":"https:\/\/pupstersocks.com\/es\/wp-json\/wp\/v2\/product\/2831\/revisions\/14498"}],"wp:featuredmedia":[{"embeddable":true,"href":"https:\/\/pupstersocks.com\/es\/wp-json\/wp\/v2\/media\/14496"}],"wp:attachment":[{"href":"https:\/\/pupstersocks.com\/es\/wp-json\/wp\/v2\/media?parent=2831"}],"wp:term":[{"taxonomy":"product_brand","embeddable":true,"href":"https:\/\/pupstersocks.com\/es\/wp-json\/wp\/v2\/product_brand?post=2831"},{"taxonomy":"product_cat","embeddable":true,"href":"https:\/\/pupstersocks.com\/es\/wp-json\/wp\/v2\/product_cat?post=2831"},{"taxonomy":"product_tag","embeddable":true,"href":"https:\/\/pupstersocks.com\/es\/wp-json\/wp\/v2\/product_tag?post=2831"}],"curies":[{"name":"wp","href":"https:\/\/api.w.org\/{rel}","templated":true}]}}