{"id":675,"date":"2022-01-09T22:16:31","date_gmt":"2022-01-09T21:16:31","guid":{"rendered":"https:\/\/pupstersocks.com\/?page_id=675"},"modified":"2026-01-27T02:28:33","modified_gmt":"2026-01-27T01:28:33","slug":"politica-de-privacidad","status":"publish","type":"page","link":"https:\/\/pupstersocks.com\/es\/politica-de-privacidad\/","title":{"rendered":"Pol\u00edtica de privacidad"},"content":{"rendered":"<div data-elementor-type=\"wp-page\" data-elementor-id=\"675\" class=\"elementor elementor-675\" data-elementor-post-type=\"page\">\n\t\t\t\t\t\t<section class=\"elementor-section elementor-top-section elementor-element elementor-element-35ae0467 elementor-section-content-middle elementor-section-full_width elementor-section-height-default elementor-section-height-default\" data-id=\"35ae0467\" data-element_type=\"section\">\n\t\t\t\t\t\t<div class=\"elementor-container elementor-column-gap-no\">\n\t\t\t\t\t<div class=\"elementor-column elementor-col-100 elementor-top-column elementor-element elementor-element-415ccd68\" data-id=\"415ccd68\" data-element_type=\"column\">\n\t\t\t<div class=\"elementor-widget-wrap elementor-element-populated\">\n\t\t\t\t\t\t<div class=\"elementor-element elementor-element-2f059ff3 elementor-widget elementor-widget-heading\" data-id=\"2f059ff3\" data-element_type=\"widget\" data-widget_type=\"heading.default\">\n\t\t\t\t<div class=\"elementor-widget-container\">\n\t\t\t\t\t<h4 class=\"elementor-heading-title elementor-size-default\">Pol\u00edtica de privacidad<\/h4>\t\t\t\t<\/div>\n\t\t\t\t<\/div>\n\t\t\t\t<div class=\"elementor-element elementor-element-74c18d58 elementor-widget elementor-widget-text-editor\" data-id=\"74c18d58\" data-element_type=\"widget\" data-widget_type=\"text-editor.default\">\n\t\t\t\t<div class=\"elementor-widget-container\">\n\t\t\t\t\t\t\t\t\t<p>Respetamos y defendemos los derechos de los usuarios a la privacidad, por lo que a continuaci\u00f3n indicamos los principios del procesamiento de datos personales de los usuarios del sitio web: www.pupstersocks.com.<\/p><p>Wszystkie dane osobowe gromadzimy i przechowujemy \u00a0zgodnie z przepisami rozporz\u0105dzenia Parlamentu Europejskiego i Rady (UE) 2016\/679 z dnia 27 kwietnia 2016 r. w sprawie ochrony os\u00f3b fizycznych w zwi\u0105zku z przetwarzaniem danych osobowych i w sprawie swobodnego przep\u0142ywu takich danych oraz uchylenia dyrektywy 95\/46\/WE (dalej jako: \u201eRODO\u201d) oraz ustawy z dnia 18 lipca 2002 r. o \u015bwiadczeniu us\u0142ug drog\u0105 elektroniczn\u0105.<\/p><p><strong>Responsable del tratamiento de datos personales<\/strong><\/p><p class=\"translation-block\">El Responsable del Tratamiento de Datos Personales es<strong> <\/strong>el vendedor \u2013 <span>Adam Figaj, <\/span><span>empresario que opera como aut\u00f3nomo bajo el nombre comercial Adfi Adam Figaj, NIF: 6172231562 REGON: 54006924<\/span><span>.<\/span>, ul. Wojska Polskiego 55\/9, 63-200 Jarocin, datos de contacto: correo electr\u00f3nico: hello@pupstersocks.com<\/p><p><strong>Uso de datos<\/strong><\/p><p class=\"translation-block\">Todos los datos personales recopilados en el sitio web <a href=\"https:\/\/pupstersocks.com\/es\/\" target=\"_self\">www.pupstersocks.com<\/a> se utilizan exclusivamente en la medida necesaria para la administraci\u00f3n t\u00e9cnica del sitio, soporte individual, gesti\u00f3n de usuarios, as\u00ed como para marketing y el env\u00edo de bienes solicitados y boletines informativos.<\/p><p>Datos personales, como: nombre y apellidos, direcci\u00f3n de correo electr\u00f3nico, direcci\u00f3n de entrega y n\u00famero de tel\u00e9fono, y en el caso de empresas tambi\u00e9n el n\u00famero de IVA \u2013 son proporcionados voluntariamente por el usuario, pero son principalmente necesarios para:<\/p><ul><li>la celebraci\u00f3n de un contrato de compraventa con \u00e9l, as\u00ed como la gesti\u00f3n y ejecuci\u00f3n del pedido (base legal: art. 6.1.b) del RGPD) \u2013 durante la vigencia del contrato celebrado y las liquidaciones tras su finalizaci\u00f3n;<\/li><li>cumplimiento de las obligaciones legales que recaen sobre el Responsable del Tratamiento (base legal: art. 6.1.c) del RGPD), incluyendo:<\/li><\/ul><ol><li>emisi\u00f3n y almacenamiento de un documento de venta nominal (factura, recibo) \u2013 durante el per\u00edodo que exijan las normativas para almacenar documentos fiscales,<\/li><li>gesti\u00f3n y resoluci\u00f3n de posibles reclamaciones \u2013 hasta el final del per\u00edodo de garant\u00eda o responsabilidad por los productos comprados con nosotros;<\/li><li>la realizaci\u00f3n de nuestros intereses leg\u00edtimos (base legal: art. 6.1.f) del RGPD), a saber:<\/li><\/ol><p>\u2013 realizaci\u00f3n de marketing directo \u2013 no m\u00e1s de 5 a\u00f1os o hasta que se presente una objeci\u00f3n al procesamiento de datos personales;<\/p><p>\u2013 selecci\u00f3n de servicios para nuestros clientes, optimizaci\u00f3n de nuestros productos o servicios basada en los comentarios de los clientes, optimizaci\u00f3n de los procesos de atenci\u00f3n en funci\u00f3n del curso de las ventas y el servicio postventa \u2013 prop\u00f3sito anal\u00edtico;<\/p><p>\u2013 encuestas de satisfacci\u00f3n del cliente y determinaci\u00f3n de la calidad de nuestro servicio;<\/p><p>\u2013 creaci\u00f3n de estad\u00edsticas y an\u00e1lisis para nuestras necesidades internas \u2013 durante el per\u00edodo en que sus datos se almacenen para otros fines especificados en esta pol\u00edtica de privacidad.<\/p><p>Para los fines mencionados anteriormente (excepto \"cumplimiento del contrato\" y \"cumplimiento de las obligaciones legales\"), realizaremos un perfilado, es decir, un an\u00e1lisis automatizado de sus datos y la elaboraci\u00f3n de predicciones sobre sus preferencias o comportamientos futuros (por ejemplo, en el caso del perfilado de marketing, adaptaremos los mensajes publicitarios a sus necesidades y preferencias).<\/p><p>En los casos en que usted d\u00e9 su consentimiento para el tratamiento de sus datos, el contenido de dicho consentimiento incluir\u00e1 el prop\u00f3sito para el cual procesaremos los datos. Por ejemplo, usted puede consentir voluntariamente que sus datos personales sean tratados tambi\u00e9n con fines de marketing, incluyendo la recepci\u00f3n de informaci\u00f3n comercial (por ejemplo, boletines informativos, informaci\u00f3n sobre promociones, etc.) mencionada en la Ley de 18.07.2002 sobre la prestaci\u00f3n de servicios electr\u00f3nicos, as\u00ed como para ser contactado por el Proveedor de Servicios mediante dispositivos terminales de telecomunicaciones y sistemas de llamadas autom\u00e1ticas con fines de marketing directo, de acuerdo con la Ley de 16.07.2004 sobre Telecomunicaciones.<\/p><p>Proporcionar datos personales por parte del usuario es voluntario, pero necesario para realizar un pedido, suscribirse al bolet\u00edn informativo o simplemente ponerse en contacto con nosotros, etc.<\/p><p><strong>\u00bfA qui\u00e9n podemos transferir los datos?<\/strong><\/p><p>Podemos transferir los datos de los usuarios a otras empresas con las que colaboramos, tales como: empresas de mensajer\u00eda, operadores de pago, empresas que gestionan nuestros almacenes, empresas de alojamiento (que almacenan datos para nosotros en sus servidores), proveedores y socios en la prestaci\u00f3n de servicios de marketing y publicidad, despachos de abogados, empresas de cobro de deudas, entidades que adquieren cr\u00e9ditos.<\/p><p>El procesamiento mencionado anteriormente tambi\u00e9n puede resultar en la transferencia de datos a destinatarios fuera de la Uni\u00f3n Europea. La transferencia de datos se lleva a cabo en este caso de acuerdo con los principios del llamado Privacy Shield (https:\/\/www.privacyshield.gov\/welcome) o basado en las llamadas Cl\u00e1usulas Contractuales Est\u00e1ndar de la Comisi\u00f3n Europea (http:\/\/ec.europa.eu\/justice\/data-protection\/international-transfer\/index_en.htm).<\/p><p><strong>\u00a0<\/strong><\/p><p><strong>Derechos del usuario<\/strong><\/p><p>El usuario cuyos datos se procesan tiene derecho a:<\/p><ul><li>acceso a sus datos personales y recibir una copia de los mismos,<\/li><li>rectificaci\u00f3n de sus datos personales si son incorrectos, as\u00ed como su complementaci\u00f3n si est\u00e1n incompletos,<\/li><li>eliminaci\u00f3n completa de sus datos personales (derecho al olvido),<\/li><li>restricci\u00f3n del procesamiento de sus datos,<\/li><li>oponerse al procesamiento de sus datos con fines anal\u00edticos y estad\u00edsticos,<\/li><li>presentar una queja ante el Presidente de la Autoridad de Protecci\u00f3n de Datos (si considera que el procesamiento de sus datos infringe las regulaciones del RGPD).<\/li><\/ul><p>El administrador garantiza la confidencialidad de todos los datos personales proporcionados. Asegura la implementaci\u00f3n de todas las medidas de seguridad y protecci\u00f3n de datos personales requeridas por la normativa de protecci\u00f3n de datos. Los datos personales se recopilan con el debido cuidado y est\u00e1n adecuadamente protegidos contra el acceso por personas no autorizadas.<\/p><p><strong>An\u00e1lisis del tr\u00e1fico en la red y cookies<\/strong><\/p><p class=\"translation-block\">Esta pol\u00edtica de cookies se aplica a todos los sitios web y aplicaciones m\u00f3viles pertenecientes a www.pupstersocks.com.<br>Al usar los sitios web y aplicaciones, usted acepta el uso de cookies de acuerdo con esta pol\u00edtica. Si no est\u00e1 de acuerdo con el uso de cookies, debe ajustar la configuraci\u00f3n de su navegador o dejar de usar los sitios web y aplicaciones.<\/p><p><strong>\u00bfQu\u00e9 son las cookies?<\/strong><\/p><p><strong><br \/><\/strong>Las cookies son peque\u00f1os archivos que se guardan y almacenan en tu ordenador, tableta o smartphone mientras visitas diferentes sitios web en internet. Una cookie generalmente contiene el nombre del sitio web del que proviene, la \"duraci\u00f3n de vida\" de la cookie (es decir, el tiempo que permanece activa) y un n\u00famero \u00fanico generado aleatoriamente que se utiliza para identificar el navegador desde el que se conecta al sitio web.<\/p><p><strong>\u00bfPara qu\u00e9 usamos las cookies?<\/strong><\/p><p><strong><br \/><\/strong>Pupstersocks.com u\u017cywa ciasteczek w r\u00f3\u017cnych celach:\u00a0by strony i aplikacje dzia\u0142a\u0142y szybciej i by by\u0142y \u0142atwiejsze w u\u017cyciu, aby lepiej dopasowa\u0107 tre\u015bci i reklamy do twoich oczekiwa\u0144 i zainteresowa\u0144 oraz do zbierania anonimowych, zagregowanych statystyk, kt\u00f3re pomagaj\u0105 w poprawianiu funkcjonalno\u015bci i zawarto\u015bci stron i aplikacji. U\u017cywaj\u0105c ciasteczek w wy\u017cej opisany spos\u00f3b nigdy nie identyfikujemy to\u017csamo\u015bci u\u017cytkownik\u00f3w na podstawie informacji przechowywanych w ciasteczkach.<\/p><p><strong>Cambios en la pol\u00edtica de privacidad<\/strong><\/p><p>Estamos cambiando para mejor por usted, y en el futuro, podr\u00eda suceder que encontremos formas a\u00fan mejores de proteger sus datos. En tal caso, nos veremos obligados a actualizar nuestra pol\u00edtica de privacidad, de lo cual, por supuesto, le informaremos.<\/p>\t\t\t\t\t\t\t\t<\/div>\n\t\t\t\t<\/div>\n\t\t\t\t<section class=\"elementor-section elementor-inner-section elementor-element elementor-element-5784b766 elementor-section-content-middle elementor-section-boxed elementor-section-height-default elementor-section-height-default\" data-id=\"5784b766\" data-element_type=\"section\">\n\t\t\t\t\t\t<div class=\"elementor-container elementor-column-gap-no\">\n\t\t\t\t\t<div class=\"elementor-column elementor-col-100 elementor-inner-column elementor-element elementor-element-76bb49ed\" data-id=\"76bb49ed\" data-element_type=\"column\">\n\t\t\t<div class=\"elementor-widget-wrap elementor-element-populated\">\n\t\t\t\t\t\t<div class=\"elementor-element elementor-element-2d0901a0 elementor-align-center elementor-widget elementor-widget-button\" data-id=\"2d0901a0\" data-element_type=\"widget\" data-widget_type=\"button.default\">\n\t\t\t\t<div class=\"elementor-widget-container\">\n\t\t\t\t\t\t\t\t\t<div class=\"elementor-button-wrapper\">\n\t\t\t\t\t<a class=\"elementor-button elementor-button-link elementor-size-sm elementor-animation-grow\" href=\"#\">\n\t\t\t\t\t\t<span class=\"elementor-button-content-wrapper\">\n\t\t\t\t\t\t\t\t\t<span class=\"elementor-button-text\">ARRIBA \u2191<\/span>\n\t\t\t\t\t<\/span>\n\t\t\t\t\t<\/a>\n\t\t\t\t<\/div>\n\t\t\t\t\t\t\t\t<\/div>\n\t\t\t\t<\/div>\n\t\t\t\t\t<\/div>\n\t\t<\/div>\n\t\t\t\t\t<\/div>\n\t\t<\/section>\n\t\t\t\t\t<\/div>\n\t\t<\/div>\n\t\t\t\t\t<\/div>\n\t\t<\/section>\n\t\t\t\t<\/div>","protected":false},"excerpt":{"rendered":"<p>Polityka prywatno\u015bci Szanujemy i przestrzegamy prawa u\u017cytkownik\u00f3w do prywatno\u015bci, w zwi\u0105zku z czym poni\u017cej wskazujemy zasady przetwarzania danych osobowych os\u00f3b korzystaj\u0105cych ze strony: www.pupstersocks.com. Wszystkie dane osobowe gromadzimy i przechowujemy \u00a0zgodnie z przepisami rozporz\u0105dzenia Parlamentu Europejskiego i Rady (UE) 2016\/679 z dnia 27 kwietnia 2016 r. w sprawie ochrony os\u00f3b fizycznych w zwi\u0105zku z przetwarzaniem [&hellip;]<\/p>","protected":false},"author":1,"featured_media":0,"parent":0,"menu_order":0,"comment_status":"closed","ping_status":"closed","template":"","meta":{"footnotes":""},"class_list":["post-675","page","type-page","status-publish","hentry"],"yoast_head":"<!-- This site is optimized with the Yoast SEO Premium plugin v26.2 (Yoast SEO v27.3) - https:\/\/yoast.com\/product\/yoast-seo-premium-wordpress\/ -->\n<title>Polityka prywatno\u015bci - Pupstersocks | Personalizowane skarpetki z Twoim pupilem<\/title>\n<meta name=\"robots\" content=\"index, follow, max-snippet:-1, max-image-preview:large, max-video-preview:-1\" \/>\n<link rel=\"canonical\" href=\"https:\/\/pupstersocks.com\/es\/politica-de-privacidad\/\" \/>\n<meta property=\"og:locale\" content=\"es_ES\" \/>\n<meta property=\"og:type\" content=\"article\" \/>\n<meta property=\"og:title\" content=\"Polityka prywatno\u015bci\" \/>\n<meta property=\"og:description\" content=\"Polityka prywatno\u015bci Szanujemy i przestrzegamy prawa u\u017cytkownik\u00f3w do prywatno\u015bci, w zwi\u0105zku z czym poni\u017cej wskazujemy zasady przetwarzania danych osobowych os\u00f3b korzystaj\u0105cych ze strony: www.pupstersocks.com. Wszystkie dane osobowe gromadzimy i przechowujemy \u00a0zgodnie z przepisami rozporz\u0105dzenia Parlamentu Europejskiego i Rady (UE) 2016\/679 z dnia 27 kwietnia 2016 r. w sprawie ochrony os\u00f3b fizycznych w zwi\u0105zku z przetwarzaniem [&hellip;]\" \/>\n<meta property=\"og:url\" content=\"https:\/\/pupstersocks.com\/es\/politica-de-privacidad\/\" \/>\n<meta property=\"og:site_name\" content=\"Pupstersocks | Personalizowane skarpetki z Twoim pupilem\" \/>\n<meta property=\"article:publisher\" content=\"https:\/\/www.facebook.com\/pupstersocks\" \/>\n<meta property=\"article:modified_time\" content=\"2026-01-27T01:28:33+00:00\" \/>\n<meta name=\"twitter:card\" content=\"summary_large_image\" \/>\n<meta name=\"twitter:label1\" content=\"Tiempo de lectura\" \/>\n\t<meta name=\"twitter:data1\" content=\"6 minutos\" \/>\n<script type=\"application\/ld+json\" class=\"yoast-schema-graph\">{\"@context\":\"https:\\\/\\\/schema.org\",\"@graph\":[{\"@type\":\"WebPage\",\"@id\":\"https:\\\/\\\/pupstersocks.com\\\/polityka-prywatnosci\\\/\",\"url\":\"https:\\\/\\\/pupstersocks.com\\\/polityka-prywatnosci\\\/\",\"name\":\"Polityka prywatno\u015bci - Pupstersocks | Personalizowane skarpetki z Twoim pupilem\",\"isPartOf\":{\"@id\":\"https:\\\/\\\/pupstersocks.com\\\/#website\"},\"datePublished\":\"2022-01-09T21:16:31+00:00\",\"dateModified\":\"2026-01-27T01:28:33+00:00\",\"breadcrumb\":{\"@id\":\"https:\\\/\\\/pupstersocks.com\\\/polityka-prywatnosci\\\/#breadcrumb\"},\"inLanguage\":\"es\",\"potentialAction\":[{\"@type\":\"ReadAction\",\"target\":[\"https:\\\/\\\/pupstersocks.com\\\/polityka-prywatnosci\\\/\"]}]},{\"@type\":\"BreadcrumbList\",\"@id\":\"https:\\\/\\\/pupstersocks.com\\\/polityka-prywatnosci\\\/#breadcrumb\",\"itemListElement\":[{\"@type\":\"ListItem\",\"position\":1,\"name\":\"Strona g\u0142\u00f3wna\",\"item\":\"https:\\\/\\\/pupstersocks.com\\\/\"},{\"@type\":\"ListItem\",\"position\":2,\"name\":\"Polityka prywatno\u015bci\"}]},{\"@type\":\"WebSite\",\"@id\":\"https:\\\/\\\/pupstersocks.com\\\/#website\",\"url\":\"https:\\\/\\\/pupstersocks.com\\\/\",\"name\":\"Pupstersocks\",\"description\":\"Skarpetki personalizowane z Twoim nadrukiem!\",\"publisher\":{\"@id\":\"https:\\\/\\\/pupstersocks.com\\\/#organization\"},\"potentialAction\":[{\"@type\":\"SearchAction\",\"target\":{\"@type\":\"EntryPoint\",\"urlTemplate\":\"https:\\\/\\\/pupstersocks.com\\\/?s={search_term_string}\"},\"query-input\":{\"@type\":\"PropertyValueSpecification\",\"valueRequired\":true,\"valueName\":\"search_term_string\"}}],\"inLanguage\":\"es\"},{\"@type\":\"Organization\",\"@id\":\"https:\\\/\\\/pupstersocks.com\\\/#organization\",\"name\":\"Pupstersocks - Skarpetki personalizowane z Twoim nadrukiem!\",\"url\":\"https:\\\/\\\/pupstersocks.com\\\/\",\"logo\":{\"@type\":\"ImageObject\",\"inLanguage\":\"es\",\"@id\":\"https:\\\/\\\/pupstersocks.com\\\/#\\\/schema\\\/logo\\\/image\\\/\",\"url\":\"https:\\\/\\\/pupstersocks.com\\\/wp-content\\\/uploads\\\/2022\\\/06\\\/cropped-favicon_obszar-roboczy-1.png\",\"contentUrl\":\"https:\\\/\\\/pupstersocks.com\\\/wp-content\\\/uploads\\\/2022\\\/06\\\/cropped-favicon_obszar-roboczy-1.png\",\"width\":512,\"height\":512,\"caption\":\"Pupstersocks - Skarpetki personalizowane z Twoim nadrukiem!\"},\"image\":{\"@id\":\"https:\\\/\\\/pupstersocks.com\\\/#\\\/schema\\\/logo\\\/image\\\/\"},\"sameAs\":[\"https:\\\/\\\/www.facebook.com\\\/pupstersocks\",\"https:\\\/\\\/www.instagram.com\\\/pupstersocks\\\/\"]}]}<\/script>\n<!-- \/ Yoast SEO Premium plugin. -->","yoast_head_json":{"title":"Pol\u00edtica de privacidad - Pupstersocks | Calcetines personalizados con tu mascota","robots":{"index":"index","follow":"follow","max-snippet":"max-snippet:-1","max-image-preview":"max-image-preview:large","max-video-preview":"max-video-preview:-1"},"canonical":"https:\/\/pupstersocks.com\/es\/politica-de-privacidad\/","og_locale":"es_ES","og_type":"article","og_title":"Polityka prywatno\u015bci","og_description":"Polityka prywatno\u015bci Szanujemy i przestrzegamy prawa u\u017cytkownik\u00f3w do prywatno\u015bci, w zwi\u0105zku z czym poni\u017cej wskazujemy zasady przetwarzania danych osobowych os\u00f3b korzystaj\u0105cych ze strony: www.pupstersocks.com. Wszystkie dane osobowe gromadzimy i przechowujemy \u00a0zgodnie z przepisami rozporz\u0105dzenia Parlamentu Europejskiego i Rady (UE) 2016\/679 z dnia 27 kwietnia 2016 r. w sprawie ochrony os\u00f3b fizycznych w zwi\u0105zku z przetwarzaniem [&hellip;]","og_url":"https:\/\/pupstersocks.com\/es\/politica-de-privacidad\/","og_site_name":"Pupstersocks | Personalizowane skarpetki z Twoim pupilem","article_publisher":"https:\/\/www.facebook.com\/pupstersocks","article_modified_time":"2026-01-27T01:28:33+00:00","twitter_card":"summary_large_image","twitter_misc":{"Tiempo de lectura":"6 minutos"},"schema":{"@context":"https:\/\/schema.org","@graph":[{"@type":"WebPage","@id":"https:\/\/pupstersocks.com\/polityka-prywatnosci\/","url":"https:\/\/pupstersocks.com\/polityka-prywatnosci\/","name":"Pol\u00edtica de privacidad - Pupstersocks | Calcetines personalizados con tu mascota","isPartOf":{"@id":"https:\/\/pupstersocks.com\/#website"},"datePublished":"2022-01-09T21:16:31+00:00","dateModified":"2026-01-27T01:28:33+00:00","breadcrumb":{"@id":"https:\/\/pupstersocks.com\/polityka-prywatnosci\/#breadcrumb"},"inLanguage":"es","potentialAction":[{"@type":"ReadAction","target":["https:\/\/pupstersocks.com\/polityka-prywatnosci\/"]}]},{"@type":"BreadcrumbList","@id":"https:\/\/pupstersocks.com\/polityka-prywatnosci\/#breadcrumb","itemListElement":[{"@type":"ListItem","position":1,"name":"Strona g\u0142\u00f3wna","item":"https:\/\/pupstersocks.com\/"},{"@type":"ListItem","position":2,"name":"Polityka prywatno\u015bci"}]},{"@type":"WebSite","@id":"https:\/\/pupstersocks.com\/#website","url":"https:\/\/pupstersocks.com\/","name":"Pupstersocks","description":"\u00a1Calcetines personalizados con tu dise\u00f1o!","publisher":{"@id":"https:\/\/pupstersocks.com\/#organization"},"potentialAction":[{"@type":"SearchAction","target":{"@type":"EntryPoint","urlTemplate":"https:\/\/pupstersocks.com\/?s={search_term_string}"},"query-input":{"@type":"PropertyValueSpecification","valueRequired":true,"valueName":"search_term_string"}}],"inLanguage":"es"},{"@type":"Organization","@id":"https:\/\/pupstersocks.com\/#organization","name":"Pupstersocks - Calcetines personalizados con tu impresi\u00f3n!","url":"https:\/\/pupstersocks.com\/","logo":{"@type":"ImageObject","inLanguage":"es","@id":"https:\/\/pupstersocks.com\/#\/schema\/logo\/image\/","url":"https:\/\/pupstersocks.com\/wp-content\/uploads\/2022\/06\/cropped-favicon_obszar-roboczy-1.png","contentUrl":"https:\/\/pupstersocks.com\/wp-content\/uploads\/2022\/06\/cropped-favicon_obszar-roboczy-1.png","width":512,"height":512,"caption":"Pupstersocks - Skarpetki personalizowane z Twoim nadrukiem!"},"image":{"@id":"https:\/\/pupstersocks.com\/#\/schema\/logo\/image\/"},"sameAs":["https:\/\/www.facebook.com\/pupstersocks","https:\/\/www.instagram.com\/pupstersocks\/"]}]}},"_links":{"self":[{"href":"https:\/\/pupstersocks.com\/es\/wp-json\/wp\/v2\/pages\/675","targetHints":{"allow":["GET"]}}],"collection":[{"href":"https:\/\/pupstersocks.com\/es\/wp-json\/wp\/v2\/pages"}],"about":[{"href":"https:\/\/pupstersocks.com\/es\/wp-json\/wp\/v2\/types\/page"}],"author":[{"embeddable":true,"href":"https:\/\/pupstersocks.com\/es\/wp-json\/wp\/v2\/users\/1"}],"replies":[{"embeddable":true,"href":"https:\/\/pupstersocks.com\/es\/wp-json\/wp\/v2\/comments?post=675"}],"version-history":[{"count":5,"href":"https:\/\/pupstersocks.com\/es\/wp-json\/wp\/v2\/pages\/675\/revisions"}],"predecessor-version":[{"id":15067,"href":"https:\/\/pupstersocks.com\/es\/wp-json\/wp\/v2\/pages\/675\/revisions\/15067"}],"wp:attachment":[{"href":"https:\/\/pupstersocks.com\/es\/wp-json\/wp\/v2\/media?parent=675"}],"curies":[{"name":"wp","href":"https:\/\/api.w.org\/{rel}","templated":true}]}}