{"id":1154,"date":"2022-01-17T14:35:20","date_gmt":"2022-01-17T13:35:20","guid":{"rendered":"https:\/\/pupstersocks.com\/?post_type=product&#038;p=1154"},"modified":"2026-03-04T01:39:38","modified_gmt":"2026-03-04T00:39:38","slug":"kaltses-me-papagalos","status":"publish","type":"product","link":"https:\/\/pupstersocks.com\/el\/proion\/kaltses-me-papagalos\/","title":{"rendered":"\u039a\u03ac\u03bb\u03c4\u03c3\u03b5\u03c2 \u03bc\u03b5 \u03c4\u03bf \u03ba\u03bf\u03c5\u03bd\u03ad\u03bb\u03b9 \u03c3\u03bf\u03c5"},"content":{"rendered":"<div class=\"translation-block\">\n<p><strong>Skarpetki personalizowane z twarz\u0105 Twojej papugi \u2013 idealny prezent dla mi\u0142o\u015bnik\u00f3w egzotycznych ptak\u00f3w!<\/strong><\/p>\n<p>Chcesz, aby Twoja papuga towarzyszy\u0142a Ci ka\u017cdego dnia? Personalizowane skarpetki z twarz\u0105 papugi to wyj\u0105tkowy spos\u00f3b, aby podkre\u015bli\u0107 swoj\u0105 mi\u0142o\u015b\u0107 do tych pi\u0119knych, kolorowych ptak\u00f3w. Warto je wybra\u0107, je\u015bli szukasz produktu, kt\u00f3ry \u0142\u0105czy oryginalno\u015b\u0107 z wysok\u0105 jako\u015bci\u0105.<\/p>\n<p><strong>Dlaczego warto wybra\u0107 nasze personalizowane skarpetki z twarz\u0105 papugi?<\/strong><\/p>\n<ul>\n<li>S\u0105 trwa\u0142e i wygodne \u2013 doskona\u0142e do codziennego u\u017cytku, a jednocze\u015bnie z bardzo trwa\u0142ym nadrukiem.<\/li>\n<li>Wyj\u0105tkowy nadruk z twarz\u0105 Twojej papugi sprawia, \u017ce s\u0105 naprawd\u0119 unikalne.<\/li>\n<li>To idealny prezent na ka\u017cd\u0105 okazj\u0119, zar\u00f3wno dla mi\u0142o\u015bnik\u00f3w papug, jak i bliskich.<\/li>\n<\/ul>\n<p>Ponadto dzi\u0119ki naszym personalizowanym produktom mo\u017cesz wyrazi\u0107 swoj\u0105 mi\u0142o\u015b\u0107 do swojego pierzastego przyjaciela w niecodzienny spos\u00f3b. Co wi\u0119cej, nasze skarpetki s\u0105 nie tylko pi\u0119kne, ale r\u00f3wnie\u017c praktyczne. Dlatego w\u0142a\u015bnie to wyb\u00f3r, kt\u00f3ry pokochasz!<\/p>\n<p><strong>Jak zam\u00f3wi\u0107?<\/strong><\/p>\n<ol>\n<li>Wybierz rozmiar, kolor i wz\u00f3r.<\/li>\n<li>Prze\u015blij zdj\u0119cie twarzy swojej papugi.<\/li>\n<li>Poczekaj na wyj\u0105tkowe personalizowane skarpetki, kt\u00f3re dostarczymy prosto do Twojego domu.<\/li>\n<\/ol>\n<p>Dzi\u0119ki temu prostemu procesowi zamawiania szybko stworzysz produkt, kt\u00f3ry zachwyci ka\u017cdego mi\u0142o\u015bnika papug. A je\u015bli masz jakiekolwiek pytania, z przyjemno\u015bci\u0105 na nie odpowiemy!<\/p>\n<p><strong>Dodatkowe informacje:<\/strong><\/p>\n<ul>\n<li><strong>Czas realizacji zam\u00f3wienia:<\/strong> nast\u0119pny dzie\u0144 roboczy.<\/li>\n<li><strong>Rozmiary skarpetek:<\/strong> Od 35 do 45, idealne dla ka\u017cdej stopy.<\/li>\n<li><strong>Wysy\u0142ka:<\/strong> Na terenie Polski i za granic\u0119. Pe\u0142na lista znajduje si\u0119 w sekcji <a href=\"https:\/\/pupstersocks.com\/el\/faq\/\">FAQ<\/a>.<\/li>\n<\/ul>\n<p>Nie czekaj \u2013 zam\u00f3w wyj\u0105tkowe skarpetki z twarz\u0105 papugi ju\u017c dzi\u015b i spraw rado\u015b\u0107 sobie lub bliskim. To doskona\u0142y spos\u00f3b, aby wyr\u00f3\u017cni\u0107 si\u0119 w t\u0142umie i stworzy\u0107 co\u015b naprawd\u0119 oryginalnego. Co wi\u0119cej, taki prezent b\u0119dzie niezapomniany i wywo\u0142a u\u015bmiech na twarzy ka\u017cdego obdarowanego.<\/p>\n<\/div>","protected":false},"excerpt":{"rendered":"<p>Personalisierte Socken mit dem Bild deines Papageis! W\u00e4hle Farbe, Muster und Gr\u00f6\u00dfe, lade ein Foto hoch und wir k\u00fcmmern uns um den Rest. Das ideale Geschenk f\u00fcr Papageienliebhaber.<\/p>","protected":false},"featured_media":15116,"template":"","meta":[],"product_brand":[],"product_cat":[48],"product_tag":[],"class_list":{"0":"post-1154","1":"product","2":"type-product","3":"status-publish","4":"has-post-thumbnail","6":"product_cat-zwierzeta","8":"first","9":"instock","10":"shipping-taxable","11":"purchasable","12":"product-type-simple"},"yoast_head":"<!-- This site is optimized with the Yoast SEO Premium plugin v26.2 (Yoast SEO v27.3) - https:\/\/yoast.com\/product\/yoast-seo-premium-wordpress\/ -->\n<title>Skarpetki personalizowane z twarz\u0105 Twojej papugi - PupsterSocks<\/title>\n<meta name=\"description\" content=\"Skarpetki personalizowane z twarz\u0105 Twojej papugi \u2013 oryginalny prezent dla mi\u0142o\u015bnik\u00f3w egzotycznych ptak\u00f3w. Wybierz wz\u00f3r, kolor i rozmiar na PupsterSocks!\" \/>\n<meta name=\"robots\" content=\"index, follow, max-snippet:-1, max-image-preview:large, max-video-preview:-1\" \/>\n<link rel=\"canonical\" href=\"https:\/\/pupstersocks.com\/el\/proion\/kaltses-me-papagalos\/\" \/>\n<meta property=\"og:locale\" content=\"el_GR\" \/>\n<meta property=\"og:type\" content=\"article\" \/>\n<meta property=\"og:title\" content=\"Skarpetki z Twoj\u0105 papug\u0105\" \/>\n<meta property=\"og:description\" content=\"Skarpetki personalizowane z twarz\u0105 Twojej papugi \u2013 oryginalny prezent dla mi\u0142o\u015bnik\u00f3w egzotycznych ptak\u00f3w. Wybierz wz\u00f3r, kolor i rozmiar na PupsterSocks!\" \/>\n<meta property=\"og:url\" content=\"https:\/\/pupstersocks.com\/el\/proion\/kaltses-me-papagalos\/\" \/>\n<meta property=\"og:site_name\" content=\"Pupstersocks | Personalizowane skarpetki z Twoim pupilem\" \/>\n<meta property=\"article:publisher\" content=\"https:\/\/www.facebook.com\/pupstersocks\" \/>\n<meta property=\"article:modified_time\" content=\"2026-03-04T00:39:38+00:00\" \/>\n<meta property=\"og:image\" content=\"https:\/\/pupstersocks.com\/wp-content\/uploads\/2022\/01\/mp31-scaled.webp\" \/>\n\t<meta property=\"og:image:width\" content=\"2560\" \/>\n\t<meta property=\"og:image:height\" content=\"2560\" \/>\n\t<meta property=\"og:image:type\" content=\"image\/webp\" \/>\n<meta name=\"twitter:card\" content=\"summary_large_image\" \/>\n<meta name=\"twitter:label1\" content=\"\u03a4\u03b9\u03bc\u03ae\" \/>\n\t<meta name=\"twitter:data1\" content=\"21.99&nbsp;$\" \/>\n\t<meta name=\"twitter:label2\" content=\"\u0394\u03b9\u03b1\u03b8\u03b5\u03c3\u03b9\u03bc\u03cc\u03c4\u03b7\u03c4\u03b1\" \/>\n\t<meta name=\"twitter:data2\" content=\"\u03a3\u03b5 \u03b1\u03c0\u03cc\u03b8\u03b5\u03bc\u03b1\" \/>\n<script type=\"application\/ld+json\" class=\"yoast-schema-graph\">{\"@context\":\"https:\\\/\\\/schema.org\",\"@graph\":[{\"@type\":\"WebPage\",\"@id\":\"https:\\\/\\\/pupstersocks.com\\\/produkt\\\/skarpetki-z-papuga\\\/\",\"url\":\"https:\\\/\\\/pupstersocks.com\\\/produkt\\\/skarpetki-z-papuga\\\/\",\"name\":\"Skarpetki personalizowane z twarz\u0105 Twojej papugi - PupsterSocks\",\"isPartOf\":{\"@id\":\"https:\\\/\\\/pupstersocks.com\\\/#website\"},\"primaryImageOfPage\":{\"@id\":\"https:\\\/\\\/pupstersocks.com\\\/produkt\\\/skarpetki-z-papuga\\\/#primaryimage\"},\"image\":{\"@id\":\"https:\\\/\\\/pupstersocks.com\\\/produkt\\\/skarpetki-z-papuga\\\/#primaryimage\"},\"thumbnailUrl\":\"https:\\\/\\\/pupstersocks.com\\\/wp-content\\\/uploads\\\/2022\\\/01\\\/mp31-scaled.webp\",\"datePublished\":\"2022-01-17T13:35:20+00:00\",\"dateModified\":\"2026-03-04T00:39:38+00:00\",\"description\":\"Skarpetki personalizowane z twarz\u0105 Twojej papugi \u2013 oryginalny prezent dla mi\u0142o\u015bnik\u00f3w egzotycznych ptak\u00f3w. Wybierz wz\u00f3r, kolor i rozmiar na PupsterSocks!\",\"breadcrumb\":{\"@id\":\"https:\\\/\\\/pupstersocks.com\\\/produkt\\\/skarpetki-z-papuga\\\/#breadcrumb\"},\"inLanguage\":\"el\",\"potentialAction\":[{\"@type\":\"ReadAction\",\"target\":[\"https:\\\/\\\/pupstersocks.com\\\/produkt\\\/skarpetki-z-papuga\\\/\"]}]},{\"@type\":\"ImageObject\",\"inLanguage\":\"el\",\"@id\":\"https:\\\/\\\/pupstersocks.com\\\/produkt\\\/skarpetki-z-papuga\\\/#primaryimage\",\"url\":\"https:\\\/\\\/pupstersocks.com\\\/wp-content\\\/uploads\\\/2022\\\/01\\\/mp31-scaled.webp\",\"contentUrl\":\"https:\\\/\\\/pupstersocks.com\\\/wp-content\\\/uploads\\\/2022\\\/01\\\/mp31-scaled.webp\",\"width\":2560,\"height\":2560},{\"@type\":\"BreadcrumbList\",\"@id\":\"https:\\\/\\\/pupstersocks.com\\\/produkt\\\/skarpetki-z-papuga\\\/#breadcrumb\",\"itemListElement\":[{\"@type\":\"ListItem\",\"position\":1,\"name\":\"Strona g\u0142\u00f3wna\",\"item\":\"https:\\\/\\\/pupstersocks.com\\\/\"},{\"@type\":\"ListItem\",\"position\":2,\"name\":\"Produkty\",\"item\":\"https:\\\/\\\/pupstersocks.com\\\/shop\\\/\"},{\"@type\":\"ListItem\",\"position\":3,\"name\":\"Skarpetki z Twoj\u0105 papug\u0105\"}]},{\"@type\":\"WebSite\",\"@id\":\"https:\\\/\\\/pupstersocks.com\\\/#website\",\"url\":\"https:\\\/\\\/pupstersocks.com\\\/\",\"name\":\"Pupstersocks\",\"description\":\"Skarpetki personalizowane z Twoim nadrukiem!\",\"publisher\":{\"@id\":\"https:\\\/\\\/pupstersocks.com\\\/#organization\"},\"potentialAction\":[{\"@type\":\"SearchAction\",\"target\":{\"@type\":\"EntryPoint\",\"urlTemplate\":\"https:\\\/\\\/pupstersocks.com\\\/?s={search_term_string}\"},\"query-input\":{\"@type\":\"PropertyValueSpecification\",\"valueRequired\":true,\"valueName\":\"search_term_string\"}}],\"inLanguage\":\"el\"},{\"@type\":\"Organization\",\"@id\":\"https:\\\/\\\/pupstersocks.com\\\/#organization\",\"name\":\"Pupstersocks - Skarpetki personalizowane z Twoim nadrukiem!\",\"url\":\"https:\\\/\\\/pupstersocks.com\\\/\",\"logo\":{\"@type\":\"ImageObject\",\"inLanguage\":\"el\",\"@id\":\"https:\\\/\\\/pupstersocks.com\\\/#\\\/schema\\\/logo\\\/image\\\/\",\"url\":\"https:\\\/\\\/pupstersocks.com\\\/wp-content\\\/uploads\\\/2022\\\/06\\\/cropped-favicon_obszar-roboczy-1.png\",\"contentUrl\":\"https:\\\/\\\/pupstersocks.com\\\/wp-content\\\/uploads\\\/2022\\\/06\\\/cropped-favicon_obszar-roboczy-1.png\",\"width\":512,\"height\":512,\"caption\":\"Pupstersocks - Skarpetki personalizowane z Twoim nadrukiem!\"},\"image\":{\"@id\":\"https:\\\/\\\/pupstersocks.com\\\/#\\\/schema\\\/logo\\\/image\\\/\"},\"sameAs\":[\"https:\\\/\\\/www.facebook.com\\\/pupstersocks\",\"https:\\\/\\\/www.instagram.com\\\/pupstersocks\\\/\"]}]}<\/script>\n<meta property=\"product:price:amount\" content=\"21.99\" \/>\n<meta property=\"product:price:currency\" content=\"PLN\" \/>\n<meta property=\"og:availability\" content=\"instock\" \/>\n<meta property=\"product:availability\" content=\"instock\" \/>\n<meta property=\"product:retailer_item_id\" content=\"PS-04\" \/>\n<meta property=\"product:condition\" content=\"new\" \/>\n<!-- \/ Yoast SEO Premium plugin. -->","yoast_head_json":{"title":"\u0395\u03be\u03b1\u03c4\u03bf\u03bc\u03b9\u03ba\u03b5\u03c5\u03bc\u03ad\u03bd\u03b5\u03c2 \u03ba\u03ac\u03bb\u03c4\u03c3\u03b5\u03c2 \u03bc\u03b5 \u03c4\u03bf \u03c0\u03c1\u03cc\u03c3\u03c9\u03c0\u03bf \u03c4\u03bf\u03c5 \u03c0\u03b1\u03c0\u03b1\u03b3\u03ac\u03bb\u03bf\u03c5 \u03c3\u03b1\u03c2 - PupsterSocks","description":"\u0395\u03be\u03b1\u03c4\u03bf\u03bc\u03b9\u03ba\u03b5\u03c5\u03bc\u03ad\u03bd\u03b5\u03c2 \u03ba\u03ac\u03bb\u03c4\u03c3\u03b5\u03c2 \u03bc\u03b5 \u03c4\u03bf \u03c0\u03c1\u03cc\u03c3\u03c9\u03c0\u03bf \u03c4\u03bf\u03c5 \u03c0\u03b1\u03c0\u03b1\u03b3\u03ac\u03bb\u03bf\u03c5 \u03c3\u03b1\u03c2 \u2013 \u03ad\u03bd\u03b1 \u03c0\u03c1\u03c9\u03c4\u03cc\u03c4\u03c5\u03c0\u03bf \u03b4\u03ce\u03c1\u03bf \u03b3\u03b9\u03b1 \u03c4\u03bf\u03c5\u03c2 \u03bb\u03ac\u03c4\u03c1\u03b5\u03b9\u03c2 \u03c4\u03c9\u03bd \u03b5\u03be\u03c9\u03c4\u03b9\u03ba\u03ce\u03bd \u03c0\u03bf\u03c5\u03bb\u03b9\u03ce\u03bd. \u0395\u03c0\u03b9\u03bb\u03ad\u03be\u03c4\u03b5 \u03c3\u03c7\u03ad\u03b4\u03b9\u03bf, \u03c7\u03c1\u03ce\u03bc\u03b1 \u03ba\u03b1\u03b9 \u03bc\u03ad\u03b3\u03b5\u03b8\u03bf\u03c2 \u03c3\u03c4\u03bf PupsterSocks!","robots":{"index":"index","follow":"follow","max-snippet":"max-snippet:-1","max-image-preview":"max-image-preview:large","max-video-preview":"max-video-preview:-1"},"canonical":"https:\/\/pupstersocks.com\/el\/proion\/kaltses-me-papagalos\/","og_locale":"el_GR","og_type":"article","og_title":"Skarpetki z Twoj\u0105 papug\u0105","og_description":"Skarpetki personalizowane z twarz\u0105 Twojej papugi \u2013 oryginalny prezent dla mi\u0142o\u015bnik\u00f3w egzotycznych ptak\u00f3w. Wybierz wz\u00f3r, kolor i rozmiar na PupsterSocks!","og_url":"https:\/\/pupstersocks.com\/el\/proion\/kaltses-me-papagalos\/","og_site_name":"Pupstersocks | Personalizowane skarpetki z Twoim pupilem","article_publisher":"https:\/\/www.facebook.com\/pupstersocks","article_modified_time":"2026-03-04T00:39:38+00:00","og_image":[{"width":2560,"height":2560,"url":"https:\/\/pupstersocks.com\/wp-content\/uploads\/2022\/01\/mp31-scaled.webp","type":"image\/webp"}],"twitter_card":"summary_large_image","twitter_misc":{"\u03a4\u03b9\u03bc\u03ae":"21.99&nbsp;$","\u0394\u03b9\u03b1\u03b8\u03b5\u03c3\u03b9\u03bc\u03cc\u03c4\u03b7\u03c4\u03b1":"\u03a3\u03b5 \u03b1\u03c0\u03cc\u03b8\u03b5\u03bc\u03b1"},"schema":{"@context":"https:\/\/schema.org","@graph":[{"@type":"WebPage","@id":"https:\/\/pupstersocks.com\/produkt\/skarpetki-z-papuga\/","url":"https:\/\/pupstersocks.com\/produkt\/skarpetki-z-papuga\/","name":"\u0395\u03be\u03b1\u03c4\u03bf\u03bc\u03b9\u03ba\u03b5\u03c5\u03bc\u03ad\u03bd\u03b5\u03c2 \u03ba\u03ac\u03bb\u03c4\u03c3\u03b5\u03c2 \u03bc\u03b5 \u03c4\u03bf \u03c0\u03c1\u03cc\u03c3\u03c9\u03c0\u03bf \u03c4\u03bf\u03c5 \u03c0\u03b1\u03c0\u03b1\u03b3\u03ac\u03bb\u03bf\u03c5 \u03c3\u03b1\u03c2 - PupsterSocks","isPartOf":{"@id":"https:\/\/pupstersocks.com\/#website"},"primaryImageOfPage":{"@id":"https:\/\/pupstersocks.com\/produkt\/skarpetki-z-papuga\/#primaryimage"},"image":{"@id":"https:\/\/pupstersocks.com\/produkt\/skarpetki-z-papuga\/#primaryimage"},"thumbnailUrl":"https:\/\/pupstersocks.com\/wp-content\/uploads\/2022\/01\/mp31-scaled.webp","datePublished":"2022-01-17T13:35:20+00:00","dateModified":"2026-03-04T00:39:38+00:00","description":"\u0395\u03be\u03b1\u03c4\u03bf\u03bc\u03b9\u03ba\u03b5\u03c5\u03bc\u03ad\u03bd\u03b5\u03c2 \u03ba\u03ac\u03bb\u03c4\u03c3\u03b5\u03c2 \u03bc\u03b5 \u03c4\u03bf \u03c0\u03c1\u03cc\u03c3\u03c9\u03c0\u03bf \u03c4\u03bf\u03c5 \u03c0\u03b1\u03c0\u03b1\u03b3\u03ac\u03bb\u03bf\u03c5 \u03c3\u03b1\u03c2 \u2013 \u03ad\u03bd\u03b1 \u03c0\u03c1\u03c9\u03c4\u03cc\u03c4\u03c5\u03c0\u03bf \u03b4\u03ce\u03c1\u03bf \u03b3\u03b9\u03b1 \u03c4\u03bf\u03c5\u03c2 \u03bb\u03ac\u03c4\u03c1\u03b5\u03b9\u03c2 \u03c4\u03c9\u03bd \u03b5\u03be\u03c9\u03c4\u03b9\u03ba\u03ce\u03bd \u03c0\u03bf\u03c5\u03bb\u03b9\u03ce\u03bd. \u0395\u03c0\u03b9\u03bb\u03ad\u03be\u03c4\u03b5 \u03c3\u03c7\u03ad\u03b4\u03b9\u03bf, \u03c7\u03c1\u03ce\u03bc\u03b1 \u03ba\u03b1\u03b9 \u03bc\u03ad\u03b3\u03b5\u03b8\u03bf\u03c2 \u03c3\u03c4\u03bf PupsterSocks!","breadcrumb":{"@id":"https:\/\/pupstersocks.com\/produkt\/skarpetki-z-papuga\/#breadcrumb"},"inLanguage":"el","potentialAction":[{"@type":"ReadAction","target":["https:\/\/pupstersocks.com\/produkt\/skarpetki-z-papuga\/"]}]},{"@type":"ImageObject","inLanguage":"el","@id":"https:\/\/pupstersocks.com\/produkt\/skarpetki-z-papuga\/#primaryimage","url":"https:\/\/pupstersocks.com\/wp-content\/uploads\/2022\/01\/mp31-scaled.webp","contentUrl":"https:\/\/pupstersocks.com\/wp-content\/uploads\/2022\/01\/mp31-scaled.webp","width":2560,"height":2560},{"@type":"BreadcrumbList","@id":"https:\/\/pupstersocks.com\/produkt\/skarpetki-z-papuga\/#breadcrumb","itemListElement":[{"@type":"ListItem","position":1,"name":"Strona g\u0142\u00f3wna","item":"https:\/\/pupstersocks.com\/"},{"@type":"ListItem","position":2,"name":"Produkty","item":"https:\/\/pupstersocks.com\/shop\/"},{"@type":"ListItem","position":3,"name":"Skarpetki z Twoj\u0105 papug\u0105"}]},{"@type":"WebSite","@id":"https:\/\/pupstersocks.com\/#website","url":"https:\/\/pupstersocks.com\/","name":"Pupstersocks","description":"\u0395\u03be\u03b1\u03c4\u03bf\u03bc\u03b9\u03ba\u03b5\u03c5\u03bc\u03ad\u03bd\u03b5\u03c2 \u03ba\u03ac\u03bb\u03c4\u03c3\u03b5\u03c2 \u03bc\u03b5 \u03c4\u03bf \u03c3\u03c7\u03ad\u03b4\u03b9\u03cc \u03c3\u03b1\u03c2!","publisher":{"@id":"https:\/\/pupstersocks.com\/#organization"},"potentialAction":[{"@type":"SearchAction","target":{"@type":"EntryPoint","urlTemplate":"https:\/\/pupstersocks.com\/?s={search_term_string}"},"query-input":{"@type":"PropertyValueSpecification","valueRequired":true,"valueName":"search_term_string"}}],"inLanguage":"el"},{"@type":"Organization","@id":"https:\/\/pupstersocks.com\/#organization","name":"Pupstersocks - \u0395\u03be\u03b1\u03c4\u03bf\u03bc\u03b9\u03ba\u03b5\u03c5\u03bc\u03ad\u03bd\u03b5\u03c2 \u03ba\u03ac\u03bb\u03c4\u03c3\u03b5\u03c2 \u03bc\u03b5 \u03c4\u03b7 \u03b4\u03b9\u03ba\u03ae \u03c3\u03b1\u03c2 \u03b5\u03ba\u03c4\u03cd\u03c0\u03c9\u03c3\u03b7!","url":"https:\/\/pupstersocks.com\/","logo":{"@type":"ImageObject","inLanguage":"el","@id":"https:\/\/pupstersocks.com\/#\/schema\/logo\/image\/","url":"https:\/\/pupstersocks.com\/wp-content\/uploads\/2022\/06\/cropped-favicon_obszar-roboczy-1.png","contentUrl":"https:\/\/pupstersocks.com\/wp-content\/uploads\/2022\/06\/cropped-favicon_obszar-roboczy-1.png","width":512,"height":512,"caption":"Pupstersocks - Skarpetki personalizowane z Twoim nadrukiem!"},"image":{"@id":"https:\/\/pupstersocks.com\/#\/schema\/logo\/image\/"},"sameAs":["https:\/\/www.facebook.com\/pupstersocks","https:\/\/www.instagram.com\/pupstersocks\/"]}]},"product_price_amount":"21.99","product_price_currency":"PLN","og_availability":"instock","product_availability":"instock","product_retailer_item_id":"PS-04","product_condition":"new"},"_links":{"self":[{"href":"https:\/\/pupstersocks.com\/el\/wp-json\/wp\/v2\/product\/1154","targetHints":{"allow":["GET"]}}],"collection":[{"href":"https:\/\/pupstersocks.com\/el\/wp-json\/wp\/v2\/product"}],"about":[{"href":"https:\/\/pupstersocks.com\/el\/wp-json\/wp\/v2\/types\/product"}],"version-history":[{"count":1,"href":"https:\/\/pupstersocks.com\/el\/wp-json\/wp\/v2\/product\/1154\/revisions"}],"predecessor-version":[{"id":15117,"href":"https:\/\/pupstersocks.com\/el\/wp-json\/wp\/v2\/product\/1154\/revisions\/15117"}],"wp:featuredmedia":[{"embeddable":true,"href":"https:\/\/pupstersocks.com\/el\/wp-json\/wp\/v2\/media\/15116"}],"wp:attachment":[{"href":"https:\/\/pupstersocks.com\/el\/wp-json\/wp\/v2\/media?parent=1154"}],"wp:term":[{"taxonomy":"product_brand","embeddable":true,"href":"https:\/\/pupstersocks.com\/el\/wp-json\/wp\/v2\/product_brand?post=1154"},{"taxonomy":"product_cat","embeddable":true,"href":"https:\/\/pupstersocks.com\/el\/wp-json\/wp\/v2\/product_cat?post=1154"},{"taxonomy":"product_tag","embeddable":true,"href":"https:\/\/pupstersocks.com\/el\/wp-json\/wp\/v2\/product_tag?post=1154"}],"curies":[{"name":"wp","href":"https:\/\/api.w.org\/{rel}","templated":true}]}}