{"id":9854,"date":"2024-01-16T00:44:10","date_gmt":"2024-01-15T23:44:10","guid":{"rendered":"https:\/\/pupstersocks.com\/?post_type=product&#038;p=9854"},"modified":"2026-03-04T01:38:48","modified_gmt":"2026-03-04T00:38:48","slug":"socken-mit-deinem-gesicht-love","status":"publish","type":"product","link":"https:\/\/pupstersocks.com\/de\/produkt\/socken-mit-deinem-gesicht-love\/","title":{"rendered":"Socken mit Ihrem Gesicht \u2013 LOVE"},"content":{"rendered":"<div class=\"translation-block\">\n<p><strong>Skarpetki personalizowane z Twoj\u0105 twarz\u0105 \u2013 LOVE \u2013 idealny prezent pe\u0142en mi\u0142o\u015bci!<\/strong><\/p>\n<p>Chcesz wyrazi\u0107 swoje uczucia w wyj\u0105tkowy spos\u00f3b? <strong>Skarpetki personalizowane z Twoj\u0105 twarz\u0105 \u2013 LOVE<\/strong> to doskona\u0142y spos\u00f3b, aby podkre\u015bli\u0107, jak bardzo kto\u015b jest dla Ciebie wa\u017cny. Dzi\u0119ki personalizowanemu nadrukowi i t\u0142u z napisem \u201eLOVE\u201d te skarpetki staj\u0105 si\u0119 wyj\u0105tkowym i romantycznym upominkiem, kt\u00f3ry wywo\u0142a u\u015bmiech na twarzy obdarowanej osoby.<\/p>\n<h3><strong>Dlaczego warto wybra\u0107 nasze skarpetki z motywem LOVE?<\/strong><\/h3>\n<p>Nasze <strong>skarpetki personalizowane z Twoj\u0105 twarz\u0105 \u2013 LOVE<\/strong> \u0142\u0105cz\u0105 romantyczny design, wysok\u0105 jako\u015b\u0107 wykonania i pe\u0142en wygody kr\u00f3j. Co wi\u0119cej, ich personalizacja sprawia, \u017ce ka\u017cda para jest jedyna w swoim rodzaju.<\/p>\n<h4><strong>Wyj\u0105tkowy design i komfort<\/strong><\/h4>\n<ul>\n<li>Wykonane z mi\u0119kkich, elastycznych materia\u0142\u00f3w, kt\u00f3re zapewniaj\u0105 wygod\u0119 przez ca\u0142y dzie\u0144, dzi\u0119ki czemu idealnie nadaj\u0105 si\u0119 do codziennego noszenia.<\/li>\n<li>T\u0142o z napisem \u201eLOVE\u201d, w po\u0142\u0105czeniu z Twoj\u0105 twarz\u0105, zdj\u0119ciem pupila lub innym motywem, czyni te skarpetki wyj\u0105tkowym wyrazem uczu\u0107.<\/li>\n<li>To idealny prezent na Walentynki, rocznic\u0119, urodziny lub inne romantyczne okazje, poniewa\u017c pozwala wyrazi\u0107 mi\u0142o\u015b\u0107 w niecodzienny spos\u00f3b.<\/li>\n<\/ul>\n<h3><strong>Jak zam\u00f3wi\u0107 nasze skarpetki LOVE?<\/strong><\/h3>\n<ol>\n<li>Wybierz rozmiar, kolor oraz wz\u00f3r \u201eLOVE\u201d.<\/li>\n<li>Prze\u015blij zdj\u0119cie \u2013 Twojej twarzy, pupila lub inny motyw \u2013 kt\u00f3ry chcesz umie\u015bci\u0107 na skarpetkach.<\/li>\n<li>Poczekaj na unikalne <strong>personalizowane skarpetki z motywem LOVE<\/strong>, kt\u00f3re dostarczymy prosto do Twojego domu.<\/li>\n<\/ol>\n<p>Proces zamawiania jest prosty i szybki. Co wi\u0119cej, ka\u017cda para skarpetek jest przygotowywana z najwi\u0119ksz\u0105 staranno\u015bci\u0105, poniewa\u017c zale\u017cy nam na Twojej satysfakcji. Je\u015bli masz pytania, z przyjemno\u015bci\u0105 na nie odpowiemy i doradzimy, jak najlepiej przygotowa\u0107 zdj\u0119cie do nadruku.<\/p>\n<h3><strong>Dodatkowe informacje<\/strong><\/h3>\n<ul>\n<li><strong>Czas realizacji zam\u00f3wienia:<\/strong> nast\u0119pny dzie\u0144 roboczy, dzi\u0119ki czemu zd\u0105\u017cysz na ka\u017cd\u0105 okazj\u0119.<\/li>\n<li><strong>Rozmiary:<\/strong> Od 35 do 45, dlatego znajdziesz idealne dopasowanie dla ka\u017cdego.<\/li>\n<li><strong>Wysy\u0142ka:<\/strong> Na terenie Polski oraz za granic\u0119 \u2013 pe\u0142na lista dost\u0119pnych kraj\u00f3w znajduje si\u0119 w sekcji <a href=\"https:\/\/pupstersocks.com\/de\/faq\/\">FAQ<\/a>.<\/li>\n<\/ul>\n<h3><strong>Zam\u00f3w ju\u017c dzi\u015b i wyra\u017a swoj\u0105 mi\u0142o\u015b\u0107 w oryginalny spos\u00f3b!<\/strong><\/h3>\n<p>Nie czekaj \u2013 zam\u00f3w <strong>skarpetki personalizowane z Twoj\u0105 twarz\u0105 \u2013 LOVE<\/strong> ju\u017c dzi\u015b i podaruj prezent, kt\u00f3ry wywo\u0142a u\u015bmiech oraz wzruszenie. To doskona\u0142y spos\u00f3b, aby uczyni\u0107 ka\u017cd\u0105 okazj\u0119 niezapomnian\u0105, poniewa\u017c takie skarpetki to co\u015b wi\u0119cej ni\u017c zwyk\u0142y upominek.<\/p>\n<\/div>","protected":false},"excerpt":{"rendered":"<p>Personalisierte Socken mit deinem Gesicht oder einem Foto deines Haustiers auf einem Hintergrund mit dem Schriftzug LOVE! Das ideale romantische Geschenk. W\u00e4hlen Sie Muster, Farbe und Gr\u00f6\u00dfe \u2013 den Rest \u00fcbernehmen wir.<\/p>","protected":false},"featured_media":15181,"template":"","meta":[],"product_brand":[],"product_cat":[15,51,52,50],"product_tag":[],"class_list":{"0":"post-9854","1":"product","2":"type-product","3":"status-publish","4":"has-post-thumbnail","6":"product_cat-skarpetki-personalizowane","7":"product_cat-milosc","8":"product_cat-przyjazn","9":"product_cat-urodziny","11":"first","12":"instock","13":"shipping-taxable","14":"purchasable","15":"product-type-simple"},"yoast_head":"<!-- This site is optimized with the Yoast SEO Premium plugin v26.2 (Yoast SEO v27.3) - https:\/\/yoast.com\/product\/yoast-seo-premium-wordpress\/ -->\n<title>Skarpetki personalizowane z Twoj\u0105 twarz\u0105 \u2013 LOVE - PupsterSocks<\/title>\n<meta name=\"description\" content=\"Zam\u00f3w skarpetki personalizowane z Twoj\u0105 twarz\u0105 \u2013 LOVE \u2013 romantyczny prezent z napisem LOVE i Twoim zdj\u0119ciem. Wyj\u0105tkowy wyb\u00f3r na PupsterSocks!\" \/>\n<meta name=\"robots\" content=\"index, follow, max-snippet:-1, max-image-preview:large, max-video-preview:-1\" \/>\n<link rel=\"canonical\" href=\"https:\/\/pupstersocks.com\/de\/produkt\/socken-mit-deinem-gesicht-love\/\" \/>\n<meta property=\"og:locale\" content=\"de_DE\" \/>\n<meta property=\"og:type\" content=\"article\" \/>\n<meta property=\"og:title\" content=\"Skarpetki z Twoj\u0105 twarz\u0105 - LOVE\" \/>\n<meta property=\"og:description\" content=\"Zam\u00f3w skarpetki personalizowane z Twoj\u0105 twarz\u0105 \u2013 LOVE \u2013 romantyczny prezent z napisem LOVE i Twoim zdj\u0119ciem. Wyj\u0105tkowy wyb\u00f3r na PupsterSocks!\" \/>\n<meta property=\"og:url\" content=\"https:\/\/pupstersocks.com\/de\/produkt\/socken-mit-deinem-gesicht-love\/\" \/>\n<meta property=\"og:site_name\" content=\"Pupstersocks | Personalizowane skarpetki z Twoim pupilem\" \/>\n<meta property=\"article:publisher\" content=\"https:\/\/www.facebook.com\/pupstersocks\" \/>\n<meta property=\"article:modified_time\" content=\"2026-03-04T00:38:48+00:00\" \/>\n<meta property=\"og:image\" content=\"https:\/\/pupstersocks.com\/wp-content\/uploads\/2024\/01\/mp18-scaled.webp\" \/>\n\t<meta property=\"og:image:width\" content=\"2560\" \/>\n\t<meta property=\"og:image:height\" content=\"2560\" \/>\n\t<meta property=\"og:image:type\" content=\"image\/webp\" \/>\n<meta name=\"twitter:card\" content=\"summary_large_image\" \/>\n<meta name=\"twitter:label1\" content=\"Preis\" \/>\n\t<meta name=\"twitter:data1\" content=\"21.99&nbsp;$\" \/>\n\t<meta name=\"twitter:label2\" content=\"Verf\u00fcgbarkeit\" \/>\n\t<meta name=\"twitter:data2\" content=\"Auf Lager\" \/>\n<script type=\"application\/ld+json\" class=\"yoast-schema-graph\">{\"@context\":\"https:\\\/\\\/schema.org\",\"@graph\":[{\"@type\":\"WebPage\",\"@id\":\"https:\\\/\\\/pupstersocks.com\\\/produkt\\\/skarpetki-z-twoja-twarza-love\\\/\",\"url\":\"https:\\\/\\\/pupstersocks.com\\\/produkt\\\/skarpetki-z-twoja-twarza-love\\\/\",\"name\":\"Skarpetki personalizowane z Twoj\u0105 twarz\u0105 \u2013 LOVE - PupsterSocks\",\"isPartOf\":{\"@id\":\"https:\\\/\\\/pupstersocks.com\\\/#website\"},\"primaryImageOfPage\":{\"@id\":\"https:\\\/\\\/pupstersocks.com\\\/produkt\\\/skarpetki-z-twoja-twarza-love\\\/#primaryimage\"},\"image\":{\"@id\":\"https:\\\/\\\/pupstersocks.com\\\/produkt\\\/skarpetki-z-twoja-twarza-love\\\/#primaryimage\"},\"thumbnailUrl\":\"https:\\\/\\\/pupstersocks.com\\\/wp-content\\\/uploads\\\/2024\\\/01\\\/mp18-scaled.webp\",\"datePublished\":\"2024-01-15T23:44:10+00:00\",\"dateModified\":\"2026-03-04T00:38:48+00:00\",\"description\":\"Zam\u00f3w skarpetki personalizowane z Twoj\u0105 twarz\u0105 \u2013 LOVE \u2013 romantyczny prezent z napisem LOVE i Twoim zdj\u0119ciem. Wyj\u0105tkowy wyb\u00f3r na PupsterSocks!\",\"breadcrumb\":{\"@id\":\"https:\\\/\\\/pupstersocks.com\\\/produkt\\\/skarpetki-z-twoja-twarza-love\\\/#breadcrumb\"},\"inLanguage\":\"de\",\"potentialAction\":[{\"@type\":\"ReadAction\",\"target\":[\"https:\\\/\\\/pupstersocks.com\\\/produkt\\\/skarpetki-z-twoja-twarza-love\\\/\"]}]},{\"@type\":\"ImageObject\",\"inLanguage\":\"de\",\"@id\":\"https:\\\/\\\/pupstersocks.com\\\/produkt\\\/skarpetki-z-twoja-twarza-love\\\/#primaryimage\",\"url\":\"https:\\\/\\\/pupstersocks.com\\\/wp-content\\\/uploads\\\/2024\\\/01\\\/mp18-scaled.webp\",\"contentUrl\":\"https:\\\/\\\/pupstersocks.com\\\/wp-content\\\/uploads\\\/2024\\\/01\\\/mp18-scaled.webp\",\"width\":2560,\"height\":2560},{\"@type\":\"BreadcrumbList\",\"@id\":\"https:\\\/\\\/pupstersocks.com\\\/produkt\\\/skarpetki-z-twoja-twarza-love\\\/#breadcrumb\",\"itemListElement\":[{\"@type\":\"ListItem\",\"position\":1,\"name\":\"Strona g\u0142\u00f3wna\",\"item\":\"https:\\\/\\\/pupstersocks.com\\\/\"},{\"@type\":\"ListItem\",\"position\":2,\"name\":\"Produkty\",\"item\":\"https:\\\/\\\/pupstersocks.com\\\/shop\\\/\"},{\"@type\":\"ListItem\",\"position\":3,\"name\":\"Skarpetki z Twoj\u0105 twarz\u0105 &#8211; LOVE\"}]},{\"@type\":\"WebSite\",\"@id\":\"https:\\\/\\\/pupstersocks.com\\\/#website\",\"url\":\"https:\\\/\\\/pupstersocks.com\\\/\",\"name\":\"Pupstersocks\",\"description\":\"Skarpetki personalizowane z Twoim nadrukiem!\",\"publisher\":{\"@id\":\"https:\\\/\\\/pupstersocks.com\\\/#organization\"},\"potentialAction\":[{\"@type\":\"SearchAction\",\"target\":{\"@type\":\"EntryPoint\",\"urlTemplate\":\"https:\\\/\\\/pupstersocks.com\\\/?s={search_term_string}\"},\"query-input\":{\"@type\":\"PropertyValueSpecification\",\"valueRequired\":true,\"valueName\":\"search_term_string\"}}],\"inLanguage\":\"de\"},{\"@type\":\"Organization\",\"@id\":\"https:\\\/\\\/pupstersocks.com\\\/#organization\",\"name\":\"Pupstersocks - Skarpetki personalizowane z Twoim nadrukiem!\",\"url\":\"https:\\\/\\\/pupstersocks.com\\\/\",\"logo\":{\"@type\":\"ImageObject\",\"inLanguage\":\"de\",\"@id\":\"https:\\\/\\\/pupstersocks.com\\\/#\\\/schema\\\/logo\\\/image\\\/\",\"url\":\"https:\\\/\\\/pupstersocks.com\\\/wp-content\\\/uploads\\\/2022\\\/06\\\/cropped-favicon_obszar-roboczy-1.png\",\"contentUrl\":\"https:\\\/\\\/pupstersocks.com\\\/wp-content\\\/uploads\\\/2022\\\/06\\\/cropped-favicon_obszar-roboczy-1.png\",\"width\":512,\"height\":512,\"caption\":\"Pupstersocks - Skarpetki personalizowane z Twoim nadrukiem!\"},\"image\":{\"@id\":\"https:\\\/\\\/pupstersocks.com\\\/#\\\/schema\\\/logo\\\/image\\\/\"},\"sameAs\":[\"https:\\\/\\\/www.facebook.com\\\/pupstersocks\",\"https:\\\/\\\/www.instagram.com\\\/pupstersocks\\\/\"]}]}<\/script>\n<meta property=\"product:price:amount\" content=\"21.99\" \/>\n<meta property=\"product:price:currency\" content=\"PLN\" \/>\n<meta property=\"og:availability\" content=\"instock\" \/>\n<meta property=\"product:availability\" content=\"instock\" \/>\n<meta property=\"product:retailer_item_id\" content=\"PS-39\" \/>\n<meta property=\"product:condition\" content=\"new\" \/>\n<!-- \/ Yoast SEO Premium plugin. -->","yoast_head_json":{"title":"Personalisierte Socken mit deinem Gesicht \u2013 LOVE - PupsterSocks","description":"Bestellen Sie personalisierte Socken mit Ihrem Gesicht \u2013 LOVE \u2013 ein romantisches Geschenk mit dem Schriftzug LOVE und Ihrem Foto. Eine au\u00dfergew\u00f6hnliche Wahl bei PupsterSocks!","robots":{"index":"index","follow":"follow","max-snippet":"max-snippet:-1","max-image-preview":"max-image-preview:large","max-video-preview":"max-video-preview:-1"},"canonical":"https:\/\/pupstersocks.com\/de\/produkt\/socken-mit-deinem-gesicht-love\/","og_locale":"de_DE","og_type":"article","og_title":"Skarpetki z Twoj\u0105 twarz\u0105 - LOVE","og_description":"Zam\u00f3w skarpetki personalizowane z Twoj\u0105 twarz\u0105 \u2013 LOVE \u2013 romantyczny prezent z napisem LOVE i Twoim zdj\u0119ciem. Wyj\u0105tkowy wyb\u00f3r na PupsterSocks!","og_url":"https:\/\/pupstersocks.com\/de\/produkt\/socken-mit-deinem-gesicht-love\/","og_site_name":"Pupstersocks | Personalizowane skarpetki z Twoim pupilem","article_publisher":"https:\/\/www.facebook.com\/pupstersocks","article_modified_time":"2026-03-04T00:38:48+00:00","og_image":[{"width":2560,"height":2560,"url":"https:\/\/pupstersocks.com\/wp-content\/uploads\/2024\/01\/mp18-scaled.webp","type":"image\/webp"}],"twitter_card":"summary_large_image","twitter_misc":{"Preis":"21.99&nbsp;$","Verf\u00fcgbarkeit":"Auf Lager"},"schema":{"@context":"https:\/\/schema.org","@graph":[{"@type":"WebPage","@id":"https:\/\/pupstersocks.com\/produkt\/skarpetki-z-twoja-twarza-love\/","url":"https:\/\/pupstersocks.com\/produkt\/skarpetki-z-twoja-twarza-love\/","name":"Personalisierte Socken mit deinem Gesicht \u2013 LOVE - PupsterSocks","isPartOf":{"@id":"https:\/\/pupstersocks.com\/#website"},"primaryImageOfPage":{"@id":"https:\/\/pupstersocks.com\/produkt\/skarpetki-z-twoja-twarza-love\/#primaryimage"},"image":{"@id":"https:\/\/pupstersocks.com\/produkt\/skarpetki-z-twoja-twarza-love\/#primaryimage"},"thumbnailUrl":"https:\/\/pupstersocks.com\/wp-content\/uploads\/2024\/01\/mp18-scaled.webp","datePublished":"2024-01-15T23:44:10+00:00","dateModified":"2026-03-04T00:38:48+00:00","description":"Bestellen Sie personalisierte Socken mit Ihrem Gesicht \u2013 LOVE \u2013 ein romantisches Geschenk mit dem Schriftzug LOVE und Ihrem Foto. Eine au\u00dfergew\u00f6hnliche Wahl bei PupsterSocks!","breadcrumb":{"@id":"https:\/\/pupstersocks.com\/produkt\/skarpetki-z-twoja-twarza-love\/#breadcrumb"},"inLanguage":"de","potentialAction":[{"@type":"ReadAction","target":["https:\/\/pupstersocks.com\/produkt\/skarpetki-z-twoja-twarza-love\/"]}]},{"@type":"ImageObject","inLanguage":"de","@id":"https:\/\/pupstersocks.com\/produkt\/skarpetki-z-twoja-twarza-love\/#primaryimage","url":"https:\/\/pupstersocks.com\/wp-content\/uploads\/2024\/01\/mp18-scaled.webp","contentUrl":"https:\/\/pupstersocks.com\/wp-content\/uploads\/2024\/01\/mp18-scaled.webp","width":2560,"height":2560},{"@type":"BreadcrumbList","@id":"https:\/\/pupstersocks.com\/produkt\/skarpetki-z-twoja-twarza-love\/#breadcrumb","itemListElement":[{"@type":"ListItem","position":1,"name":"Strona g\u0142\u00f3wna","item":"https:\/\/pupstersocks.com\/"},{"@type":"ListItem","position":2,"name":"Produkty","item":"https:\/\/pupstersocks.com\/shop\/"},{"@type":"ListItem","position":3,"name":"Skarpetki z Twoj\u0105 twarz\u0105 &#8211; LOVE"}]},{"@type":"WebSite","@id":"https:\/\/pupstersocks.com\/#website","url":"https:\/\/pupstersocks.com\/","name":"Pupstersocks","description":"Personalisierte Socken mit Ihrem Aufdruck!","publisher":{"@id":"https:\/\/pupstersocks.com\/#organization"},"potentialAction":[{"@type":"SearchAction","target":{"@type":"EntryPoint","urlTemplate":"https:\/\/pupstersocks.com\/?s={search_term_string}"},"query-input":{"@type":"PropertyValueSpecification","valueRequired":true,"valueName":"search_term_string"}}],"inLanguage":"de"},{"@type":"Organization","@id":"https:\/\/pupstersocks.com\/#organization","name":"Pupstersocks - Personalisierte Socken mit Ihrem Aufdruck!","url":"https:\/\/pupstersocks.com\/","logo":{"@type":"ImageObject","inLanguage":"de","@id":"https:\/\/pupstersocks.com\/#\/schema\/logo\/image\/","url":"https:\/\/pupstersocks.com\/wp-content\/uploads\/2022\/06\/cropped-favicon_obszar-roboczy-1.png","contentUrl":"https:\/\/pupstersocks.com\/wp-content\/uploads\/2022\/06\/cropped-favicon_obszar-roboczy-1.png","width":512,"height":512,"caption":"Pupstersocks - Skarpetki personalizowane z Twoim nadrukiem!"},"image":{"@id":"https:\/\/pupstersocks.com\/#\/schema\/logo\/image\/"},"sameAs":["https:\/\/www.facebook.com\/pupstersocks","https:\/\/www.instagram.com\/pupstersocks\/"]}]},"product_price_amount":"21.99","product_price_currency":"PLN","og_availability":"instock","product_availability":"instock","product_retailer_item_id":"PS-39","product_condition":"new"},"_links":{"self":[{"href":"https:\/\/pupstersocks.com\/de\/wp-json\/wp\/v2\/product\/9854","targetHints":{"allow":["GET"]}}],"collection":[{"href":"https:\/\/pupstersocks.com\/de\/wp-json\/wp\/v2\/product"}],"about":[{"href":"https:\/\/pupstersocks.com\/de\/wp-json\/wp\/v2\/types\/product"}],"version-history":[{"count":1,"href":"https:\/\/pupstersocks.com\/de\/wp-json\/wp\/v2\/product\/9854\/revisions"}],"predecessor-version":[{"id":15182,"href":"https:\/\/pupstersocks.com\/de\/wp-json\/wp\/v2\/product\/9854\/revisions\/15182"}],"wp:featuredmedia":[{"embeddable":true,"href":"https:\/\/pupstersocks.com\/de\/wp-json\/wp\/v2\/media\/15181"}],"wp:attachment":[{"href":"https:\/\/pupstersocks.com\/de\/wp-json\/wp\/v2\/media?parent=9854"}],"wp:term":[{"taxonomy":"product_brand","embeddable":true,"href":"https:\/\/pupstersocks.com\/de\/wp-json\/wp\/v2\/product_brand?post=9854"},{"taxonomy":"product_cat","embeddable":true,"href":"https:\/\/pupstersocks.com\/de\/wp-json\/wp\/v2\/product_cat?post=9854"},{"taxonomy":"product_tag","embeddable":true,"href":"https:\/\/pupstersocks.com\/de\/wp-json\/wp\/v2\/product_tag?post=9854"}],"curies":[{"name":"wp","href":"https:\/\/api.w.org\/{rel}","templated":true}]}}