{"id":2827,"date":"2022-01-30T23:03:49","date_gmt":"2022-01-30T22:03:49","guid":{"rendered":"https:\/\/pupstersocks.com\/?post_type=product&#038;p=2827"},"modified":"2026-03-04T01:39:26","modified_gmt":"2026-03-04T00:39:26","slug":"socken-mit-gesicht-herzchen-2","status":"publish","type":"product","link":"https:\/\/pupstersocks.com\/de\/produkt\/socken-mit-gesicht-herzchen-2\/","title":{"rendered":"Socken mit Ihrem Gesicht \u2013 Herzen 2"},"content":{"rendered":"<div class=\"translation-block\">\n<p><strong>Skarpetki personalizowane z Twoj\u0105 twarz\u0105 \u2013 Serca 2 \u2013 romantyczny prezent na ka\u017cd\u0105 okazj\u0119!<\/strong><\/p>\n<p>Szukasz prezentu, kt\u00f3ry b\u0119dzie nie tylko wyj\u0105tkowy, ale r\u00f3wnie\u017c pe\u0142en emocji? <strong>Skarpetki personalizowane z Twoj\u0105 twarz\u0105 \u2013 Serca 2<\/strong> to idealny wyb\u00f3r dla ka\u017cdego, kto chce wyrazi\u0107 swoje uczucia w oryginalny spos\u00f3b. Dzi\u0119ki personalizowanemu nadrukowi oraz romantycznemu t\u0142u w serca te skarpetki doskonale sprawdz\u0105 si\u0119 jako upominek na Walentynki, rocznic\u0119 lub inne szczeg\u00f3lne momenty.<\/p>\n<h3><strong>Dlaczego warto wybra\u0107 nasze skarpetki z wzorem Serca 2?<\/strong><\/h3>\n<p>Te skarpetki s\u0105 wyj\u0105tkowe, poniewa\u017c \u0142\u0105cz\u0105 w sobie trwa\u0142o\u015b\u0107, wygod\u0119 oraz oryginalny design. Dlatego b\u0119d\u0105 idealne zar\u00f3wno na co dzie\u0144, jak i jako nietuzinkowy prezent.<\/p>\n<h4><strong>Romantyczny design i wygoda<\/strong><\/h4>\n<ul>\n<li>Wykonane z wysokiej jako\u015bci materia\u0142\u00f3w, kt\u00f3re s\u0105 trwa\u0142e oraz przyjemne w dotyku \u2013 dzi\u0119ki temu idealnie nadaj\u0105 si\u0119 do codziennego u\u017cytku.<\/li>\n<li>Wyj\u0105tkowy nadruk z Twoj\u0105 twarz\u0105 lub zdj\u0119ciem pupila, na tle serc, czyni je jedynymi w swoim rodzaju.<\/li>\n<li>To doskona\u0142y wyb\u00f3r na romantyczny prezent, poniewa\u017c pokazuje, jak bardzo zale\u017cy Ci na drugiej osobie.<\/li>\n<\/ul>\n<h3><strong>Jak zam\u00f3wi\u0107 personalizowane skarpetki z sercami?<\/strong><\/h3>\n<ol>\n<li>Wybierz rozmiar, kolor oraz wz\u00f3r serca 2.<\/li>\n<li>Prze\u015blij zdj\u0119cie \u2013 Twojej twarzy lub pupila \u2013 do personalizacji.<\/li>\n<li>Poczekaj na wyj\u0105tkowe skarpetki, kt\u00f3re dostarczymy prosto do Twojego domu.<\/li>\n<\/ol>\n<p>Proces zamawiania jest szybki i prosty. Co wi\u0119cej, dzi\u0119ki mo\u017cliwo\u015bci pe\u0142nej personalizacji, otrzymujesz produkt, kt\u00f3ry spe\u0142ni Twoje oczekiwania i zachwyci ka\u017cd\u0105 obdarowan\u0105 osob\u0119. Je\u015bli masz pytania, z przyjemno\u015bci\u0105 na nie odpowiemy, poniewa\u017c zale\u017cy nam na Twojej satysfakcji!<\/p>\n<h3><strong>Dodatkowe informacje<\/strong><\/h3>\n<ul>\n<li><strong>Czas realizacji zam\u00f3wienia:<\/strong> nast\u0119pny dzie\u0144 roboczy, aby Tw\u00f3j prezent dotar\u0142 na czas.<\/li>\n<li><strong>Rozmiary:<\/strong> Od 35 do 45, dzi\u0119ki czemu b\u0119d\u0105 idealnie pasowa\u0107 na ka\u017cd\u0105 stop\u0119.<\/li>\n<li><strong>Wysy\u0142ka:<\/strong> Na terenie Polski oraz za granic\u0119 \u2013 pe\u0142na lista dost\u0119pnych kraj\u00f3w znajduje si\u0119 w sekcji <a href=\"https:\/\/pupstersocks.com\/de\/faq\/\">FAQ<\/a>.<\/li>\n<\/ul>\n<h3><strong>Zam\u00f3w ju\u017c dzi\u015b i poka\u017c swoje uczucia w wyj\u0105tkowy spos\u00f3b!<\/strong><\/h3>\n<p>Nie czekaj \u2013 zam\u00f3w <strong>skarpetki personalizowane z Twoj\u0105 twarz\u0105 \u2013 Serca 2<\/strong> ju\u017c dzi\u015b i podaruj prezent, kt\u00f3ry wyr\u00f3\u017cnia si\u0119 romantycznym stylem oraz wysok\u0105 jako\u015bci\u0105. To doskona\u0142y pomys\u0142 na ka\u017cd\u0105 okazj\u0119, kt\u00f3ry na d\u0142ugo pozostanie w pami\u0119ci i wywo\u0142a u\u015bmiech ka\u017cdego dnia.<\/p>\n<\/div>","protected":false},"excerpt":{"rendered":"<p>Personalisierte Socken mit deinem Gesicht oder einem Foto deines Haustiers auf einem Herzen-Hintergrund \u2013 Muster Herzen 2! Das ideale Geschenk f\u00fcr Valentinstag, Jahrestag oder Geburtstagsfeiern. W\u00e4hlen Sie die Farbe, das Muster und die Gr\u00f6\u00dfe, senden Sie uns Ihr Foto und wir k\u00fcmmern uns um den Rest.<\/p>","protected":false},"featured_media":15132,"template":"","meta":[],"product_brand":[],"product_cat":[15,51,52,49,50],"product_tag":[],"class_list":{"0":"post-2827","1":"product","2":"type-product","3":"status-publish","4":"has-post-thumbnail","6":"product_cat-skarpetki-personalizowane","7":"product_cat-milosc","8":"product_cat-przyjazn","9":"product_cat-ludzie","10":"product_cat-urodziny","12":"first","13":"instock","14":"shipping-taxable","15":"purchasable","16":"product-type-simple"},"yoast_head":"<!-- This site is optimized with the Yoast SEO Premium plugin v26.2 (Yoast SEO v27.3) - https:\/\/yoast.com\/product\/yoast-seo-premium-wordpress\/ -->\n<title>Skarpetki personalizowane z Twoj\u0105 twarz\u0105 - Serca 2 - Pupster<\/title>\n<meta name=\"description\" content=\"Zam\u00f3w skarpetki personalizowane z Twoj\u0105 twarz\u0105 \u2013 Serca 2 \u2013 idealny romantyczny prezent na Walentynki, rocznic\u0119 lub urodziny. Sprawd\u017a na PupsterSocks!\" \/>\n<meta name=\"robots\" content=\"index, follow, max-snippet:-1, max-image-preview:large, max-video-preview:-1\" \/>\n<link rel=\"canonical\" href=\"https:\/\/pupstersocks.com\/de\/produkt\/socken-mit-gesicht-herzchen-2\/\" \/>\n<meta property=\"og:locale\" content=\"de_DE\" \/>\n<meta property=\"og:type\" content=\"article\" \/>\n<meta property=\"og:title\" content=\"Skarpetki z Twoj\u0105 twarz\u0105 - serca 2\" \/>\n<meta property=\"og:description\" content=\"Zam\u00f3w skarpetki personalizowane z Twoj\u0105 twarz\u0105 \u2013 Serca 2 \u2013 idealny romantyczny prezent na Walentynki, rocznic\u0119 lub urodziny. Sprawd\u017a na PupsterSocks!\" \/>\n<meta property=\"og:url\" content=\"https:\/\/pupstersocks.com\/de\/produkt\/socken-mit-gesicht-herzchen-2\/\" \/>\n<meta property=\"og:site_name\" content=\"Pupstersocks | Personalizowane skarpetki z Twoim pupilem\" \/>\n<meta property=\"article:publisher\" content=\"https:\/\/www.facebook.com\/pupstersocks\" \/>\n<meta property=\"article:modified_time\" content=\"2026-03-04T00:39:26+00:00\" \/>\n<meta property=\"og:image\" content=\"https:\/\/pupstersocks.com\/wp-content\/uploads\/2022\/01\/mp24-scaled.webp\" \/>\n\t<meta property=\"og:image:width\" content=\"2560\" \/>\n\t<meta property=\"og:image:height\" content=\"2560\" \/>\n\t<meta property=\"og:image:type\" content=\"image\/webp\" \/>\n<meta name=\"twitter:card\" content=\"summary_large_image\" \/>\n<meta name=\"twitter:label1\" content=\"Preis\" \/>\n\t<meta name=\"twitter:data1\" content=\"21.99&nbsp;$\" \/>\n\t<meta name=\"twitter:label2\" content=\"Verf\u00fcgbarkeit\" \/>\n\t<meta name=\"twitter:data2\" content=\"Auf Lager\" \/>\n<script type=\"application\/ld+json\" class=\"yoast-schema-graph\">{\"@context\":\"https:\\\/\\\/schema.org\",\"@graph\":[{\"@type\":\"WebPage\",\"@id\":\"https:\\\/\\\/pupstersocks.com\\\/produkt\\\/skarpetki-z-twarza-serduszka-2\\\/\",\"url\":\"https:\\\/\\\/pupstersocks.com\\\/produkt\\\/skarpetki-z-twarza-serduszka-2\\\/\",\"name\":\"Skarpetki personalizowane z Twoj\u0105 twarz\u0105 - Serca 2 - Pupster\",\"isPartOf\":{\"@id\":\"https:\\\/\\\/pupstersocks.com\\\/#website\"},\"primaryImageOfPage\":{\"@id\":\"https:\\\/\\\/pupstersocks.com\\\/produkt\\\/skarpetki-z-twarza-serduszka-2\\\/#primaryimage\"},\"image\":{\"@id\":\"https:\\\/\\\/pupstersocks.com\\\/produkt\\\/skarpetki-z-twarza-serduszka-2\\\/#primaryimage\"},\"thumbnailUrl\":\"https:\\\/\\\/pupstersocks.com\\\/wp-content\\\/uploads\\\/2022\\\/01\\\/mp24-scaled.webp\",\"datePublished\":\"2022-01-30T22:03:49+00:00\",\"dateModified\":\"2026-03-04T00:39:26+00:00\",\"description\":\"Zam\u00f3w skarpetki personalizowane z Twoj\u0105 twarz\u0105 \u2013 Serca 2 \u2013 idealny romantyczny prezent na Walentynki, rocznic\u0119 lub urodziny. Sprawd\u017a na PupsterSocks!\",\"breadcrumb\":{\"@id\":\"https:\\\/\\\/pupstersocks.com\\\/produkt\\\/skarpetki-z-twarza-serduszka-2\\\/#breadcrumb\"},\"inLanguage\":\"de\",\"potentialAction\":[{\"@type\":\"ReadAction\",\"target\":[\"https:\\\/\\\/pupstersocks.com\\\/produkt\\\/skarpetki-z-twarza-serduszka-2\\\/\"]}]},{\"@type\":\"ImageObject\",\"inLanguage\":\"de\",\"@id\":\"https:\\\/\\\/pupstersocks.com\\\/produkt\\\/skarpetki-z-twarza-serduszka-2\\\/#primaryimage\",\"url\":\"https:\\\/\\\/pupstersocks.com\\\/wp-content\\\/uploads\\\/2022\\\/01\\\/mp24-scaled.webp\",\"contentUrl\":\"https:\\\/\\\/pupstersocks.com\\\/wp-content\\\/uploads\\\/2022\\\/01\\\/mp24-scaled.webp\",\"width\":2560,\"height\":2560},{\"@type\":\"BreadcrumbList\",\"@id\":\"https:\\\/\\\/pupstersocks.com\\\/produkt\\\/skarpetki-z-twarza-serduszka-2\\\/#breadcrumb\",\"itemListElement\":[{\"@type\":\"ListItem\",\"position\":1,\"name\":\"Strona g\u0142\u00f3wna\",\"item\":\"https:\\\/\\\/pupstersocks.com\\\/\"},{\"@type\":\"ListItem\",\"position\":2,\"name\":\"Produkty\",\"item\":\"https:\\\/\\\/pupstersocks.com\\\/shop\\\/\"},{\"@type\":\"ListItem\",\"position\":3,\"name\":\"Skarpetki z Twoj\u0105 twarz\u0105 &#8211; serca 2\"}]},{\"@type\":\"WebSite\",\"@id\":\"https:\\\/\\\/pupstersocks.com\\\/#website\",\"url\":\"https:\\\/\\\/pupstersocks.com\\\/\",\"name\":\"Pupstersocks\",\"description\":\"Skarpetki personalizowane z Twoim nadrukiem!\",\"publisher\":{\"@id\":\"https:\\\/\\\/pupstersocks.com\\\/#organization\"},\"potentialAction\":[{\"@type\":\"SearchAction\",\"target\":{\"@type\":\"EntryPoint\",\"urlTemplate\":\"https:\\\/\\\/pupstersocks.com\\\/?s={search_term_string}\"},\"query-input\":{\"@type\":\"PropertyValueSpecification\",\"valueRequired\":true,\"valueName\":\"search_term_string\"}}],\"inLanguage\":\"de\"},{\"@type\":\"Organization\",\"@id\":\"https:\\\/\\\/pupstersocks.com\\\/#organization\",\"name\":\"Pupstersocks - Skarpetki personalizowane z Twoim nadrukiem!\",\"url\":\"https:\\\/\\\/pupstersocks.com\\\/\",\"logo\":{\"@type\":\"ImageObject\",\"inLanguage\":\"de\",\"@id\":\"https:\\\/\\\/pupstersocks.com\\\/#\\\/schema\\\/logo\\\/image\\\/\",\"url\":\"https:\\\/\\\/pupstersocks.com\\\/wp-content\\\/uploads\\\/2022\\\/06\\\/cropped-favicon_obszar-roboczy-1.png\",\"contentUrl\":\"https:\\\/\\\/pupstersocks.com\\\/wp-content\\\/uploads\\\/2022\\\/06\\\/cropped-favicon_obszar-roboczy-1.png\",\"width\":512,\"height\":512,\"caption\":\"Pupstersocks - Skarpetki personalizowane z Twoim nadrukiem!\"},\"image\":{\"@id\":\"https:\\\/\\\/pupstersocks.com\\\/#\\\/schema\\\/logo\\\/image\\\/\"},\"sameAs\":[\"https:\\\/\\\/www.facebook.com\\\/pupstersocks\",\"https:\\\/\\\/www.instagram.com\\\/pupstersocks\\\/\"]}]}<\/script>\n<meta property=\"product:price:amount\" content=\"21.99\" \/>\n<meta property=\"product:price:currency\" content=\"PLN\" \/>\n<meta property=\"og:availability\" content=\"instock\" \/>\n<meta property=\"product:availability\" content=\"instock\" \/>\n<meta property=\"product:retailer_item_id\" content=\"PS-12\" \/>\n<meta property=\"product:condition\" content=\"new\" \/>\n<!-- \/ Yoast SEO Premium plugin. -->","yoast_head_json":{"title":"Personalisierte Socken mit deinem Gesicht \u2013 Herzen 2 \u2013 Pupster","description":"Bestellen Sie personalisierte Socken mit Ihrem Gesicht \u2013 Herzen 2 \u2013 das ideale romantische Geschenk f\u00fcr Valentinstag, Jahrestag oder Geburtstagsfeiern. Probieren Sie es auf PupsterSocks!","robots":{"index":"index","follow":"follow","max-snippet":"max-snippet:-1","max-image-preview":"max-image-preview:large","max-video-preview":"max-video-preview:-1"},"canonical":"https:\/\/pupstersocks.com\/de\/produkt\/socken-mit-gesicht-herzchen-2\/","og_locale":"de_DE","og_type":"article","og_title":"Skarpetki z Twoj\u0105 twarz\u0105 - serca 2","og_description":"Zam\u00f3w skarpetki personalizowane z Twoj\u0105 twarz\u0105 \u2013 Serca 2 \u2013 idealny romantyczny prezent na Walentynki, rocznic\u0119 lub urodziny. Sprawd\u017a na PupsterSocks!","og_url":"https:\/\/pupstersocks.com\/de\/produkt\/socken-mit-gesicht-herzchen-2\/","og_site_name":"Pupstersocks | Personalizowane skarpetki z Twoim pupilem","article_publisher":"https:\/\/www.facebook.com\/pupstersocks","article_modified_time":"2026-03-04T00:39:26+00:00","og_image":[{"width":2560,"height":2560,"url":"https:\/\/pupstersocks.com\/wp-content\/uploads\/2022\/01\/mp24-scaled.webp","type":"image\/webp"}],"twitter_card":"summary_large_image","twitter_misc":{"Preis":"21.99&nbsp;$","Verf\u00fcgbarkeit":"Auf Lager"},"schema":{"@context":"https:\/\/schema.org","@graph":[{"@type":"WebPage","@id":"https:\/\/pupstersocks.com\/produkt\/skarpetki-z-twarza-serduszka-2\/","url":"https:\/\/pupstersocks.com\/produkt\/skarpetki-z-twarza-serduszka-2\/","name":"Personalisierte Socken mit deinem Gesicht \u2013 Herzen 2 \u2013 Pupster","isPartOf":{"@id":"https:\/\/pupstersocks.com\/#website"},"primaryImageOfPage":{"@id":"https:\/\/pupstersocks.com\/produkt\/skarpetki-z-twarza-serduszka-2\/#primaryimage"},"image":{"@id":"https:\/\/pupstersocks.com\/produkt\/skarpetki-z-twarza-serduszka-2\/#primaryimage"},"thumbnailUrl":"https:\/\/pupstersocks.com\/wp-content\/uploads\/2022\/01\/mp24-scaled.webp","datePublished":"2022-01-30T22:03:49+00:00","dateModified":"2026-03-04T00:39:26+00:00","description":"Bestellen Sie personalisierte Socken mit Ihrem Gesicht \u2013 Herzen 2 \u2013 das ideale romantische Geschenk f\u00fcr Valentinstag, Jahrestag oder Geburtstagsfeiern. Probieren Sie es auf PupsterSocks!","breadcrumb":{"@id":"https:\/\/pupstersocks.com\/produkt\/skarpetki-z-twarza-serduszka-2\/#breadcrumb"},"inLanguage":"de","potentialAction":[{"@type":"ReadAction","target":["https:\/\/pupstersocks.com\/produkt\/skarpetki-z-twarza-serduszka-2\/"]}]},{"@type":"ImageObject","inLanguage":"de","@id":"https:\/\/pupstersocks.com\/produkt\/skarpetki-z-twarza-serduszka-2\/#primaryimage","url":"https:\/\/pupstersocks.com\/wp-content\/uploads\/2022\/01\/mp24-scaled.webp","contentUrl":"https:\/\/pupstersocks.com\/wp-content\/uploads\/2022\/01\/mp24-scaled.webp","width":2560,"height":2560},{"@type":"BreadcrumbList","@id":"https:\/\/pupstersocks.com\/produkt\/skarpetki-z-twarza-serduszka-2\/#breadcrumb","itemListElement":[{"@type":"ListItem","position":1,"name":"Strona g\u0142\u00f3wna","item":"https:\/\/pupstersocks.com\/"},{"@type":"ListItem","position":2,"name":"Produkty","item":"https:\/\/pupstersocks.com\/shop\/"},{"@type":"ListItem","position":3,"name":"Skarpetki z Twoj\u0105 twarz\u0105 &#8211; serca 2"}]},{"@type":"WebSite","@id":"https:\/\/pupstersocks.com\/#website","url":"https:\/\/pupstersocks.com\/","name":"Pupstersocks","description":"Personalisierte Socken mit Ihrem Aufdruck!","publisher":{"@id":"https:\/\/pupstersocks.com\/#organization"},"potentialAction":[{"@type":"SearchAction","target":{"@type":"EntryPoint","urlTemplate":"https:\/\/pupstersocks.com\/?s={search_term_string}"},"query-input":{"@type":"PropertyValueSpecification","valueRequired":true,"valueName":"search_term_string"}}],"inLanguage":"de"},{"@type":"Organization","@id":"https:\/\/pupstersocks.com\/#organization","name":"Pupstersocks - Personalisierte Socken mit Ihrem Aufdruck!","url":"https:\/\/pupstersocks.com\/","logo":{"@type":"ImageObject","inLanguage":"de","@id":"https:\/\/pupstersocks.com\/#\/schema\/logo\/image\/","url":"https:\/\/pupstersocks.com\/wp-content\/uploads\/2022\/06\/cropped-favicon_obszar-roboczy-1.png","contentUrl":"https:\/\/pupstersocks.com\/wp-content\/uploads\/2022\/06\/cropped-favicon_obszar-roboczy-1.png","width":512,"height":512,"caption":"Pupstersocks - Skarpetki personalizowane z Twoim nadrukiem!"},"image":{"@id":"https:\/\/pupstersocks.com\/#\/schema\/logo\/image\/"},"sameAs":["https:\/\/www.facebook.com\/pupstersocks","https:\/\/www.instagram.com\/pupstersocks\/"]}]},"product_price_amount":"21.99","product_price_currency":"PLN","og_availability":"instock","product_availability":"instock","product_retailer_item_id":"PS-12","product_condition":"new"},"_links":{"self":[{"href":"https:\/\/pupstersocks.com\/de\/wp-json\/wp\/v2\/product\/2827","targetHints":{"allow":["GET"]}}],"collection":[{"href":"https:\/\/pupstersocks.com\/de\/wp-json\/wp\/v2\/product"}],"about":[{"href":"https:\/\/pupstersocks.com\/de\/wp-json\/wp\/v2\/types\/product"}],"version-history":[{"count":1,"href":"https:\/\/pupstersocks.com\/de\/wp-json\/wp\/v2\/product\/2827\/revisions"}],"predecessor-version":[{"id":15133,"href":"https:\/\/pupstersocks.com\/de\/wp-json\/wp\/v2\/product\/2827\/revisions\/15133"}],"wp:featuredmedia":[{"embeddable":true,"href":"https:\/\/pupstersocks.com\/de\/wp-json\/wp\/v2\/media\/15132"}],"wp:attachment":[{"href":"https:\/\/pupstersocks.com\/de\/wp-json\/wp\/v2\/media?parent=2827"}],"wp:term":[{"taxonomy":"product_brand","embeddable":true,"href":"https:\/\/pupstersocks.com\/de\/wp-json\/wp\/v2\/product_brand?post=2827"},{"taxonomy":"product_cat","embeddable":true,"href":"https:\/\/pupstersocks.com\/de\/wp-json\/wp\/v2\/product_cat?post=2827"},{"taxonomy":"product_tag","embeddable":true,"href":"https:\/\/pupstersocks.com\/de\/wp-json\/wp\/v2\/product_tag?post=2827"}],"curies":[{"name":"wp","href":"https:\/\/api.w.org\/{rel}","templated":true}]}}