{"id":1303,"date":"2022-01-17T15:45:28","date_gmt":"2022-01-17T14:45:28","guid":{"rendered":"https:\/\/pupstersocks.com\/?post_type=product&#038;p=1303"},"modified":"2026-03-04T01:39:27","modified_gmt":"2026-03-04T00:39:27","slug":"chorapi-lista","status":"publish","type":"product","link":"https:\/\/pupstersocks.com\/bg\/produkt\/chorapi-lista\/","title":{"rendered":"\u0427\u043e\u0440\u0430\u043f\u0438 \u0441 \u0432\u0430\u0448\u0435\u0442\u043e \u043b\u0438\u0446\u0435 \u2013 \u041b\u0438\u0441\u0442\u0430"},"content":{"rendered":"<div class=\"translation-block\">\n<p><strong>Skarpetki personalizowane z Twoj\u0105 twarz\u0105 \u2013 Li\u015bcie \u2013 naturalny i oryginalny prezent!<\/strong><\/p>\n<p>Szukasz wyj\u0105tkowego dodatku, kt\u00f3ry wyr\u00f3\u017cni Ci\u0119 w t\u0142umie? <strong>Skarpetki personalizowane z Twoj\u0105 twarz\u0105 \u2013 Li\u015bcie<\/strong> to doskona\u0142y wyb\u00f3r dla ka\u017cdego, kto ceni unikalne rozwi\u0105zania inspirowane natur\u0105. Dzi\u0119ki wysokiej jako\u015bci wykonaniu oraz personalizowanemu nadrukowi te skarpetki sprawdz\u0105 si\u0119 zar\u00f3wno jako codzienny dodatek, jak i nietypowy prezent.<\/p>\n<h3><strong>Dlaczego warto wybra\u0107 nasze skarpetki personalizowane z Twoj\u0105 twarz\u0105 \u2013 Li\u015bcie?<\/strong><\/h3>\n<p>Skarpetki te s\u0105 idealnym po\u0142\u0105czeniem stylu, jako\u015bci oraz trwa\u0142o\u015bci. Dlatego b\u0119d\u0105 \u015bwietnym wyborem dla ka\u017cdego mi\u0142o\u015bnika przyrody i unikalnych dodatk\u00f3w.<\/p>\n<h4><strong>Trwa\u0142o\u015b\u0107 i stylowy wygl\u0105d<\/strong><\/h4>\n<ul>\n<li>Wykonane z wysokiej jako\u015bci materia\u0142\u00f3w, kt\u00f3re s\u0105 trwa\u0142e oraz wygodne \u2013 doskona\u0142e do codziennego u\u017cytku.<\/li>\n<li>Wyj\u0105tkowy nadruk z Twoj\u0105 twarz\u0105 lub zdj\u0119ciem pupila, na tle wzoru li\u015bci, sprawia, \u017ce s\u0105 jedyne w swoim rodzaju.<\/li>\n<li>To idealny pomys\u0142 na prezent, poniewa\u017c \u0142\u0105czy oryginalny design z praktyczno\u015bci\u0105, co czyni je wyj\u0105tkowym dodatkiem.<\/li>\n<\/ul>\n<h3><strong>Jak zam\u00f3wi\u0107 personalizowane skarpetki z li\u015b\u0107mi?<\/strong><\/h3>\n<ol>\n<li>Wybierz rozmiar.<\/li>\n<li>Prze\u015blij zdj\u0119cie \u2013 Twojej twarzy lub pupila \u2013 do personalizacji.<\/li>\n<li>Poczekaj na wyj\u0105tkowe skarpetki, kt\u00f3re dostarczymy prosto do Twojego domu.<\/li>\n<\/ol>\n<p>Proces zamawiania jest szybki i prosty, dlatego ju\u017c wkr\u00f3tce mo\u017cesz cieszy\u0107 si\u0119 personalizowanym produktem, kt\u00f3ry zachwyci ka\u017cdego. Co wi\u0119cej, je\u015bli masz pytania, zawsze s\u0142u\u017cymy pomoc\u0105, poniewa\u017c zale\u017cy nam na Twojej satysfakcji!<\/p>\n<h3><strong>Dodatkowe informacje o naszych skarpetkach:<\/strong><\/h3>\n<ul>\n<li><strong>Czas realizacji zam\u00f3wienia:<\/strong> nast\u0119pny dzie\u0144 roboczy, dzi\u0119ki czemu Tw\u00f3j prezent dotrze na czas.<\/li>\n<li><strong>Rozmiary:<\/strong> Od 35 do 45, dlatego b\u0119d\u0105 idealnie pasowa\u0107 na ka\u017cd\u0105 stop\u0119.<\/li>\n<li><strong>Wysy\u0142ka:<\/strong> Na terenie Polski oraz za granic\u0119 \u2013 pe\u0142na lista dost\u0119pnych kraj\u00f3w znajduje si\u0119 w sekcji <a href=\"https:\/\/pupstersocks.com\/bg\/faq\/\">FAQ<\/a>.<\/li>\n<\/ul>\n<h3><strong>Zam\u00f3w ju\u017c dzi\u015b i stw\u00f3rz naturalny dodatek pe\u0142en oryginalno\u015bci!<\/strong><\/h3>\n<p>Nie czekaj \u2013 zam\u00f3w <strong>skarpetki personalizowane z Twoj\u0105 twarz\u0105 \u2013 Li\u015bcie<\/strong> ju\u017c dzi\u015b i podaruj sobie lub bliskim produkt, kt\u00f3ry wyr\u00f3\u017cnia si\u0119 stylem oraz jako\u015bci\u0105. To doskona\u0142y pomys\u0142 na prezent, kt\u00f3ry zachwyci ka\u017cdego mi\u0142o\u015bnika przyrody i na d\u0142ugo pozostanie w pami\u0119ci.<\/p>\n<\/div>","protected":false},"excerpt":{"rendered":"<p>\u041f\u0435\u0440\u0441\u043e\u043d\u0430\u043b\u0438\u0437\u0438\u0440\u0430\u043d\u0438 \u0447\u043e\u0440\u0430\u043f\u0438 \u0441 \u0432\u0430\u0448\u0435\u0442\u043e \u043b\u0438\u0446\u0435 \u0438\u043b\u0438 \u0441\u043d\u0438\u043c\u043a\u0430 \u043d\u0430 \u0432\u0430\u0448\u0438\u044f \u0434\u043e\u043c\u0430\u0448\u0435\u043d \u043b\u044e\u0431\u0438\u043c\u0435\u0446 \u043d\u0430 \u0444\u043e\u043d \u0441 \u043b\u0438\u0441\u0442\u0430! \u0415\u0441\u0442\u0435\u0441\u0442\u0432\u0435\u043d \u0438 \u043e\u0440\u0438\u0433\u0438\u043d\u0430\u043b\u0435\u043d \u0430\u043a\u0441\u0435\u0441\u043e\u0430\u0440, \u0438\u0434\u0435\u0430\u043b\u0435\u043d \u0437\u0430 \u043f\u043e\u0434\u0430\u0440\u044a\u043a. \u0418\u0437\u0431\u0435\u0440\u0435\u0442\u0435 \u0446\u0432\u044f\u0442, \u043c\u043e\u0434\u0435\u043b \u0438 \u0440\u0430\u0437\u043c\u0435\u0440, \u0438\u0437\u043f\u0440\u0430\u0442\u0435\u0442\u0435 \u0441\u043d\u0438\u043c\u043a\u0430 \u0438 \u043d\u0438\u0435 \u0449\u0435 \u0441\u0435 \u043f\u043e\u0433\u0440\u0438\u0436\u0438\u043c \u0437\u0430 \u043e\u0441\u0442\u0430\u043d\u0430\u043b\u043e\u0442\u043e.<\/p>","protected":false},"featured_media":15130,"template":"","meta":[],"product_brand":[],"product_cat":[53],"product_tag":[],"class_list":{"0":"post-1303","1":"product","2":"type-product","3":"status-publish","4":"has-post-thumbnail","6":"product_cat-inne-wzory","8":"first","9":"instock","10":"shipping-taxable","11":"purchasable","12":"product-type-simple"},"yoast_head":"<!-- This site is optimized with the Yoast SEO Premium plugin v26.2 (Yoast SEO v27.3) - https:\/\/yoast.com\/product\/yoast-seo-premium-wordpress\/ -->\n<title>Skarpetki personalizowane z Twoj\u0105 twarz\u0105 \u2013 Li\u015bcie - PupsterSocks<\/title>\n<meta name=\"description\" content=\"Zam\u00f3w skarpetki personalizowane z Twoj\u0105 twarz\u0105 \u2013 Li\u015bcie lub wizerunkiem pupila. Idealny naturalny prezent na ka\u017cd\u0105 okazj\u0119! Sprawd\u017a na PupsterSocks!\" \/>\n<meta name=\"robots\" content=\"index, follow, max-snippet:-1, max-image-preview:large, max-video-preview:-1\" \/>\n<link rel=\"canonical\" href=\"https:\/\/pupstersocks.com\/bg\/produkt\/chorapi-lista\/\" \/>\n<meta property=\"og:locale\" content=\"bg_BG\" \/>\n<meta property=\"og:type\" content=\"article\" \/>\n<meta property=\"og:title\" content=\"Skarpetki z Twoj\u0105 twarz\u0105 - Li\u015bcie\" \/>\n<meta property=\"og:description\" content=\"Zam\u00f3w skarpetki personalizowane z Twoj\u0105 twarz\u0105 \u2013 Li\u015bcie lub wizerunkiem pupila. Idealny naturalny prezent na ka\u017cd\u0105 okazj\u0119! Sprawd\u017a na PupsterSocks!\" \/>\n<meta property=\"og:url\" content=\"https:\/\/pupstersocks.com\/bg\/produkt\/chorapi-lista\/\" \/>\n<meta property=\"og:site_name\" content=\"Pupstersocks | Personalizowane skarpetki z Twoim pupilem\" \/>\n<meta property=\"article:publisher\" content=\"https:\/\/www.facebook.com\/pupstersocks\" \/>\n<meta property=\"article:modified_time\" content=\"2026-03-04T00:39:27+00:00\" \/>\n<meta property=\"og:image\" content=\"https:\/\/pupstersocks.com\/wp-content\/uploads\/2022\/01\/mp25-scaled.webp\" \/>\n\t<meta property=\"og:image:width\" content=\"2560\" \/>\n\t<meta property=\"og:image:height\" content=\"2560\" \/>\n\t<meta property=\"og:image:type\" content=\"image\/webp\" \/>\n<meta name=\"twitter:card\" content=\"summary_large_image\" \/>\n<meta name=\"twitter:label1\" content=\"Price\" \/>\n\t<meta name=\"twitter:data1\" content=\"21.99&nbsp;$\" \/>\n\t<meta name=\"twitter:label2\" content=\"Availability\" \/>\n\t<meta name=\"twitter:data2\" content=\"In stock\" \/>\n<script type=\"application\/ld+json\" class=\"yoast-schema-graph\">{\"@context\":\"https:\\\/\\\/schema.org\",\"@graph\":[{\"@type\":\"WebPage\",\"@id\":\"https:\\\/\\\/pupstersocks.com\\\/produkt\\\/skarpetki-liscie\\\/\",\"url\":\"https:\\\/\\\/pupstersocks.com\\\/produkt\\\/skarpetki-liscie\\\/\",\"name\":\"Skarpetki personalizowane z Twoj\u0105 twarz\u0105 \u2013 Li\u015bcie - PupsterSocks\",\"isPartOf\":{\"@id\":\"https:\\\/\\\/pupstersocks.com\\\/#website\"},\"primaryImageOfPage\":{\"@id\":\"https:\\\/\\\/pupstersocks.com\\\/produkt\\\/skarpetki-liscie\\\/#primaryimage\"},\"image\":{\"@id\":\"https:\\\/\\\/pupstersocks.com\\\/produkt\\\/skarpetki-liscie\\\/#primaryimage\"},\"thumbnailUrl\":\"https:\\\/\\\/pupstersocks.com\\\/wp-content\\\/uploads\\\/2022\\\/01\\\/mp25-scaled.webp\",\"datePublished\":\"2022-01-17T14:45:28+00:00\",\"dateModified\":\"2026-03-04T00:39:27+00:00\",\"description\":\"Zam\u00f3w skarpetki personalizowane z Twoj\u0105 twarz\u0105 \u2013 Li\u015bcie lub wizerunkiem pupila. Idealny naturalny prezent na ka\u017cd\u0105 okazj\u0119! Sprawd\u017a na PupsterSocks!\",\"breadcrumb\":{\"@id\":\"https:\\\/\\\/pupstersocks.com\\\/produkt\\\/skarpetki-liscie\\\/#breadcrumb\"},\"inLanguage\":\"bg-BG\",\"potentialAction\":[{\"@type\":\"ReadAction\",\"target\":[\"https:\\\/\\\/pupstersocks.com\\\/produkt\\\/skarpetki-liscie\\\/\"]}]},{\"@type\":\"ImageObject\",\"inLanguage\":\"bg-BG\",\"@id\":\"https:\\\/\\\/pupstersocks.com\\\/produkt\\\/skarpetki-liscie\\\/#primaryimage\",\"url\":\"https:\\\/\\\/pupstersocks.com\\\/wp-content\\\/uploads\\\/2022\\\/01\\\/mp25-scaled.webp\",\"contentUrl\":\"https:\\\/\\\/pupstersocks.com\\\/wp-content\\\/uploads\\\/2022\\\/01\\\/mp25-scaled.webp\",\"width\":2560,\"height\":2560},{\"@type\":\"BreadcrumbList\",\"@id\":\"https:\\\/\\\/pupstersocks.com\\\/produkt\\\/skarpetki-liscie\\\/#breadcrumb\",\"itemListElement\":[{\"@type\":\"ListItem\",\"position\":1,\"name\":\"Strona g\u0142\u00f3wna\",\"item\":\"https:\\\/\\\/pupstersocks.com\\\/\"},{\"@type\":\"ListItem\",\"position\":2,\"name\":\"Produkty\",\"item\":\"https:\\\/\\\/pupstersocks.com\\\/shop\\\/\"},{\"@type\":\"ListItem\",\"position\":3,\"name\":\"Skarpetki z Twoj\u0105 twarz\u0105 &#8211; Li\u015bcie\"}]},{\"@type\":\"WebSite\",\"@id\":\"https:\\\/\\\/pupstersocks.com\\\/#website\",\"url\":\"https:\\\/\\\/pupstersocks.com\\\/\",\"name\":\"Pupstersocks\",\"description\":\"Skarpetki personalizowane z Twoim nadrukiem!\",\"publisher\":{\"@id\":\"https:\\\/\\\/pupstersocks.com\\\/#organization\"},\"potentialAction\":[{\"@type\":\"SearchAction\",\"target\":{\"@type\":\"EntryPoint\",\"urlTemplate\":\"https:\\\/\\\/pupstersocks.com\\\/?s={search_term_string}\"},\"query-input\":{\"@type\":\"PropertyValueSpecification\",\"valueRequired\":true,\"valueName\":\"search_term_string\"}}],\"inLanguage\":\"bg-BG\"},{\"@type\":\"Organization\",\"@id\":\"https:\\\/\\\/pupstersocks.com\\\/#organization\",\"name\":\"Pupstersocks - Skarpetki personalizowane z Twoim nadrukiem!\",\"url\":\"https:\\\/\\\/pupstersocks.com\\\/\",\"logo\":{\"@type\":\"ImageObject\",\"inLanguage\":\"bg-BG\",\"@id\":\"https:\\\/\\\/pupstersocks.com\\\/#\\\/schema\\\/logo\\\/image\\\/\",\"url\":\"https:\\\/\\\/pupstersocks.com\\\/wp-content\\\/uploads\\\/2022\\\/06\\\/cropped-favicon_obszar-roboczy-1.png\",\"contentUrl\":\"https:\\\/\\\/pupstersocks.com\\\/wp-content\\\/uploads\\\/2022\\\/06\\\/cropped-favicon_obszar-roboczy-1.png\",\"width\":512,\"height\":512,\"caption\":\"Pupstersocks - Skarpetki personalizowane z Twoim nadrukiem!\"},\"image\":{\"@id\":\"https:\\\/\\\/pupstersocks.com\\\/#\\\/schema\\\/logo\\\/image\\\/\"},\"sameAs\":[\"https:\\\/\\\/www.facebook.com\\\/pupstersocks\",\"https:\\\/\\\/www.instagram.com\\\/pupstersocks\\\/\"]}]}<\/script>\n<meta property=\"product:price:amount\" content=\"21.99\" \/>\n<meta property=\"product:price:currency\" content=\"PLN\" \/>\n<meta property=\"og:availability\" content=\"instock\" \/>\n<meta property=\"product:availability\" content=\"instock\" \/>\n<meta property=\"product:retailer_item_id\" content=\"PS-11\" \/>\n<meta property=\"product:condition\" content=\"new\" \/>\n<!-- \/ Yoast SEO Premium plugin. -->","yoast_head_json":{"title":"\u041f\u0435\u0440\u0441\u043e\u043d\u0430\u043b\u0438\u0437\u0438\u0440\u0430\u043d\u0438 \u0447\u043e\u0440\u0430\u043f\u0438 \u0441 \u0432\u0430\u0448\u0435\u0442\u043e \u043b\u0438\u0446\u0435 \u2013 \u041b\u0438\u0441\u0442\u0430 - PupsterSocks","description":"\u041f\u043e\u0440\u044a\u0447\u0430\u0439\u0442\u0435 \u043f\u0435\u0440\u0441\u043e\u043d\u0430\u043b\u0438\u0437\u0438\u0440\u0430\u043d\u0438 \u0447\u043e\u0440\u0430\u043f\u0438 \u0441 \u0432\u0430\u0448\u0435\u0442\u043e \u043b\u0438\u0446\u0435 \u2013 \u041b\u0438\u0441\u0442\u0430 \u0438\u043b\u0438 \u0441\u044a\u0441 \u0441\u043d\u0438\u043c\u043a\u0430 \u043d\u0430 \u0432\u0430\u0448\u0438\u044f \u0434\u043e\u043c\u0430\u0448\u0435\u043d \u043b\u044e\u0431\u0438\u043c\u0435\u0446. \u041f\u0435\u0440\u0444\u0435\u043a\u0442\u043d\u0438\u044f\u0442 \u0435\u0441\u0442\u0435\u0441\u0442\u0432\u0435\u043d \u043f\u043e\u0434\u0430\u0440\u044a\u043a \u0437\u0430 \u0432\u0441\u0435\u043a\u0438 \u043f\u043e\u0432\u043e\u0434! \u0420\u0430\u0437\u0433\u043b\u0435\u0434\u0430\u0439\u0442\u0435 \u043d\u0430 PupsterSocks!","robots":{"index":"index","follow":"follow","max-snippet":"max-snippet:-1","max-image-preview":"max-image-preview:large","max-video-preview":"max-video-preview:-1"},"canonical":"https:\/\/pupstersocks.com\/bg\/produkt\/chorapi-lista\/","og_locale":"bg_BG","og_type":"article","og_title":"Skarpetki z Twoj\u0105 twarz\u0105 - Li\u015bcie","og_description":"Zam\u00f3w skarpetki personalizowane z Twoj\u0105 twarz\u0105 \u2013 Li\u015bcie lub wizerunkiem pupila. Idealny naturalny prezent na ka\u017cd\u0105 okazj\u0119! Sprawd\u017a na PupsterSocks!","og_url":"https:\/\/pupstersocks.com\/bg\/produkt\/chorapi-lista\/","og_site_name":"Pupstersocks | Personalizowane skarpetki z Twoim pupilem","article_publisher":"https:\/\/www.facebook.com\/pupstersocks","article_modified_time":"2026-03-04T00:39:27+00:00","og_image":[{"width":2560,"height":2560,"url":"https:\/\/pupstersocks.com\/wp-content\/uploads\/2022\/01\/mp25-scaled.webp","type":"image\/webp"}],"twitter_card":"summary_large_image","twitter_misc":{"Price":"21.99&nbsp;$","Availability":"In stock"},"schema":{"@context":"https:\/\/schema.org","@graph":[{"@type":"WebPage","@id":"https:\/\/pupstersocks.com\/produkt\/skarpetki-liscie\/","url":"https:\/\/pupstersocks.com\/produkt\/skarpetki-liscie\/","name":"\u041f\u0435\u0440\u0441\u043e\u043d\u0430\u043b\u0438\u0437\u0438\u0440\u0430\u043d\u0438 \u0447\u043e\u0440\u0430\u043f\u0438 \u0441 \u0432\u0430\u0448\u0435\u0442\u043e \u043b\u0438\u0446\u0435 \u2013 \u041b\u0438\u0441\u0442\u0430 - PupsterSocks","isPartOf":{"@id":"https:\/\/pupstersocks.com\/#website"},"primaryImageOfPage":{"@id":"https:\/\/pupstersocks.com\/produkt\/skarpetki-liscie\/#primaryimage"},"image":{"@id":"https:\/\/pupstersocks.com\/produkt\/skarpetki-liscie\/#primaryimage"},"thumbnailUrl":"https:\/\/pupstersocks.com\/wp-content\/uploads\/2022\/01\/mp25-scaled.webp","datePublished":"2022-01-17T14:45:28+00:00","dateModified":"2026-03-04T00:39:27+00:00","description":"\u041f\u043e\u0440\u044a\u0447\u0430\u0439\u0442\u0435 \u043f\u0435\u0440\u0441\u043e\u043d\u0430\u043b\u0438\u0437\u0438\u0440\u0430\u043d\u0438 \u0447\u043e\u0440\u0430\u043f\u0438 \u0441 \u0432\u0430\u0448\u0435\u0442\u043e \u043b\u0438\u0446\u0435 \u2013 \u041b\u0438\u0441\u0442\u0430 \u0438\u043b\u0438 \u0441\u044a\u0441 \u0441\u043d\u0438\u043c\u043a\u0430 \u043d\u0430 \u0432\u0430\u0448\u0438\u044f \u0434\u043e\u043c\u0430\u0448\u0435\u043d \u043b\u044e\u0431\u0438\u043c\u0435\u0446. \u041f\u0435\u0440\u0444\u0435\u043a\u0442\u043d\u0438\u044f\u0442 \u0435\u0441\u0442\u0435\u0441\u0442\u0432\u0435\u043d \u043f\u043e\u0434\u0430\u0440\u044a\u043a \u0437\u0430 \u0432\u0441\u0435\u043a\u0438 \u043f\u043e\u0432\u043e\u0434! \u0420\u0430\u0437\u0433\u043b\u0435\u0434\u0430\u0439\u0442\u0435 \u043d\u0430 PupsterSocks!","breadcrumb":{"@id":"https:\/\/pupstersocks.com\/produkt\/skarpetki-liscie\/#breadcrumb"},"inLanguage":"bg-BG","potentialAction":[{"@type":"ReadAction","target":["https:\/\/pupstersocks.com\/produkt\/skarpetki-liscie\/"]}]},{"@type":"ImageObject","inLanguage":"bg-BG","@id":"https:\/\/pupstersocks.com\/produkt\/skarpetki-liscie\/#primaryimage","url":"https:\/\/pupstersocks.com\/wp-content\/uploads\/2022\/01\/mp25-scaled.webp","contentUrl":"https:\/\/pupstersocks.com\/wp-content\/uploads\/2022\/01\/mp25-scaled.webp","width":2560,"height":2560},{"@type":"BreadcrumbList","@id":"https:\/\/pupstersocks.com\/produkt\/skarpetki-liscie\/#breadcrumb","itemListElement":[{"@type":"ListItem","position":1,"name":"Strona g\u0142\u00f3wna","item":"https:\/\/pupstersocks.com\/"},{"@type":"ListItem","position":2,"name":"Produkty","item":"https:\/\/pupstersocks.com\/shop\/"},{"@type":"ListItem","position":3,"name":"Skarpetki z Twoj\u0105 twarz\u0105 &#8211; Li\u015bcie"}]},{"@type":"WebSite","@id":"https:\/\/pupstersocks.com\/#website","url":"https:\/\/pupstersocks.com\/","name":"Pupstersocks","description":"\u041f\u0435\u0440\u0441\u043e\u043d\u0430\u043b\u0438\u0437\u0438\u0440\u0430\u043d\u0438 \u0447\u043e\u0440\u0430\u043f\u0438 \u0441 \u0432\u0430\u0448\u0438\u044f \u043f\u0435\u0447\u0430\u0442!","publisher":{"@id":"https:\/\/pupstersocks.com\/#organization"},"potentialAction":[{"@type":"SearchAction","target":{"@type":"EntryPoint","urlTemplate":"https:\/\/pupstersocks.com\/?s={search_term_string}"},"query-input":{"@type":"PropertyValueSpecification","valueRequired":true,"valueName":"search_term_string"}}],"inLanguage":"bg-BG"},{"@type":"Organization","@id":"https:\/\/pupstersocks.com\/#organization","name":"Pupstersocks - \u041f\u0435\u0440\u0441\u043e\u043d\u0430\u043b\u0438\u0437\u0438\u0440\u0430\u043d\u0438 \u0447\u043e\u0440\u0430\u043f\u0438 \u0441 \u0432\u0430\u0448\u0438\u044f \u043f\u0435\u0447\u0430\u0442!","url":"https:\/\/pupstersocks.com\/","logo":{"@type":"ImageObject","inLanguage":"bg-BG","@id":"https:\/\/pupstersocks.com\/#\/schema\/logo\/image\/","url":"https:\/\/pupstersocks.com\/wp-content\/uploads\/2022\/06\/cropped-favicon_obszar-roboczy-1.png","contentUrl":"https:\/\/pupstersocks.com\/wp-content\/uploads\/2022\/06\/cropped-favicon_obszar-roboczy-1.png","width":512,"height":512,"caption":"Pupstersocks - Skarpetki personalizowane z Twoim nadrukiem!"},"image":{"@id":"https:\/\/pupstersocks.com\/#\/schema\/logo\/image\/"},"sameAs":["https:\/\/www.facebook.com\/pupstersocks","https:\/\/www.instagram.com\/pupstersocks\/"]}]},"product_price_amount":"21.99","product_price_currency":"PLN","og_availability":"instock","product_availability":"instock","product_retailer_item_id":"PS-11","product_condition":"new"},"_links":{"self":[{"href":"https:\/\/pupstersocks.com\/bg\/wp-json\/wp\/v2\/product\/1303","targetHints":{"allow":["GET"]}}],"collection":[{"href":"https:\/\/pupstersocks.com\/bg\/wp-json\/wp\/v2\/product"}],"about":[{"href":"https:\/\/pupstersocks.com\/bg\/wp-json\/wp\/v2\/types\/product"}],"version-history":[{"count":1,"href":"https:\/\/pupstersocks.com\/bg\/wp-json\/wp\/v2\/product\/1303\/revisions"}],"predecessor-version":[{"id":15131,"href":"https:\/\/pupstersocks.com\/bg\/wp-json\/wp\/v2\/product\/1303\/revisions\/15131"}],"wp:featuredmedia":[{"embeddable":true,"href":"https:\/\/pupstersocks.com\/bg\/wp-json\/wp\/v2\/media\/15130"}],"wp:attachment":[{"href":"https:\/\/pupstersocks.com\/bg\/wp-json\/wp\/v2\/media?parent=1303"}],"wp:term":[{"taxonomy":"product_brand","embeddable":true,"href":"https:\/\/pupstersocks.com\/bg\/wp-json\/wp\/v2\/product_brand?post=1303"},{"taxonomy":"product_cat","embeddable":true,"href":"https:\/\/pupstersocks.com\/bg\/wp-json\/wp\/v2\/product_cat?post=1303"},{"taxonomy":"product_tag","embeddable":true,"href":"https:\/\/pupstersocks.com\/bg\/wp-json\/wp\/v2\/product_tag?post=1303"}],"curies":[{"name":"wp","href":"https:\/\/api.w.org\/{rel}","templated":true}]}}